{"id":286951,"date":"2023-10-25T07:08:13","date_gmt":"2023-10-25T05:08:13","guid":{"rendered":"https:\/\/www.huntersfriend.eu\/product\/huntworth-performance-fleece-balaclava-2\/"},"modified":"2025-08-26T14:28:42","modified_gmt":"2025-08-26T12:28:42","slug":"huntworth-performance-fleece-balaclava-2","status":"publish","type":"product","link":"https:\/\/www.huntersfriend.eu\/sv\/produkt\/huntworth-performance-fleece-balaclava-2\/","title":{"rendered":"Huntworth performance fleece balaclava"},"content":{"rendered":"<p><strong>Rawline, den v\u00e4ndbara, kraftiga balaclavan i Disruption<\/strong> \u00e4r idealisk f\u00f6r sena, kalla jakter n\u00e4r sn\u00f6n b\u00f6rjar falla. Sn\u00f6camouflagem\u00f6nstret \u00e4r designat med ett vintervitt m\u00f6nster och balaclavan \u00e4r tillverkad av tyst, stretchigt performancefleece behandlat med en DWR-finish f\u00f6r att st\u00f6ta bort l\u00e4tt fukt. <\/p>\n<p>Insidan \u00e4r helt fodrad med tjock, svart antipillingfleece. Den ledade halsen kan stoppas in i en jacka f\u00f6r extra skydd. Det stretchiga fleecetyget och den \u00e5tsittande konstruktionen s\u00e4kerst\u00e4ller att balaclavan f\u00f6ljer huvudets r\u00f6relser och ger fullt synf\u00e4lt.  <\/p>\n<p>B\u00e4r camouflagesidan ut\u00e5t n\u00e4r du jagar \u2013 eller v\u00e4nd den till den svarta sidan f\u00f6r jakt fr\u00e5n g\u00f6msle eller andra vintersporter. Oavsett hur du b\u00e4r den skyddar sn\u00f6camouflagem\u00f6nstret dig fr\u00e5n kalla vinterelement. <\/p>\n<ul>\n<li><strong>Yttertyg:<\/strong> Smidig, stretchig performancefleece i fyra riktningar<\/li>\n<li><strong>DWR:<\/strong> Slitstark vattenavvisande (DWR)-finish p\u00e5 camouflagem\u00f6nstrad tygyta som st\u00f6ter bort fukt och l\u00e4tt sn\u00f6<\/li>\n<li><strong>Foder:<\/strong> Tjock antipillingfleece i svart<\/li>\n<li><strong>Speciell funktion:<\/strong> V\u00e4ndbar till svart<\/li>\n<\/ul>\n","protected":false},"excerpt":{"rendered":"<p>Rawline, den v\u00e4ndbara, kraftiga balaclavan i Disruption \u00e4r idealisk f\u00f6r sena, kalla jakter n\u00e4r sn\u00f6n b\u00f6rjar falla. Sn\u00f6camouflagem\u00f6nstret \u00e4r designat med ett vintervitt m\u00f6nster och balaclavan \u00e4r tillverkad av tyst, stretchigt performancefleece behandlat med en DWR-finish f\u00f6r att st\u00f6ta bort l\u00e4tt fukt. Insidan \u00e4r helt fodrad med tjock, svart antipillingfleece. Den ledade halsen kan stoppas [&#8230;]\n","protected":false},"featured_media":256404,"comment_status":"open","ping_status":"closed","template":"","meta":[],"product_brand":[],"product_cat":[2716],"product_tag":[],"class_list":{"0":"post-286951","1":"product","2":"type-product","3":"status-publish","4":"has-post-thumbnail","6":"product_cat-hattar-och-huvudbonader","8":"first","9":"outofstock","10":"taxable","11":"shipping-taxable","12":"purchasable","13":"product-type-simple"},"composite_virtual":false,"composite_layout":"","composite_add_to_cart_form_location":"","composite_editable_in_cart":false,"composite_sold_individually_context":"","composite_shop_price_calc":"","composite_components":[],"composite_scenarios":[],"group_of_quantity":0,"min_quantity":0,"max_quantity":"","exclude_order_quantity_value_rules":"no","exclude_category_quantity_rules":"no","combine_variations":"no","exclude_global_add_ons":[],"addons":[],"_links":{"self":[{"href":"https:\/\/www.huntersfriend.eu\/sv\/wp-json\/wp\/v2\/product\/286951","targetHints":{"allow":["GET"]}}],"collection":[{"href":"https:\/\/www.huntersfriend.eu\/sv\/wp-json\/wp\/v2\/product"}],"about":[{"href":"https:\/\/www.huntersfriend.eu\/sv\/wp-json\/wp\/v2\/types\/product"}],"replies":[{"embeddable":true,"href":"https:\/\/www.huntersfriend.eu\/sv\/wp-json\/wp\/v2\/comments?post=286951"}],"wp:featuredmedia":[{"embeddable":true,"href":"https:\/\/www.huntersfriend.eu\/sv\/wp-json\/wp\/v2\/media\/256404"}],"wp:attachment":[{"href":"https:\/\/www.huntersfriend.eu\/sv\/wp-json\/wp\/v2\/media?parent=286951"}],"wp:term":[{"taxonomy":"product_brand","embeddable":true,"href":"https:\/\/www.huntersfriend.eu\/sv\/wp-json\/wp\/v2\/product_brand?post=286951"},{"taxonomy":"product_cat","embeddable":true,"href":"https:\/\/www.huntersfriend.eu\/sv\/wp-json\/wp\/v2\/product_cat?post=286951"},{"taxonomy":"product_tag","embeddable":true,"href":"https:\/\/www.huntersfriend.eu\/sv\/wp-json\/wp\/v2\/product_tag?post=286951"}],"curies":[{"name":"wp","href":"https:\/\/api.w.org\/{rel}","templated":true}]}}