{"id":286944,"date":"2023-11-29T11:26:08","date_gmt":"2023-11-29T09:26:08","guid":{"rendered":"https:\/\/www.huntersfriend.eu\/product\/final-approach-xlandr-layout-blind-2\/"},"modified":"2025-08-26T14:28:22","modified_gmt":"2025-08-26T12:28:22","slug":"final-approach-xlandr-layout-blind-2","status":"publish","type":"product","link":"https:\/\/www.huntersfriend.eu\/sv\/produkt\/final-approach-xlandr-layout-blind-2\/","title":{"rendered":"Final approach x&#8217;land&#8217;r layout blind"},"content":{"rendered":"<p>Detta har varit en favorit \u00e4nda sedan starten. Original X-Land\u2019r \u00e4r k\u00e4nd f\u00f6r att vara det l\u00e4gsta liggt\u00e4ltet p\u00e5 marknaden, samtidigt som det ger gott om skydd fr\u00e5n omgivningen. Den enkla anv\u00e4ndningen och den l\u00e5ga vikten g\u00f6r detta t\u00e4lt till ett utm\u00e4rkt val. Det st\u00f6dda kn\u00e4st\u00f6det, ryggst\u00f6det och de strukturerade d\u00f6rrarna g\u00f6r att detta l\u00e5ga t\u00e4lt sticker ut fr\u00e5n m\u00e4ngden.   <\/p>\n<h2>FUNKTIONER<\/h2>\n<ul>\n<li>L\u00e5gt liggt\u00e4lt med minimal ram f\u00f6r dig som \u00e4r seri\u00f6s med att d\u00f6lja din n\u00e4rvaro i f\u00e4ltet.<\/li>\n<li>Ryggs\u00e4cksremmar f\u00f6r att h\u00e5lla h\u00e4nderna fria n\u00e4r du packar till och fr\u00e5n f\u00e4lten.<\/li>\n<li>Original Stubble Straps f\u00f6r att l\u00e4gga till extra skydd till t\u00e4ltet<\/li>\n<li>Original snabb\u00e5tkomsth\u00e5l f\u00f6r flaggning p\u00e5 b\u00e5da sidor<\/li>\n<li>Dragkedjef\u00f6rsedd reng\u00f6ringsd\u00f6rr vid f\u00f6tterna f\u00f6r snabb borttagning av skr\u00e4p i t\u00e4ltet<\/li>\n<li>26\u201dB x 90\u201dL x 14\u201dH<\/li>\n<li>V\u00e4ger endast 12 lbs.<\/li>\n<li>Mossy oak habitat<\/li>\n<\/ul>\n<p><strong>Best\u00e4llningar \u00e4r begr\u00e4nsade till en l\u00e5da p\u00e5 grund av storleken. Om du \u00e4r intresserad av fler, v\u00e4nligen kontakta oss direkt f\u00f6r att se om fraktkostnaderna. <\/strong><\/p>\n","protected":false},"excerpt":{"rendered":"<p>Detta har varit en favorit \u00e4nda sedan starten. Original X-Land\u2019r \u00e4r k\u00e4nd f\u00f6r att vara det l\u00e4gsta liggt\u00e4ltet p\u00e5 marknaden, samtidigt som det ger gott om skydd fr\u00e5n omgivningen. Den enkla anv\u00e4ndningen och den l\u00e5ga vikten g\u00f6r detta t\u00e4lt till ett utm\u00e4rkt val. Det st\u00f6dda kn\u00e4st\u00f6det, ryggst\u00f6det och de strukturerade d\u00f6rrarna g\u00f6r att detta l\u00e5ga [&#8230;]\n","protected":false},"featured_media":258294,"comment_status":"open","ping_status":"closed","template":"","meta":[],"product_brand":[],"product_cat":[2718],"product_tag":[],"class_list":{"0":"post-286944","1":"product","2":"type-product","3":"status-publish","4":"has-post-thumbnail","6":"product_cat-markgomslen","7":"product_shipping_class-big-sv","9":"first","10":"instock","11":"taxable","12":"shipping-taxable","13":"purchasable","14":"product-type-simple"},"composite_virtual":false,"composite_layout":"","composite_add_to_cart_form_location":"","composite_editable_in_cart":false,"composite_sold_individually_context":"","composite_shop_price_calc":"","composite_components":[],"composite_scenarios":[],"group_of_quantity":0,"min_quantity":0,"max_quantity":"","exclude_order_quantity_value_rules":"no","exclude_category_quantity_rules":"no","combine_variations":"no","exclude_global_add_ons":[],"addons":[],"_links":{"self":[{"href":"https:\/\/www.huntersfriend.eu\/sv\/wp-json\/wp\/v2\/product\/286944","targetHints":{"allow":["GET"]}}],"collection":[{"href":"https:\/\/www.huntersfriend.eu\/sv\/wp-json\/wp\/v2\/product"}],"about":[{"href":"https:\/\/www.huntersfriend.eu\/sv\/wp-json\/wp\/v2\/types\/product"}],"replies":[{"embeddable":true,"href":"https:\/\/www.huntersfriend.eu\/sv\/wp-json\/wp\/v2\/comments?post=286944"}],"wp:featuredmedia":[{"embeddable":true,"href":"https:\/\/www.huntersfriend.eu\/sv\/wp-json\/wp\/v2\/media\/258294"}],"wp:attachment":[{"href":"https:\/\/www.huntersfriend.eu\/sv\/wp-json\/wp\/v2\/media?parent=286944"}],"wp:term":[{"taxonomy":"product_brand","embeddable":true,"href":"https:\/\/www.huntersfriend.eu\/sv\/wp-json\/wp\/v2\/product_brand?post=286944"},{"taxonomy":"product_cat","embeddable":true,"href":"https:\/\/www.huntersfriend.eu\/sv\/wp-json\/wp\/v2\/product_cat?post=286944"},{"taxonomy":"product_tag","embeddable":true,"href":"https:\/\/www.huntersfriend.eu\/sv\/wp-json\/wp\/v2\/product_tag?post=286944"}],"curies":[{"name":"wp","href":"https:\/\/api.w.org\/{rel}","templated":true}]}}