{"id":286937,"date":"2023-11-30T14:12:25","date_gmt":"2023-11-30T12:12:25","guid":{"rendered":"https:\/\/www.huntersfriend.eu\/product\/vpa-omega-2-blads-1-1-16-hogerfas-s7\/"},"modified":"2025-09-18T07:12:10","modified_gmt":"2025-09-18T05:12:10","slug":"vpa-omega-2-blads-1-1-16-hogerfas-s7","status":"publish","type":"product","link":"https:\/\/www.huntersfriend.eu\/sv\/produkt\/vpa-omega-2-blads-1-1-16-hogerfas-s7\/","title":{"rendered":"VPA Omega 2-blads 1 1\/16&#8243; h\u00f6gerfas S7"},"content":{"rendered":"<p>S\u00e4g hej till nya VPA Omega Broadhead! Ett solitt, precisionsbearbetat broadhead i ett stycke, tillverkat i USA, som kombinerar alla \u00f6nskv\u00e4rda egenskaper hos ett single bevel-huvud med styrkan hos ett double bevel-huvud. Och den st\u00f6rsta funktionen av alla? Dess patents\u00f6kta LAYFLAT\u2122-slipteknik g\u00f6r det till det enklaste tv\u00e5bladiga broadheadet n\u00e5gonsin att slipa.   <\/p>\n<p>Den smidigt integrerade holken bildar en kil fr\u00e5n spets till \u00e4nde, utformad f\u00f6r att h\u00e5lla s\u00e5rkanalen \u00f6ppen s\u00e5 att pilen kan passera utan st\u00f6rningar. Den skarpa Tanto-spetsen sk\u00e4r vid kontakt, tidstestat f\u00f6r att penetrera k\u00f6tt och ben. Direkt efter spetsen finns en massiv asymmetrisk bladdel som unikt kombinerar den benklyvande effekten av ett single bevel broadhead med den inneboende segheten hos ett double bevel broadhead. Efter att benet b\u00f6rjar klyvas orsakar den mekaniska f\u00f6rdelen med den kilformade holken som verkar i samklang med rotationen av de \u00e4kta single bevel-bladen f\u00f6r\u00f6dande frakturer p\u00e5 benet. De skarpa single bevel-bladen sk\u00e4r sedan genom art\u00e4rer och organ som ett fint rakblad, vilket orsakar massiva bl\u00f6dningar och djup penetration.    <\/p>\n<p>VPA Omega \u00e4r tillverkad av S7-verktygsst\u00e5l och h\u00e4rdat till 56-58 Rockwell, och \u00e4r tillverkad av ett premiummaterial som f\u00f6rb\u00e4ttrar h\u00e5llbarheten, p\u00e5litligheten och sk\u00e4rpebest\u00e4ndigheten.<\/p>\n<p>VPA Omega broadhead \u00e4r starkare \u00e4n <em>n\u00e5got annat Single bevel p\u00e5 marknaden.<\/em> H\u00e4r \u00e4r varf\u00f6r\u2026<\/p>\n<p>Sett fr\u00e5n spetsen \u00e4r den f\u00f6rsta tredjedelen av broadheadet en f\u00f6rskjuten diagonalt symmetrisk double bevel i 40 grader. De f\u00f6ljande tv\u00e5 tredjedelarna av broadheadet \u00e4r en single bevel i 26 grader fr\u00e5n fabriken. <strong><em>  <\/em><\/strong><\/p>\n<p>Double bevel-delen av broadheadet integrerar bladen och holken i en f\u00f6rskjuten diagonalt symmetrisk monolitisk enhet \u2013 vilket skapar v\u00e5r patents\u00f6kta LAYFLAT\u2122-slipteknik. Denna geometri g\u00f6r att double bevel-bladen kan initiera rotation genom ben och v\u00e4vnad som om det vore ett single bevel broadhead, samtidigt som all styrka som \u00e4r inneboende i den integrerade holken och bladdesignen maximeras. <\/p>\n<p>F\u00f6rutom att g\u00f6ra detta broadhead extremt enkelt att slipa<strong><em>,<\/em><\/strong> m\u00f6jligg\u00f6r LAYFLAT\u2122-sliptekniken att single bevel-delen av bladen mikrofasas i 40 grader &#8211; om s\u00e5 \u00f6nskas av j\u00e4garen. Denna valfria mikrofas f\u00f6rb\u00e4ttrar ytterligare h\u00e5llbarheten hos bladkanterna vid m\u00f6te med ben. <\/p>\n<p>VPA Omega har en sk\u00e4rdiameter p\u00e5 1 1\/16&#8243; &#8211; utformad medvetet f\u00f6r att bibeh\u00e5lla utm\u00e4rkta flygegenskaper samtidigt som den hj\u00e4lper till med djup penetration och minimerar avb\u00f6jning fr\u00e5n benp\u00e5verkan. Detta banbrytande broadhead s\u00e4tter en ny standard f\u00f6r single bevels. <\/p>\n<p>Single Bevels har skjutit i h\u00f6jden i popularitet under de senaste \u00e5ren, och det r\u00e5der inga tvivel om varf\u00f6r \u2013 de orsakar f\u00f6r\u00f6dande frakturer p\u00e5 benet. Den st\u00f6rsta nackdelen med Single Bevels \u00e4r dock att de kan vara extremt sv\u00e5ra att slipa. Vanligtvis m\u00e5ste du k\u00f6pa en jigg eller ett verktyg f\u00f6r att bibeh\u00e5lla r\u00e4tt vinkel p\u00e5 huvudena vid slipning. Med VPA Omega elimineras den nackdelen. Allt som kr\u00e4vs f\u00f6r att slipa detta huvud \u00e4r sj\u00e4lva huvudet och en slipsten, sandpapper eller vad du \u00e4n f\u00f6redrar att slipa med<strong><em>.<\/em><\/strong> F\u00f6r att slipa detta broadhead l\u00e4gger du det helt enkelt platt och trycker fram\u00e5t. Ingen jigg kr\u00e4vs \u2013 det \u00e4r ett slut p\u00e5 det gamla s\u00e4ttet att g\u00f6ra saker. Minimalt arbete \u2013 maximala resultat.      <\/p>\n<p>VPA Omega \u00e4r det enda single bevel broadhead du kan sitta i tr\u00e4dstammen och slipa om med l\u00e4tthet \u2013 ingen jigg, inget kr\u00e5ngel. Denna aldrig tidigare sk\u00e5dade teknik g\u00f6r VPA Omega revolutionerande \u2013 dess kvalitet, p\u00e5litlighet och enkla underh\u00e5ll g\u00f6r den olik alla andra broadheads p\u00e5 marknaden. Skjut, slipa om, \u00e5teranv\u00e4nd, upprepa.  <\/p>\n<p><strong>Obs:<\/strong> Matcha h\u00f6gerfas med h\u00f6ger spiralformade fanor\/fj\u00e4drar och v\u00e4nsterfas med v\u00e4nster spiralformade fanor\/fj\u00e4drar. Broadheads levereras med en fabrikslipning. Slutlig slipning rekommenderas f\u00f6re jakt.  <\/p>\n<p>Mekanisk f\u00f6rdel med holken \u00e4r 8,5<\/p>\n","protected":false},"excerpt":{"rendered":"<p>S\u00e4g hej till nya VPA Omega Broadhead! Ett solitt, precisionsbearbetat broadhead i ett stycke, tillverkat i USA, som kombinerar alla \u00f6nskv\u00e4rda egenskaper hos ett single bevel-huvud med styrkan hos ett double bevel-huvud. Och den st\u00f6rsta funktionen av alla? Dess patents\u00f6kta LAYFLAT\u2122-slipteknik g\u00f6r det till det enklaste tv\u00e5bladiga broadheadet n\u00e5gonsin att slipa. Den smidigt integrerade holken [&#8230;]\n","protected":false},"featured_media":258377,"comment_status":"open","ping_status":"closed","template":"","meta":[],"product_brand":[],"product_cat":[2647],"product_tag":[],"class_list":{"0":"post-286937","1":"product","2":"type-product","3":"status-publish","4":"has-post-thumbnail","6":"product_cat-broadheads-jakt","8":"first","9":"outofstock","10":"taxable","11":"shipping-taxable","12":"purchasable","13":"product-type-variable"},"composite_virtual":false,"composite_layout":"","composite_add_to_cart_form_location":"","composite_editable_in_cart":false,"composite_sold_individually_context":"","composite_shop_price_calc":"","composite_components":[],"composite_scenarios":[],"group_of_quantity":0,"min_quantity":0,"max_quantity":"","exclude_order_quantity_value_rules":"no","exclude_category_quantity_rules":"no","combine_variations":"no","exclude_global_add_ons":[],"addons":[],"_links":{"self":[{"href":"https:\/\/www.huntersfriend.eu\/sv\/wp-json\/wp\/v2\/product\/286937","targetHints":{"allow":["GET"]}}],"collection":[{"href":"https:\/\/www.huntersfriend.eu\/sv\/wp-json\/wp\/v2\/product"}],"about":[{"href":"https:\/\/www.huntersfriend.eu\/sv\/wp-json\/wp\/v2\/types\/product"}],"replies":[{"embeddable":true,"href":"https:\/\/www.huntersfriend.eu\/sv\/wp-json\/wp\/v2\/comments?post=286937"}],"wp:featuredmedia":[{"embeddable":true,"href":"https:\/\/www.huntersfriend.eu\/sv\/wp-json\/wp\/v2\/media\/258377"}],"wp:attachment":[{"href":"https:\/\/www.huntersfriend.eu\/sv\/wp-json\/wp\/v2\/media?parent=286937"}],"wp:term":[{"taxonomy":"product_brand","embeddable":true,"href":"https:\/\/www.huntersfriend.eu\/sv\/wp-json\/wp\/v2\/product_brand?post=286937"},{"taxonomy":"product_cat","embeddable":true,"href":"https:\/\/www.huntersfriend.eu\/sv\/wp-json\/wp\/v2\/product_cat?post=286937"},{"taxonomy":"product_tag","embeddable":true,"href":"https:\/\/www.huntersfriend.eu\/sv\/wp-json\/wp\/v2\/product_tag?post=286937"}],"curies":[{"name":"wp","href":"https:\/\/api.w.org\/{rel}","templated":true}]}}