{"id":286936,"date":"2023-11-25T00:56:11","date_gmt":"2023-11-24T22:56:11","guid":{"rendered":"https:\/\/www.huntersfriend.eu\/product\/sitka-jetstream-jacka-blaze-orange\/"},"modified":"2025-08-26T14:28:17","modified_gmt":"2025-08-26T12:28:17","slug":"sitka-jetstream-jacka-blaze-orange","status":"publish","type":"product","link":"https:\/\/www.huntersfriend.eu\/sv\/produkt\/sitka-jetstream-jacka-blaze-orange\/","title":{"rendered":"SITKA Jetstream-jacka Blaze Orange"},"content":{"rendered":"<p>Inget orsakar obehag och distraktion som en kall, obeveklig vind. V\u00e5r vindt\u00e4ta Jetstream-jacka, som anv\u00e4nder GORE\u00ae WINDSTOPPER\u00ae-produktteknologi, \u00e4r en av v\u00e5ra favoriter \u00e5r efter \u00e5r. Den exakt konstruerade passformen optimerar komfort och r\u00f6rlighet. Denna softshell-jacka \u00e4r byggd f\u00f6r att beh\u00e5lla v\u00e4rmen men \u00e4nd\u00e5 andas n\u00e4r du beh\u00f6ver det, och har en bekv\u00e4m micro-grid fleecebaksida som ger maximal m\u00e5ngsidighet.   <\/p>\n<p>Varf\u00f6r Sitka gjorde detta<\/p>\n<p>Vi ville omdefiniera hur en softshell-jacka presterar vid aktiva utomhusaktiviteter. V\u00e5r l\u00f6sning var att skapa en jacka som andas bra, blockerar vind, avvisar l\u00e4tt regn och sn\u00f6 och inte hindrar r\u00f6relse. Vi uppn\u00e5dde detta med hj\u00e4lp av GORE\u00ae WINDSTOPPER\u00ae f\u00f6r oslagbart vindskydd, en DWR-finish f\u00f6r att f\u00f6rhindra att yttertyget blir bl\u00f6tt och ledad m\u00f6nstring f\u00f6r full r\u00f6relsefrihet.  <\/p>\n<p>\u00c5tervunnet polyestertyg med micro-grid fleeceinsida i polyester<\/p>\n<p>GORE\u00ae WINDSTOPPER\u00ae-produktteknologin g\u00f6r jackan 100 % vindt\u00e4t<\/p>\n<p>Slitstark vattenavvisande finish st\u00f6ter bort l\u00e4tt nederb\u00f6rd och hindrar tyget fr\u00e5n att bli bl\u00f6tt<\/p>\n<p>Tejpade och skivade s\u00f6mmar f\u00f6r extra v\u00e4derskydd utan extra bulk<\/p>\n<p>Hand- och br\u00f6stfickor med dragkedja ger s\u00e4ker f\u00f6rvaring<\/p>\n<p>Ventilationsdragkedjor under armarna g\u00f6r att du kan sl\u00e4ppa ut v\u00e4rme n\u00e4r du \u00e4r i r\u00f6relse<\/p>\n<p>Uppdaterad passform f\u00f6r en avslappnad, bekv\u00e4m k\u00e4nsla med stor r\u00f6rlighet<\/p>\n<p>Vikt: 737 g<\/p>\n","protected":false},"excerpt":{"rendered":"<p>Inget orsakar obehag och distraktion som en kall, obeveklig vind. V\u00e5r vindt\u00e4ta Jetstream-jacka, som anv\u00e4nder GORE\u00ae WINDSTOPPER\u00ae-produktteknologi, \u00e4r en av v\u00e5ra favoriter \u00e5r efter \u00e5r. Den exakt konstruerade passformen optimerar komfort och r\u00f6rlighet. Denna softshell-jacka \u00e4r byggd f\u00f6r att beh\u00e5lla v\u00e4rmen men \u00e4nd\u00e5 andas n\u00e4r du beh\u00f6ver det, och har en bekv\u00e4m micro-grid fleecebaksida som [&#8230;]\n","protected":false},"featured_media":258111,"comment_status":"open","ping_status":"closed","template":"","meta":[],"product_brand":[],"product_cat":[878],"product_tag":[],"class_list":{"0":"post-286936","1":"product","2":"type-product","3":"status-publish","4":"has-post-thumbnail","6":"product_cat-uncategorized-sv","8":"first","9":"outofstock","10":"taxable","11":"shipping-taxable","12":"purchasable","13":"product-type-variable"},"composite_virtual":false,"composite_layout":"","composite_add_to_cart_form_location":"","composite_editable_in_cart":false,"composite_sold_individually_context":"","composite_shop_price_calc":"","composite_components":[],"composite_scenarios":[],"group_of_quantity":0,"min_quantity":0,"max_quantity":"","exclude_order_quantity_value_rules":"no","exclude_category_quantity_rules":"no","combine_variations":"no","exclude_global_add_ons":[],"addons":[],"_links":{"self":[{"href":"https:\/\/www.huntersfriend.eu\/sv\/wp-json\/wp\/v2\/product\/286936","targetHints":{"allow":["GET"]}}],"collection":[{"href":"https:\/\/www.huntersfriend.eu\/sv\/wp-json\/wp\/v2\/product"}],"about":[{"href":"https:\/\/www.huntersfriend.eu\/sv\/wp-json\/wp\/v2\/types\/product"}],"replies":[{"embeddable":true,"href":"https:\/\/www.huntersfriend.eu\/sv\/wp-json\/wp\/v2\/comments?post=286936"}],"wp:featuredmedia":[{"embeddable":true,"href":"https:\/\/www.huntersfriend.eu\/sv\/wp-json\/wp\/v2\/media\/258111"}],"wp:attachment":[{"href":"https:\/\/www.huntersfriend.eu\/sv\/wp-json\/wp\/v2\/media?parent=286936"}],"wp:term":[{"taxonomy":"product_brand","embeddable":true,"href":"https:\/\/www.huntersfriend.eu\/sv\/wp-json\/wp\/v2\/product_brand?post=286936"},{"taxonomy":"product_cat","embeddable":true,"href":"https:\/\/www.huntersfriend.eu\/sv\/wp-json\/wp\/v2\/product_cat?post=286936"},{"taxonomy":"product_tag","embeddable":true,"href":"https:\/\/www.huntersfriend.eu\/sv\/wp-json\/wp\/v2\/product_tag?post=286936"}],"curies":[{"name":"wp","href":"https:\/\/api.w.org\/{rel}","templated":true}]}}