{"id":286933,"date":"2023-11-23T01:02:10","date_gmt":"2023-11-22T23:02:10","guid":{"rendered":"https:\/\/www.huntersfriend.eu\/product\/armytek-filter-af-39-rod\/"},"modified":"2025-08-26T14:28:00","modified_gmt":"2025-08-26T12:28:00","slug":"armytek-filter-af-39-rod","status":"publish","type":"product","link":"https:\/\/www.huntersfriend.eu\/sv\/produkt\/armytek-filter-af-39-rod\/","title":{"rendered":"Armytek filter AF-39, R\u00f6d"},"content":{"rendered":"<p><span class=\"jCAhz ChMk0b\"><span class=\"ryNqvb\">Armytek Filter AF-39 \u00e4r ett f\u00e4rgfilter som passar lamporna i Predator &amp; Viking-ficklampsserien.<\/span><\/span> <span class=\"jCAhz ChMk0b\"><span class=\"ryNqvb\">Enkel och snabb att installera.<\/span><\/span> <span class=\"jCAhz ChMk0b\"><span class=\"ryNqvb\">F\u00e4rg: R\u00f6d<\/span><\/span><\/p>\n","protected":false},"excerpt":{"rendered":"<p>Armytek Filter AF-39 \u00e4r ett f\u00e4rgfilter som passar lamporna i Predator &amp; Viking-ficklampsserien. Enkel och snabb att installera. F\u00e4rg: R\u00f6d<\/p>\n","protected":false},"featured_media":258194,"comment_status":"open","ping_status":"closed","template":"","meta":[],"product_brand":[],"product_cat":[2525],"product_tag":[],"class_list":{"0":"post-286933","1":"product","2":"type-product","3":"status-publish","4":"has-post-thumbnail","6":"product_cat-jaktlampor","8":"first","9":"instock","10":"taxable","11":"shipping-taxable","12":"purchasable","13":"product-type-simple"},"composite_virtual":false,"composite_layout":"","composite_add_to_cart_form_location":"","composite_editable_in_cart":false,"composite_sold_individually_context":"","composite_shop_price_calc":"","composite_components":[],"composite_scenarios":[],"group_of_quantity":0,"min_quantity":0,"max_quantity":"","exclude_order_quantity_value_rules":"no","exclude_category_quantity_rules":"no","combine_variations":"no","exclude_global_add_ons":[],"addons":[],"_links":{"self":[{"href":"https:\/\/www.huntersfriend.eu\/sv\/wp-json\/wp\/v2\/product\/286933","targetHints":{"allow":["GET"]}}],"collection":[{"href":"https:\/\/www.huntersfriend.eu\/sv\/wp-json\/wp\/v2\/product"}],"about":[{"href":"https:\/\/www.huntersfriend.eu\/sv\/wp-json\/wp\/v2\/types\/product"}],"replies":[{"embeddable":true,"href":"https:\/\/www.huntersfriend.eu\/sv\/wp-json\/wp\/v2\/comments?post=286933"}],"wp:featuredmedia":[{"embeddable":true,"href":"https:\/\/www.huntersfriend.eu\/sv\/wp-json\/wp\/v2\/media\/258194"}],"wp:attachment":[{"href":"https:\/\/www.huntersfriend.eu\/sv\/wp-json\/wp\/v2\/media?parent=286933"}],"wp:term":[{"taxonomy":"product_brand","embeddable":true,"href":"https:\/\/www.huntersfriend.eu\/sv\/wp-json\/wp\/v2\/product_brand?post=286933"},{"taxonomy":"product_cat","embeddable":true,"href":"https:\/\/www.huntersfriend.eu\/sv\/wp-json\/wp\/v2\/product_cat?post=286933"},{"taxonomy":"product_tag","embeddable":true,"href":"https:\/\/www.huntersfriend.eu\/sv\/wp-json\/wp\/v2\/product_tag?post=286933"}],"curies":[{"name":"wp","href":"https:\/\/api.w.org\/{rel}","templated":true}]}}