{"id":286930,"date":"2023-12-02T03:36:15","date_gmt":"2023-12-02T01:36:15","guid":{"rendered":"https:\/\/www.huntersfriend.eu\/product\/belisle-fallstallare\/"},"modified":"2026-04-19T05:59:59","modified_gmt":"2026-04-19T03:59:59","slug":"belisle-fallstallare","status":"publish","type":"product","link":"https:\/\/www.huntersfriend.eu\/sv\/produkt\/belisle-fallstallare\/","title":{"rendered":"Belisle f\u00e4llst\u00e4llare"},"content":{"rendered":"<p>Denna Belisle f\u00e4llst\u00e4llare \u00e4r f\u00f6r f\u00e4llor i storlek 120 till 330. St\u00e4llaren levereras med en ring som l\u00e5ser st\u00e4llarna st\u00e4ngda s\u00e5 att du enkelt kan f\u00e4sta s\u00e4kerheten. <\/p>\n<p>Med en total l\u00e4ngd p\u00e5 55 cm ger t\u00e5ngen bra kraft och g\u00f6r det enkelt att hantera \u00e4ven de st\u00f6rre f\u00e4llorna.<\/p>\n<p>Den h\u00e4r typen av verktyg rekommenderas vid anv\u00e4ndning av kroppsgripande f\u00e4llor oavsett storlek.<\/p>\n<p>Tillverkad i Kanada.<\/p>\n","protected":false},"excerpt":{"rendered":"<p>Denna Belisle f\u00e4llst\u00e4llare \u00e4r f\u00f6r f\u00e4llor i storlek 120 till 330. St\u00e4llaren levereras med en ring som l\u00e5ser st\u00e4llarna st\u00e4ngda s\u00e5 att du enkelt kan f\u00e4sta s\u00e4kerheten. Med en total l\u00e4ngd p\u00e5 55 cm ger t\u00e5ngen bra kraft och g\u00f6r det enkelt att hantera \u00e4ven de st\u00f6rre f\u00e4llorna. Den h\u00e4r typen av verktyg rekommenderas vid [&#8230;]\n","protected":false},"featured_media":259349,"comment_status":"open","ping_status":"closed","template":"","meta":[],"product_brand":[],"product_cat":[2696],"product_tag":[],"class_list":{"0":"post-286930","1":"product","2":"type-product","3":"status-publish","4":"has-post-thumbnail","6":"product_cat-fallor-och-fangsttillbehor","8":"first","9":"instock","10":"taxable","11":"shipping-taxable","12":"purchasable","13":"product-type-simple"},"composite_virtual":false,"composite_layout":"","composite_add_to_cart_form_location":"","composite_editable_in_cart":false,"composite_sold_individually_context":"","composite_shop_price_calc":"","composite_components":[],"composite_scenarios":[],"group_of_quantity":0,"min_quantity":0,"max_quantity":"","exclude_order_quantity_value_rules":"no","exclude_category_quantity_rules":"no","combine_variations":"no","exclude_global_add_ons":[],"addons":[],"_links":{"self":[{"href":"https:\/\/www.huntersfriend.eu\/sv\/wp-json\/wp\/v2\/product\/286930","targetHints":{"allow":["GET"]}}],"collection":[{"href":"https:\/\/www.huntersfriend.eu\/sv\/wp-json\/wp\/v2\/product"}],"about":[{"href":"https:\/\/www.huntersfriend.eu\/sv\/wp-json\/wp\/v2\/types\/product"}],"replies":[{"embeddable":true,"href":"https:\/\/www.huntersfriend.eu\/sv\/wp-json\/wp\/v2\/comments?post=286930"}],"wp:featuredmedia":[{"embeddable":true,"href":"https:\/\/www.huntersfriend.eu\/sv\/wp-json\/wp\/v2\/media\/259349"}],"wp:attachment":[{"href":"https:\/\/www.huntersfriend.eu\/sv\/wp-json\/wp\/v2\/media?parent=286930"}],"wp:term":[{"taxonomy":"product_brand","embeddable":true,"href":"https:\/\/www.huntersfriend.eu\/sv\/wp-json\/wp\/v2\/product_brand?post=286930"},{"taxonomy":"product_cat","embeddable":true,"href":"https:\/\/www.huntersfriend.eu\/sv\/wp-json\/wp\/v2\/product_cat?post=286930"},{"taxonomy":"product_tag","embeddable":true,"href":"https:\/\/www.huntersfriend.eu\/sv\/wp-json\/wp\/v2\/product_tag?post=286930"}],"curies":[{"name":"wp","href":"https:\/\/api.w.org\/{rel}","templated":true}]}}