{"id":286928,"date":"2023-11-30T13:48:16","date_gmt":"2023-11-30T11:48:16","guid":{"rendered":"https:\/\/www.huntersfriend.eu\/product\/huntworth-harrison-hoodie-snow-camo-2\/"},"modified":"2025-08-26T14:27:56","modified_gmt":"2025-08-26T12:27:56","slug":"huntworth-harrison-hoodie-snow-camo-2","status":"publish","type":"product","link":"https:\/\/www.huntersfriend.eu\/sv\/produkt\/huntworth-harrison-hoodie-snow-camo-2\/","title":{"rendered":"Huntworth Harrison hoodie Snow camo"},"content":{"rendered":"<p>Harrison jakt-hoodie i mellanvikt f\u00f6r m\u00e4n i Snow Camo \u00e4r tillverkad av en silkeslen, mjukt borstad fleece som ger en mysig och varm k\u00e4nsla. Den kommer snabbt att bli en av dina favorithoodies, oavsett om du jagar eller bara umg\u00e5s. <\/p>\n<p><strong>Harrison jakt-hoodie i mellanvikt i Snow Camo<\/strong> \u00e4r ett basplagg i garderoben f\u00f6r alla sn\u00f6iga j\u00e4gare. Snow Camo camo-hoodien \u00e4r tillverkad med Huntworths vintervita m\u00f6nster och \u00e4r konstruerad med en tjock 2-v\u00e4gs stretch fleece. <\/p>\n<p>De fr\u00e4mre k\u00e4ngurufickorna ger gott om f\u00f6rvaringsutrymme.<\/p>\n<p>En praktisk armficka med dragkedja kan rymma sm\u00e5 f\u00f6rem\u00e5l. Den fodrade huvan ger extra v\u00e4rme n\u00e4r den b\u00e4rs upp \u00f6ver huvudet. <\/p>\n<p>En klassisk detalj &#8211; Snow Camo m\u00f6nstrad hoodie \u00e4r ett utm\u00e4rkt lagerplagg n\u00e4r sn\u00f6n b\u00f6rjar falla.<\/p>\n","protected":false},"excerpt":{"rendered":"<p>Harrison jakt-hoodie i mellanvikt f\u00f6r m\u00e4n i Snow Camo \u00e4r tillverkad av en silkeslen, mjukt borstad fleece som ger en mysig och varm k\u00e4nsla. Den kommer snabbt att bli en av dina favorithoodies, oavsett om du jagar eller bara umg\u00e5s. Harrison jakt-hoodie i mellanvikt i Snow Camo \u00e4r ett basplagg i garderoben f\u00f6r alla sn\u00f6iga [&#8230;]\n","protected":false},"featured_media":258367,"comment_status":"open","ping_status":"closed","template":"","meta":[],"product_brand":[],"product_cat":[2741,2813],"product_tag":[],"class_list":{"0":"post-286928","1":"product","2":"type-product","3":"status-publish","4":"has-post-thumbnail","6":"product_cat-jackor","7":"product_cat-skjortor-hoodies","9":"first","10":"outofstock","11":"taxable","12":"shipping-taxable","13":"purchasable","14":"product-type-variable"},"composite_virtual":false,"composite_layout":"","composite_add_to_cart_form_location":"","composite_editable_in_cart":false,"composite_sold_individually_context":"","composite_shop_price_calc":"","composite_components":[],"composite_scenarios":[],"group_of_quantity":0,"min_quantity":0,"max_quantity":"","exclude_order_quantity_value_rules":"no","exclude_category_quantity_rules":"no","combine_variations":"no","exclude_global_add_ons":[],"addons":[],"_links":{"self":[{"href":"https:\/\/www.huntersfriend.eu\/sv\/wp-json\/wp\/v2\/product\/286928","targetHints":{"allow":["GET"]}}],"collection":[{"href":"https:\/\/www.huntersfriend.eu\/sv\/wp-json\/wp\/v2\/product"}],"about":[{"href":"https:\/\/www.huntersfriend.eu\/sv\/wp-json\/wp\/v2\/types\/product"}],"replies":[{"embeddable":true,"href":"https:\/\/www.huntersfriend.eu\/sv\/wp-json\/wp\/v2\/comments?post=286928"}],"wp:featuredmedia":[{"embeddable":true,"href":"https:\/\/www.huntersfriend.eu\/sv\/wp-json\/wp\/v2\/media\/258367"}],"wp:attachment":[{"href":"https:\/\/www.huntersfriend.eu\/sv\/wp-json\/wp\/v2\/media?parent=286928"}],"wp:term":[{"taxonomy":"product_brand","embeddable":true,"href":"https:\/\/www.huntersfriend.eu\/sv\/wp-json\/wp\/v2\/product_brand?post=286928"},{"taxonomy":"product_cat","embeddable":true,"href":"https:\/\/www.huntersfriend.eu\/sv\/wp-json\/wp\/v2\/product_cat?post=286928"},{"taxonomy":"product_tag","embeddable":true,"href":"https:\/\/www.huntersfriend.eu\/sv\/wp-json\/wp\/v2\/product_tag?post=286928"}],"curies":[{"name":"wp","href":"https:\/\/api.w.org\/{rel}","templated":true}]}}