{"id":286927,"date":"2023-12-02T03:36:14","date_gmt":"2023-12-02T01:36:14","guid":{"rendered":"https:\/\/www.huntersfriend.eu\/product\/belisle-super-x-160-2-falla\/"},"modified":"2026-04-24T11:56:23","modified_gmt":"2026-04-24T09:56:23","slug":"belisle-super-x-160-2-falla","status":"publish","type":"product","link":"https:\/\/www.huntersfriend.eu\/sv\/produkt\/belisle-super-x-160-2-falla\/","title":{"rendered":"Belisle super-x 160-2 f\u00e4lla"},"content":{"rendered":"<p>Belisle-kroppsf\u00e4llor har en ny speciell rundad k\u00e4ke som ger en komplett st\u00e4ngning i magnumstil. Trigger i ett stycke, s\u00e4kerhetskrokar som sitter p\u00e5 plats, handsvetsad. En kvalitetsprodukt. 6&#8243; k\u00e4kbredd \u2013 dubbelfj\u00e4der. M\u00e5rd, tv\u00e4ttbj\u00f6rn, m\u00e5rdhund, r\u00e4v och djur av liknande storlek.    <\/p>\n","protected":false},"excerpt":{"rendered":"<p>Belisle-kroppsf\u00e4llor har en ny speciell rundad k\u00e4ke som ger en komplett st\u00e4ngning i magnumstil. Trigger i ett stycke, s\u00e4kerhetskrokar som sitter p\u00e5 plats, handsvetsad. En kvalitetsprodukt. 6&#8243; k\u00e4kbredd \u2013 dubbelfj\u00e4der. M\u00e5rd, tv\u00e4ttbj\u00f6rn, m\u00e5rdhund, r\u00e4v och djur av liknande storlek.<\/p>\n","protected":false},"featured_media":259378,"comment_status":"open","ping_status":"closed","template":"","meta":[],"product_brand":[],"product_cat":[2696],"product_tag":[],"class_list":{"0":"post-286927","1":"product","2":"type-product","3":"status-publish","4":"has-post-thumbnail","6":"product_cat-fallor-och-fangsttillbehor","8":"first","9":"outofstock","10":"taxable","11":"shipping-taxable","12":"purchasable","13":"product-type-simple"},"composite_virtual":false,"composite_layout":"","composite_add_to_cart_form_location":"","composite_editable_in_cart":false,"composite_sold_individually_context":"","composite_shop_price_calc":"","composite_components":[],"composite_scenarios":[],"group_of_quantity":0,"min_quantity":0,"max_quantity":"","exclude_order_quantity_value_rules":"no","exclude_category_quantity_rules":"no","combine_variations":"no","exclude_global_add_ons":[],"addons":[],"_links":{"self":[{"href":"https:\/\/www.huntersfriend.eu\/sv\/wp-json\/wp\/v2\/product\/286927","targetHints":{"allow":["GET"]}}],"collection":[{"href":"https:\/\/www.huntersfriend.eu\/sv\/wp-json\/wp\/v2\/product"}],"about":[{"href":"https:\/\/www.huntersfriend.eu\/sv\/wp-json\/wp\/v2\/types\/product"}],"replies":[{"embeddable":true,"href":"https:\/\/www.huntersfriend.eu\/sv\/wp-json\/wp\/v2\/comments?post=286927"}],"wp:featuredmedia":[{"embeddable":true,"href":"https:\/\/www.huntersfriend.eu\/sv\/wp-json\/wp\/v2\/media\/259378"}],"wp:attachment":[{"href":"https:\/\/www.huntersfriend.eu\/sv\/wp-json\/wp\/v2\/media?parent=286927"}],"wp:term":[{"taxonomy":"product_brand","embeddable":true,"href":"https:\/\/www.huntersfriend.eu\/sv\/wp-json\/wp\/v2\/product_brand?post=286927"},{"taxonomy":"product_cat","embeddable":true,"href":"https:\/\/www.huntersfriend.eu\/sv\/wp-json\/wp\/v2\/product_cat?post=286927"},{"taxonomy":"product_tag","embeddable":true,"href":"https:\/\/www.huntersfriend.eu\/sv\/wp-json\/wp\/v2\/product_tag?post=286927"}],"curies":[{"name":"wp","href":"https:\/\/api.w.org\/{rel}","templated":true}]}}