{"id":286925,"date":"2023-12-02T03:36:16","date_gmt":"2023-12-02T01:36:16","guid":{"rendered":"https:\/\/www.huntersfriend.eu\/product\/belisle-fallfangstsakerhetsgrepp\/"},"modified":"2026-04-19T05:59:59","modified_gmt":"2026-04-19T03:59:59","slug":"belisle-fallfangstsakerhetsgrepp","status":"publish","type":"product","link":"https:\/\/www.huntersfriend.eu\/sv\/produkt\/belisle-fallfangstsakerhetsgrepp\/","title":{"rendered":"Belisle f\u00e4llf\u00e5ngsts\u00e4kerhetsgrepp"},"content":{"rendered":"<p><span class=\"jCAhz ChMk0b\"><span class=\"ryNqvb\">Belisle s\u00e4kerhetsgrepp passar f\u00f6r f\u00e4llor #120-#330.<\/span><\/span> <span class=\"jCAhz ChMk0b\"><span class=\"ryNqvb\">Enhetens konstruktion s\u00e4kerst\u00e4ller att den sitter p\u00e5 plats \u00e4ven under vinterf\u00f6rh\u00e5llanden och i rostfria j\u00e4rn.<\/span><\/span> <span class=\"jCAhz ChMk0b\"><span class=\"ryNqvb\">S\u00e4kerhetsgreppet \u00f6kar s\u00e4kerheten vid justering av j\u00e4rnen avsev\u00e4rt och vi rekommenderar att de anv\u00e4nds f\u00f6r alla j\u00e4rn.<\/span><\/span><\/p>\n","protected":false},"excerpt":{"rendered":"<p>Belisle s\u00e4kerhetsgrepp passar f\u00f6r f\u00e4llor #120-#330. Enhetens konstruktion s\u00e4kerst\u00e4ller att den sitter p\u00e5 plats \u00e4ven under vinterf\u00f6rh\u00e5llanden och i rostfria j\u00e4rn. S\u00e4kerhetsgreppet \u00f6kar s\u00e4kerheten vid justering av j\u00e4rnen avsev\u00e4rt och vi rekommenderar att de anv\u00e4nds f\u00f6r alla j\u00e4rn.<\/p>\n","protected":false},"featured_media":267335,"comment_status":"open","ping_status":"closed","template":"","meta":[],"product_brand":[],"product_cat":[2696],"product_tag":[],"class_list":{"0":"post-286925","1":"product","2":"type-product","3":"status-publish","4":"has-post-thumbnail","6":"product_cat-fallor-och-fangsttillbehor","8":"first","9":"instock","10":"taxable","11":"shipping-taxable","12":"purchasable","13":"product-type-simple"},"composite_virtual":false,"composite_layout":"","composite_add_to_cart_form_location":"","composite_editable_in_cart":false,"composite_sold_individually_context":"","composite_shop_price_calc":"","composite_components":[],"composite_scenarios":[],"group_of_quantity":0,"min_quantity":0,"max_quantity":"","exclude_order_quantity_value_rules":"no","exclude_category_quantity_rules":"no","combine_variations":"no","exclude_global_add_ons":[],"addons":[],"_links":{"self":[{"href":"https:\/\/www.huntersfriend.eu\/sv\/wp-json\/wp\/v2\/product\/286925","targetHints":{"allow":["GET"]}}],"collection":[{"href":"https:\/\/www.huntersfriend.eu\/sv\/wp-json\/wp\/v2\/product"}],"about":[{"href":"https:\/\/www.huntersfriend.eu\/sv\/wp-json\/wp\/v2\/types\/product"}],"replies":[{"embeddable":true,"href":"https:\/\/www.huntersfriend.eu\/sv\/wp-json\/wp\/v2\/comments?post=286925"}],"wp:featuredmedia":[{"embeddable":true,"href":"https:\/\/www.huntersfriend.eu\/sv\/wp-json\/wp\/v2\/media\/267335"}],"wp:attachment":[{"href":"https:\/\/www.huntersfriend.eu\/sv\/wp-json\/wp\/v2\/media?parent=286925"}],"wp:term":[{"taxonomy":"product_brand","embeddable":true,"href":"https:\/\/www.huntersfriend.eu\/sv\/wp-json\/wp\/v2\/product_brand?post=286925"},{"taxonomy":"product_cat","embeddable":true,"href":"https:\/\/www.huntersfriend.eu\/sv\/wp-json\/wp\/v2\/product_cat?post=286925"},{"taxonomy":"product_tag","embeddable":true,"href":"https:\/\/www.huntersfriend.eu\/sv\/wp-json\/wp\/v2\/product_tag?post=286925"}],"curies":[{"name":"wp","href":"https:\/\/api.w.org\/{rel}","templated":true}]}}