{"id":286914,"date":"2023-12-09T01:03:28","date_gmt":"2023-12-08T23:03:28","guid":{"rendered":"https:\/\/www.huntersfriend.eu\/product\/anar-hetta-sittryggsack\/"},"modified":"2025-09-01T12:44:57","modified_gmt":"2025-09-01T10:44:57","slug":"anar-hetta-sittryggsack","status":"publish","type":"product","link":"https:\/\/www.huntersfriend.eu\/sv\/produkt\/anar-hetta-sittryggsack\/","title":{"rendered":"Anar Hetta sittryggs\u00e4ck"},"content":{"rendered":"<p>Anar Hetta sittryggs\u00e4ck \u00e4r det perfekta valet f\u00f6r jakt-, fiske- och f\u00e5gelsk\u00e5dningsturer. Ryggs\u00e4cken har en robust inbyggd aluminiumram och en vadderad sittdel, vilket g\u00f6r det bekv\u00e4mt att sitta p\u00e5 ryggs\u00e4cken. Tack vare sin l\u00e4tta ram \u00e4r ryggs\u00e4cken ocks\u00e5 l\u00e4tt att b\u00e4ra. Hetta sittryggs\u00e4ck \u00e4r ett praktiskt val eftersom att sitta ner f\u00f6r att \u00e4ta snacks och titta p\u00e5 landskapet \u00e4r en viktig del av vandring utomhus.  <\/p>\n<div class=\"summary entry-summary\">\n<div class=\"woocommerce-tabs wc-tabs-wrapper\">\n<div id=\"tab-description\" class=\"woocommerce-Tabs-panel woocommerce-Tabs-panel--description panel entry-content wc-tab\" role=\"tabpanel\" aria-labelledby=\"tab-title-description\">\n<p>Ryggs\u00e4cken \u00e4r tillverkad av starkt bomullsblandningstyg. Tack vare sin vaxade yta avvisar tyget vatten och kan vid behov behandlas p\u00e5 nytt med Anar EcoWax textilvax. Ryggs\u00e4cken levereras ocks\u00e5 med ett regnskydd, som kan anv\u00e4ndas f\u00f6r att skydda hela ryggs\u00e4cken vid kraftigt regn.  <\/p>\n<p>Ryggs\u00e4cken har m\u00e5ngsidiga fickor och gott om plats f\u00f6r utrustning och vandringsmat. Ryggs\u00e4ckens \u00f6ppning dras \u00e5t med ett sn\u00f6re och har en skyddsflik. F\u00f6r att komma \u00e5t inneh\u00e5llet i ryggs\u00e4cken beh\u00f6ver du inte resa dig medan du sitter; en dragkedja p\u00e5 framsidan g\u00f6r att huvudfacket kan \u00f6ppnas utan att \u00f6ppna skyddsfliken. P\u00e5 b\u00e5da sidor finns rymliga fickor med dragkedja f\u00f6r f\u00f6rvaring av utrustning. P\u00e5 framsidan finns en ficka som till exempel kan rymma en liten hink f\u00f6r en fisketur. Fickan med dragkedja p\u00e5 skyddsfliken kan anv\u00e4ndas f\u00f6r att bekv\u00e4mt f\u00f6rvara en karta och en kompass, till exempel. Det orangef\u00e4rgade fodret g\u00f6r det enkelt att hitta saker i ryggs\u00e4cken.      <\/p>\n<p>Den vadderade ryggen, axelremmarna och h\u00f6ftb\u00e4ltet p\u00e5 ryggs\u00e4cken g\u00f6r den bekv\u00e4mare att anv\u00e4nda. Axelremmarna och h\u00f6ftb\u00e4ltet kan justeras, och br\u00f6stremmen balanserar ryggs\u00e4cken genom att h\u00e5lla axelremmarna p\u00e5 plats. <\/p>\n<p>L\u00e4derdetaljer s\u00e4tter pricken \u00f6ver i:et p\u00e5 ryggs\u00e4ckens utseende.<\/p>\n<ul>\n<li>Det perfekta valet f\u00f6r jakt-, fiske- och f\u00e5gelsk\u00e5dningsturer.<\/li>\n<li>Ytterm\u00e5tt: h\u00f6jd 52 cm, bredd 26 cm, djup 24 cm<\/li>\n<li>Materialet \u00e4r vaxat bomullsblandningstyg<\/li>\n<li>Vaxat tyg som avvisar vatten bra. Vid behov kan ryggs\u00e4cken vaxas om med Anar EcoWax textilvax. <\/li>\n<li>Ryggs\u00e4cken har en inbyggd aluminiumram och en vadderad sits<\/li>\n<li>Vadderad rygg, axelremmar och h\u00f6ftb\u00e4lte<\/li>\n<li>Justerbara axelremmar, br\u00f6strem och h\u00f6ftb\u00e4lte<\/li>\n<li>Ryggs\u00e4ckens \u00f6ppning dras \u00e5t med ett sn\u00f6re<\/li>\n<li>Locket kan st\u00e4ngas med tv\u00e5 plastsp\u00e4nnen<\/li>\n<li>Dragkedja framtill f\u00f6r ryggs\u00e4ckens huvudfack<\/li>\n<li>Sidofickor med dragkedjor<\/li>\n<li>Ficka med dragkedja p\u00e5 lockfliken<\/li>\n<li>B\u00e4rhandtag i l\u00e4der p\u00e5 sidorna och baksidan<\/li>\n<li>Tv\u00e5 n\u00e4tfickor p\u00e5 insidan<\/li>\n<li>Ficka med dragkedja p\u00e5 botten som inneh\u00e5ller ett regnskydd f\u00f6r ryggs\u00e4cken<\/li>\n<li>Vid behov kan botten \u00f6ppnas med en dragkedja<\/li>\n<li>Orangef\u00e4rgat foder g\u00f6r det l\u00e4ttare att hitta saker i ryggs\u00e4cken<\/li>\n<li>L\u00e4derdetaljer<\/li>\n<li>Designad och testad i Finland<\/li>\n<\/ul>\n<\/div>\n<\/div>\n<\/div>\n","protected":false},"excerpt":{"rendered":"<p>Anar Hetta sittryggs\u00e4ck \u00e4r det perfekta valet f\u00f6r jakt-, fiske- och f\u00e5gelsk\u00e5dningsturer. Ryggs\u00e4cken har en robust inbyggd aluminiumram och en vadderad sittdel, vilket g\u00f6r det bekv\u00e4mt att sitta p\u00e5 ryggs\u00e4cken. Tack vare sin l\u00e4tta ram \u00e4r ryggs\u00e4cken ocks\u00e5 l\u00e4tt att b\u00e4ra. Hetta sittryggs\u00e4ck \u00e4r ett praktiskt val eftersom att sitta ner f\u00f6r att \u00e4ta snacks [&#8230;]\n","protected":false},"featured_media":286916,"comment_status":"open","ping_status":"closed","template":"","meta":[],"product_brand":[],"product_cat":[2565,2523],"product_tag":[],"class_list":{"0":"post-286914","1":"product","2":"type-product","3":"status-publish","4":"has-post-thumbnail","6":"product_cat-jaktryggsackar","7":"product_cat-ryggsackar","8":"product_shipping_class-medium-sv","10":"first","11":"onbackorder","12":"taxable","13":"shipping-taxable","14":"purchasable","15":"product-type-simple"},"composite_virtual":false,"composite_layout":"","composite_add_to_cart_form_location":"","composite_editable_in_cart":false,"composite_sold_individually_context":"","composite_shop_price_calc":"","composite_components":[],"composite_scenarios":[],"group_of_quantity":0,"min_quantity":0,"max_quantity":"","exclude_order_quantity_value_rules":"no","exclude_category_quantity_rules":"no","combine_variations":"no","exclude_global_add_ons":[],"addons":[],"_links":{"self":[{"href":"https:\/\/www.huntersfriend.eu\/sv\/wp-json\/wp\/v2\/product\/286914","targetHints":{"allow":["GET"]}}],"collection":[{"href":"https:\/\/www.huntersfriend.eu\/sv\/wp-json\/wp\/v2\/product"}],"about":[{"href":"https:\/\/www.huntersfriend.eu\/sv\/wp-json\/wp\/v2\/types\/product"}],"replies":[{"embeddable":true,"href":"https:\/\/www.huntersfriend.eu\/sv\/wp-json\/wp\/v2\/comments?post=286914"}],"wp:featuredmedia":[{"embeddable":true,"href":"https:\/\/www.huntersfriend.eu\/sv\/wp-json\/wp\/v2\/media\/286916"}],"wp:attachment":[{"href":"https:\/\/www.huntersfriend.eu\/sv\/wp-json\/wp\/v2\/media?parent=286914"}],"wp:term":[{"taxonomy":"product_brand","embeddable":true,"href":"https:\/\/www.huntersfriend.eu\/sv\/wp-json\/wp\/v2\/product_brand?post=286914"},{"taxonomy":"product_cat","embeddable":true,"href":"https:\/\/www.huntersfriend.eu\/sv\/wp-json\/wp\/v2\/product_cat?post=286914"},{"taxonomy":"product_tag","embeddable":true,"href":"https:\/\/www.huntersfriend.eu\/sv\/wp-json\/wp\/v2\/product_tag?post=286914"}],"curies":[{"name":"wp","href":"https:\/\/api.w.org\/{rel}","templated":true}]}}