{"id":286912,"date":"2023-12-21T00:57:37","date_gmt":"2023-12-20T22:57:37","guid":{"rendered":"https:\/\/www.huntersfriend.eu\/product\/armytek-wizard-v4-c2-pro-max-lr-usb-2\/"},"modified":"2026-03-18T22:00:30","modified_gmt":"2026-03-18T20:00:30","slug":"armytek-wizard-v4-c2-pro-max-lr-usb-2","status":"publish","type":"product","link":"https:\/\/www.huntersfriend.eu\/sv\/produkt\/armytek-wizard-v4-c2-pro-max-lr-usb-2\/","title":{"rendered":"Armytek Wizard v4 C2 Pro Max LR USB"},"content":{"rendered":"<p><span class=\"jCAhz ChMk0b\"><span class=\"ryNqvb\">Armytek Wizard v4 C2 Pro Max LR USB \u00e4r en nyare Long Range-modell av den popul\u00e4ra Armytek Wizard V4 C2 Pro Max-lampan.<\/span><\/span> <span class=\"jCAhz ChMk0b\"><span class=\"ryNqvb\">Den st\u00f6rsta skillnaden \u00e4r \u00f6kningen av ljusstyrkan upp till 4150 lumen.<\/span><\/span> <span class=\"jCAhz ChMk0b\"><span class=\"ryNqvb\">R\u00e4ckvidden f\u00f6r den praktiska str\u00e5lkastaren n\u00e5r upp till 181 meter, utan att kompromissa med str\u00e5lkastarens omfattning!<\/span><\/span><\/p>\n<p><span class=\"jCAhz ChMk0b\"><span class=\"ryNqvb\">Belysningssetet inneh\u00e5ller f\u00f6ljande tillbeh\u00f6r: Pannband, kl\u00e4mma, 21700-batteri (5000 mAh), magnetisk USB-laddare, 18650-batteriadapter, O-ringar och anv\u00e4ndarmanual.<\/span><\/span><\/p>\n<p><span class=\"jCAhz ChMk0b\"><span class=\"ryNqvb\">Ljusfl\u00f6de 4150lm<\/span><\/span><br \/>\n<span class=\"jCAhz ChMk0b\"><span class=\"ryNqvb\">R\u00e4ckvidd 181m<\/span><\/span><br \/>\n<span class=\"jCAhz ChMk0b\"><span class=\"ryNqvb\">Str\u00e5lbredd 35\u00b0:85\u00b0<\/span><\/span><br \/>\n<span class=\"jCAhz ChMk0b\"><span class=\"ryNqvb\">Vattent\u00e5lighet IP68 (10m)<\/span><\/span><br \/>\n<span class=\"jCAhz ChMk0b\"><span class=\"ryNqvb\">Slagt\u00e5lig max.<\/span><\/span> <span class=\"jCAhz ChMk0b\"><span class=\"ryNqvb\">fall 10m<\/span><\/span><br \/>\n<span class=\"jCAhz ChMk0b\"><span class=\"ryNqvb\">Batteri 21700 Li-lon, 5000mAh<\/span><\/span><br \/>\n<span class=\"jCAhz ChMk0b\"><span class=\"ryNqvb\">Storlek: 121,5 mm x 34,4 mm<\/span><\/span><br \/>\n<span class=\"jCAhz ChMk0b\"><span class=\"ryNqvb\">Vikt 81g (utan batteri)\/151g (med batteri)<\/span><\/span><\/p>\n","protected":false},"excerpt":{"rendered":"<p>Armytek Wizard v4 C2 Pro Max LR USB \u00e4r en nyare Long Range-modell av den popul\u00e4ra Armytek Wizard V4 C2 Pro Max-lampan. Den st\u00f6rsta skillnaden \u00e4r \u00f6kningen av ljusstyrkan upp till 4150 lumen. R\u00e4ckvidden f\u00f6r den praktiska str\u00e5lkastaren n\u00e5r upp till 181 meter, utan att kompromissa med str\u00e5lkastarens omfattning! Belysningssetet inneh\u00e5ller f\u00f6ljande tillbeh\u00f6r: Pannband, kl\u00e4mma, [&#8230;]\n","protected":false},"featured_media":259391,"comment_status":"open","ping_status":"closed","template":"","meta":[],"product_brand":[],"product_cat":[2525],"product_tag":[],"class_list":{"0":"post-286912","1":"product","2":"type-product","3":"status-publish","4":"has-post-thumbnail","6":"product_cat-jaktlampor","8":"first","9":"instock","10":"taxable","11":"shipping-taxable","12":"purchasable","13":"product-type-simple"},"composite_virtual":false,"composite_layout":"","composite_add_to_cart_form_location":"","composite_editable_in_cart":false,"composite_sold_individually_context":"","composite_shop_price_calc":"","composite_components":[],"composite_scenarios":[],"group_of_quantity":0,"min_quantity":0,"max_quantity":"","exclude_order_quantity_value_rules":"no","exclude_category_quantity_rules":"no","combine_variations":"no","exclude_global_add_ons":[],"addons":[],"_links":{"self":[{"href":"https:\/\/www.huntersfriend.eu\/sv\/wp-json\/wp\/v2\/product\/286912","targetHints":{"allow":["GET"]}}],"collection":[{"href":"https:\/\/www.huntersfriend.eu\/sv\/wp-json\/wp\/v2\/product"}],"about":[{"href":"https:\/\/www.huntersfriend.eu\/sv\/wp-json\/wp\/v2\/types\/product"}],"replies":[{"embeddable":true,"href":"https:\/\/www.huntersfriend.eu\/sv\/wp-json\/wp\/v2\/comments?post=286912"}],"wp:featuredmedia":[{"embeddable":true,"href":"https:\/\/www.huntersfriend.eu\/sv\/wp-json\/wp\/v2\/media\/259391"}],"wp:attachment":[{"href":"https:\/\/www.huntersfriend.eu\/sv\/wp-json\/wp\/v2\/media?parent=286912"}],"wp:term":[{"taxonomy":"product_brand","embeddable":true,"href":"https:\/\/www.huntersfriend.eu\/sv\/wp-json\/wp\/v2\/product_brand?post=286912"},{"taxonomy":"product_cat","embeddable":true,"href":"https:\/\/www.huntersfriend.eu\/sv\/wp-json\/wp\/v2\/product_cat?post=286912"},{"taxonomy":"product_tag","embeddable":true,"href":"https:\/\/www.huntersfriend.eu\/sv\/wp-json\/wp\/v2\/product_tag?post=286912"}],"curies":[{"name":"wp","href":"https:\/\/api.w.org\/{rel}","templated":true}]}}