{"id":286910,"date":"2023-12-09T01:09:22","date_gmt":"2023-12-08T23:09:22","guid":{"rendered":"https:\/\/www.huntersfriend.eu\/product\/killets-volfram-18-hagelpatroner-25-mm\/"},"modified":"2025-08-26T14:26:39","modified_gmt":"2025-08-26T12:26:39","slug":"killets-volfram-18-hagelpatroner-25-mm","status":"publish","type":"product","link":"https:\/\/www.huntersfriend.eu\/sv\/produkt\/killets-volfram-18-hagelpatroner-25-mm\/","title":{"rendered":"Killets volfram 18 hagelpatroner 2,5 mm"},"content":{"rendered":"<p><span class=\"jCAhz ChMk0b\"><span class=\"ryNqvb\">Slipade, runda skott.<\/span><\/span> <span class=\"jCAhz ChMk0b\"><span class=\"ryNqvb\">Specifik vikt 18g\/cm3.<\/span><\/span> <span class=\"jCAhz ChMk0b\"><span class=\"ryNqvb\">Som hagelmaterial \u00e4r volfram tyngre och h\u00e5rdare \u00e4n bly.<\/span><\/span> <span class=\"jCAhz ChMk0b\"><span class=\"ryNqvb\">T\u00e4ta hagelsv\u00e4rmar och tunga skott m\u00f6jligg\u00f6r utm\u00e4rkt penetration.<\/span><\/span> <span class=\"jCAhz ChMk0b\"><span class=\"ryNqvb\">Vid anv\u00e4ndning av volframhagel kan betydligt mindre hagel anv\u00e4ndas j\u00e4mf\u00f6rt med blyhagel, s\u00e5 att hagelsv\u00e4rmen t\u00e4cker b\u00e4ttre och det effektiva skjutavst\u00e5ndet \u00e4r l\u00e4ngre.<\/span><\/span> <span class=\"jCAhz ChMk0b\"><span class=\"ryNqvb\">Volfram \u00e4r ett giftfritt hagelmaterial och \u00e4r lagligt att anv\u00e4nda f\u00f6r jakt p\u00e5 sj\u00f6f\u00e5gel.<\/span><\/span><\/p>\n<p><span class=\"jCAhz ChMk0b\"><span class=\"ryNqvb\">1 kg f\u00f6rpackning<\/span><\/span><\/p>\n<p><span class=\"jCAhz ChMk0b\"><span class=\"ryNqvb\">Haglets vikt \u00e4r 18g \/ cm\u00b3<\/span><\/span><\/p>\n","protected":false},"excerpt":{"rendered":"<p>2,5 mm hagel<\/p>\n","protected":false},"featured_media":259373,"comment_status":"open","ping_status":"closed","template":"","meta":[],"product_brand":[],"product_cat":[2832],"product_tag":[],"class_list":{"0":"post-286910","1":"product","2":"type-product","3":"status-publish","4":"has-post-thumbnail","6":"product_cat-laddningsutrustning","8":"first","9":"outofstock","10":"taxable","11":"shipping-taxable","12":"purchasable","13":"product-type-simple"},"composite_virtual":false,"composite_layout":"","composite_add_to_cart_form_location":"","composite_editable_in_cart":false,"composite_sold_individually_context":"","composite_shop_price_calc":"","composite_components":[],"composite_scenarios":[],"group_of_quantity":0,"min_quantity":0,"max_quantity":"","exclude_order_quantity_value_rules":"no","exclude_category_quantity_rules":"no","combine_variations":"no","exclude_global_add_ons":[],"addons":[],"_links":{"self":[{"href":"https:\/\/www.huntersfriend.eu\/sv\/wp-json\/wp\/v2\/product\/286910","targetHints":{"allow":["GET"]}}],"collection":[{"href":"https:\/\/www.huntersfriend.eu\/sv\/wp-json\/wp\/v2\/product"}],"about":[{"href":"https:\/\/www.huntersfriend.eu\/sv\/wp-json\/wp\/v2\/types\/product"}],"replies":[{"embeddable":true,"href":"https:\/\/www.huntersfriend.eu\/sv\/wp-json\/wp\/v2\/comments?post=286910"}],"wp:featuredmedia":[{"embeddable":true,"href":"https:\/\/www.huntersfriend.eu\/sv\/wp-json\/wp\/v2\/media\/259373"}],"wp:attachment":[{"href":"https:\/\/www.huntersfriend.eu\/sv\/wp-json\/wp\/v2\/media?parent=286910"}],"wp:term":[{"taxonomy":"product_brand","embeddable":true,"href":"https:\/\/www.huntersfriend.eu\/sv\/wp-json\/wp\/v2\/product_brand?post=286910"},{"taxonomy":"product_cat","embeddable":true,"href":"https:\/\/www.huntersfriend.eu\/sv\/wp-json\/wp\/v2\/product_cat?post=286910"},{"taxonomy":"product_tag","embeddable":true,"href":"https:\/\/www.huntersfriend.eu\/sv\/wp-json\/wp\/v2\/product_tag?post=286910"}],"curies":[{"name":"wp","href":"https:\/\/api.w.org\/{rel}","templated":true}]}}