{"id":286902,"date":"2023-12-20T01:05:33","date_gmt":"2023-12-19T23:05:33","guid":{"rendered":"https:\/\/www.huntersfriend.eu\/product\/sitka-merino-330-handske-subalpine\/"},"modified":"2025-08-26T14:26:34","modified_gmt":"2025-08-26T12:26:34","slug":"sitka-merino-330-handske-subalpine","status":"publish","type":"product","link":"https:\/\/www.huntersfriend.eu\/sv\/produkt\/sitka-merino-330-handske-subalpine\/","title":{"rendered":"SITKA merino 330-handske subalpine"},"content":{"rendered":"<p><span class=\"jCAhz ChMk0b\"><span class=\"ryNqvb\">SITKA Merino 330-handskar \u00e4r designade f\u00f6r f\u00f6rh\u00e5llanden d\u00e4r v\u00e4rme och god andningsf\u00f6rm\u00e5ga beh\u00f6vs, utan att kompromissa med handskarnas funktionalitet.<\/span><\/span> <span class=\"jCAhz ChMk0b\"><span class=\"ryNqvb\">Merinoull erbjuder ett h\u00f6gt f\u00f6rh\u00e5llande mellan v\u00e4rme och vikt, vilket inneb\u00e4r att den \u00e4r varm men l\u00e4tt och tunn n\u00e4r den b\u00e4rs.<\/span><\/span> <span class=\"jCAhz ChMk0b\"><span class=\"ryNqvb\">Det \u00e5tervunna syntetiska fodret transporterar snabbt och effektivt bort fukt fr\u00e5n huden och f\u00f6rhindrar att h\u00e4nderna fryser.<\/span><\/span> <span class=\"jCAhz ChMk0b\"><span class=\"ryNqvb\">ArmorSpun-merinoullen som anv\u00e4nds av Sitka \u00e4r f\u00f6rst\u00e4rkt med nylon f\u00f6r att \u00f6ka tygets h\u00e5llbarhet.<\/span><\/span><\/p>\n<p><span class=\"jCAhz ChMk0b\"><span class=\"ryNqvb\">L\u00e4tt och slitstark 330 gram<\/span><\/span><\/p>\n<p><span class=\"jCAhz ChMk0b\"><span class=\"ryNqvb\">17,5 micron ArmorSpun Merinoull yttertyg.<\/span><\/span><\/p>\n<p><span class=\"jCAhz ChMk0b\"><span class=\"ryNqvb\">\u00c5tervunnet syntetiskt innertyg skyddar mot kl\u00e5da och f\u00f6rb\u00e4ttrar fukttransporten<\/span><\/span><\/p>\n<p><span class=\"jCAhz ChMk0b\"><span class=\"ryNqvb\">Merinoull som \u00e4r l\u00e4tt att sk\u00f6ta kan tv\u00e4ttas och torkas med vanlig tv\u00e4tt<\/span><\/span><\/p>\n<p><span class=\"jCAhz ChMk0b\"><span class=\"ryNqvb\">Peksk\u00e4rmskompatibel Ax\u00ae Connect tumme och pekfinger<\/span><\/span><\/p>\n<p><span class=\"jCAhz ChMk0b\"><span class=\"ryNqvb\">Total vikt: 62,37 gram<\/span><\/span><\/p>\n<p><span class=\"jCAhz ChMk0b\"><span class=\"ryNqvb\">Storlekar: m-XL<\/span><\/span><\/p>\n<p><span class=\"jCAhz ChMk0b\"><span class=\"ryNqvb\">F\u00e4rg: <\/span><\/span>optifade subalpine<\/p>\n","protected":false},"excerpt":{"rendered":"<p>SITKA Merino 330-handskar \u00e4r designade f\u00f6r f\u00f6rh\u00e5llanden d\u00e4r v\u00e4rme och god andningsf\u00f6rm\u00e5ga beh\u00f6vs, utan att kompromissa med handskarnas funktionalitet. Merinoull erbjuder ett h\u00f6gt f\u00f6rh\u00e5llande mellan v\u00e4rme och vikt, vilket inneb\u00e4r att den \u00e4r varm men l\u00e4tt och tunn n\u00e4r den b\u00e4rs. Det \u00e5tervunna syntetiska fodret transporterar snabbt och effektivt bort fukt fr\u00e5n huden och f\u00f6rhindrar [&#8230;]\n","protected":false},"featured_media":259381,"comment_status":"open","ping_status":"closed","template":"","meta":[],"product_brand":[],"product_cat":[2809],"product_tag":[],"class_list":{"0":"post-286902","1":"product","2":"type-product","3":"status-publish","4":"has-post-thumbnail","6":"product_cat-handskar","8":"first","9":"instock","10":"taxable","11":"shipping-taxable","12":"purchasable","13":"product-type-variable"},"composite_virtual":false,"composite_layout":"","composite_add_to_cart_form_location":"","composite_editable_in_cart":false,"composite_sold_individually_context":"","composite_shop_price_calc":"","composite_components":[],"composite_scenarios":[],"group_of_quantity":0,"min_quantity":0,"max_quantity":"","exclude_order_quantity_value_rules":"no","exclude_category_quantity_rules":"no","combine_variations":"no","exclude_global_add_ons":[],"addons":[],"_links":{"self":[{"href":"https:\/\/www.huntersfriend.eu\/sv\/wp-json\/wp\/v2\/product\/286902","targetHints":{"allow":["GET"]}}],"collection":[{"href":"https:\/\/www.huntersfriend.eu\/sv\/wp-json\/wp\/v2\/product"}],"about":[{"href":"https:\/\/www.huntersfriend.eu\/sv\/wp-json\/wp\/v2\/types\/product"}],"replies":[{"embeddable":true,"href":"https:\/\/www.huntersfriend.eu\/sv\/wp-json\/wp\/v2\/comments?post=286902"}],"wp:featuredmedia":[{"embeddable":true,"href":"https:\/\/www.huntersfriend.eu\/sv\/wp-json\/wp\/v2\/media\/259381"}],"wp:attachment":[{"href":"https:\/\/www.huntersfriend.eu\/sv\/wp-json\/wp\/v2\/media?parent=286902"}],"wp:term":[{"taxonomy":"product_brand","embeddable":true,"href":"https:\/\/www.huntersfriend.eu\/sv\/wp-json\/wp\/v2\/product_brand?post=286902"},{"taxonomy":"product_cat","embeddable":true,"href":"https:\/\/www.huntersfriend.eu\/sv\/wp-json\/wp\/v2\/product_cat?post=286902"},{"taxonomy":"product_tag","embeddable":true,"href":"https:\/\/www.huntersfriend.eu\/sv\/wp-json\/wp\/v2\/product_tag?post=286902"}],"curies":[{"name":"wp","href":"https:\/\/api.w.org\/{rel}","templated":true}]}}