{"id":286897,"date":"2023-12-22T00:54:21","date_gmt":"2023-12-21T22:54:21","guid":{"rendered":"https:\/\/www.huntersfriend.eu\/product\/rcbs-rock-chucker-supreme-kit-2\/"},"modified":"2025-08-26T14:26:07","modified_gmt":"2025-08-26T12:26:07","slug":"rcbs-rock-chucker-supreme-kit-2","status":"publish","type":"product","link":"https:\/\/www.huntersfriend.eu\/sv\/produkt\/rcbs-rock-chucker-supreme-kit-2\/","title":{"rendered":"RCBS Rock chucker supreme KIT"},"content":{"rendered":"<p>Rock Chucker Supreme Master Reloading Kit har l\u00e4nge varit kungen av laddningskit. Vi tog riktm\u00e4rket f\u00f6r enstegspressar (Rock Chucker Supreme) och omgav den med den utrustning du beh\u00f6ver (f\u00f6rutom verktyg och hylsh\u00e5llare) f\u00f6r att b\u00f6rja handladda ammunition som ett proffs. <\/p>\n<p><strong>Rock chucker supreme<\/strong><\/p>\n<p>Ryggm\u00e4rgen i detta laddningskit \u00e4r den legendariska Rock Chucker Supreme enstegspressen. Den kombinerar enkel anv\u00e4ndning, ambidextri\u00f6st handtag, enast\u00e5ende styrka och m\u00e5ngsidighet f\u00f6r att f\u00f6rtj\u00e4na den eftertraktade platsen p\u00e5 din laddningsb\u00e4nk. Med ett rymligt 4,25&#8243; laddningsf\u00f6nster som \u00e4r perfekt l\u00e4mpat f\u00f6r laddning av l\u00e4ngre magnum och en central pivotdesign som ger enast\u00e5ende h\u00e4vst\u00e5ng f\u00f6r att kalibrera de tuffaste hylsorna.  <\/p>\n<p><strong>Inkluderar Uniflow Powder Measure III<\/strong><\/p>\n<p>Uniflow-III Powder Measure \u00e4r den mest exakta Uniflow som RCBS n\u00e5gonsin har producerat. UPM-III ger konsekvent exakta laddningar, g\u00e5ng efter g\u00e5ng. Den exakta sn\u00e4va toleransen till\u00e5ter att krut h\u00e4lls j\u00e4mnt fr\u00e5n m\u00e4tcylindern och in i en hylsa, vilket eliminerar farorna med \u00f6verbelastning orsakad av igens\u00e4ttning n\u00e4r laddningar dumpas.  <\/p>\n<p><strong>Levereras med den mekaniska v\u00e5gen M500<\/strong><\/p>\n<p>Med en bepr\u00f6vad tv\u00e5viktsdesign som l\u00e5ter dig v\u00e4ga upp till 505 grains med +\/-0,1-grains noggrannhet, erbjuder RCBS M500 Sale \u00e4ven RCBS:s magnetiska d\u00e4mpningssystem f\u00f6r snabba avl\u00e4sningar och underh\u00e5llsfri r\u00f6relse.<\/p>\n<p><strong>Inkluderar \u00e4ven v\u00e5rt handprimingsverktyg<\/strong><\/p>\n<p>RCBS Hand Priming Tool s\u00e4tter inte bara t\u00e4ndhattar snabbt, en s\u00e4kerhetsmekanism separerar \u00e4ven s\u00e4ttningsoperationen fr\u00e5n t\u00e4ndhattsf\u00f6rs\u00f6rjningen f\u00f6r att minska risken f\u00f6r brickdetonation.<\/p>\n<p><strong>Rock Chucker Supreme laddningskit inneh\u00e5ller:<\/strong><\/p>\n<ul>\n<li>Rock chucker supreme Press<\/li>\n<li>Uniflow-III krutdoserare<\/li>\n<li>M500 mekanisk v\u00e5g<\/li>\n<li>Handprimingsverktyg<\/li>\n<li>.17-.60 Gradverktyg<\/li>\n<li>Tillbeh\u00f6rshandtag &#8211; 2 med tv\u00e5 hylshalsborstar<\/li>\n<li>Universellt hylsladdningsblock<\/li>\n<li>Insexnyckelsats<\/li>\n<li>Hylssm\u00f6rjkit<\/li>\n<li>Kruttratt<\/li>\n<li>Speer laddningsmanual<\/li>\n<\/ul>\n","protected":false},"excerpt":{"rendered":"<p>Rock Chucker Supreme Master Reloading Kit har l\u00e4nge varit kungen av laddningskit. Vi tog riktm\u00e4rket f\u00f6r enstegspressar (Rock Chucker Supreme) och omgav den med den utrustning du beh\u00f6ver (f\u00f6rutom verktyg och hylsh\u00e5llare) f\u00f6r att b\u00f6rja handladda ammunition som ett proffs. Rock chucker supreme Ryggm\u00e4rgen i detta laddningskit \u00e4r den legendariska Rock Chucker Supreme enstegspressen. Den [&#8230;]\n","protected":false},"featured_media":286898,"comment_status":"open","ping_status":"closed","template":"","meta":[],"product_brand":[],"product_cat":[2832],"product_tag":[],"class_list":{"0":"post-286897","1":"product","2":"type-product","3":"status-publish","4":"has-post-thumbnail","6":"product_cat-laddningsutrustning","7":"product_shipping_class-medium-sv","9":"first","10":"instock","11":"taxable","12":"shipping-taxable","13":"purchasable","14":"product-type-simple"},"composite_virtual":false,"composite_layout":"","composite_add_to_cart_form_location":"","composite_editable_in_cart":false,"composite_sold_individually_context":"","composite_shop_price_calc":"","composite_components":[],"composite_scenarios":[],"group_of_quantity":0,"min_quantity":0,"max_quantity":"","exclude_order_quantity_value_rules":"no","exclude_category_quantity_rules":"no","combine_variations":"no","exclude_global_add_ons":[],"addons":[],"_links":{"self":[{"href":"https:\/\/www.huntersfriend.eu\/sv\/wp-json\/wp\/v2\/product\/286897","targetHints":{"allow":["GET"]}}],"collection":[{"href":"https:\/\/www.huntersfriend.eu\/sv\/wp-json\/wp\/v2\/product"}],"about":[{"href":"https:\/\/www.huntersfriend.eu\/sv\/wp-json\/wp\/v2\/types\/product"}],"replies":[{"embeddable":true,"href":"https:\/\/www.huntersfriend.eu\/sv\/wp-json\/wp\/v2\/comments?post=286897"}],"wp:featuredmedia":[{"embeddable":true,"href":"https:\/\/www.huntersfriend.eu\/sv\/wp-json\/wp\/v2\/media\/286898"}],"wp:attachment":[{"href":"https:\/\/www.huntersfriend.eu\/sv\/wp-json\/wp\/v2\/media?parent=286897"}],"wp:term":[{"taxonomy":"product_brand","embeddable":true,"href":"https:\/\/www.huntersfriend.eu\/sv\/wp-json\/wp\/v2\/product_brand?post=286897"},{"taxonomy":"product_cat","embeddable":true,"href":"https:\/\/www.huntersfriend.eu\/sv\/wp-json\/wp\/v2\/product_cat?post=286897"},{"taxonomy":"product_tag","embeddable":true,"href":"https:\/\/www.huntersfriend.eu\/sv\/wp-json\/wp\/v2\/product_tag?post=286897"}],"curies":[{"name":"wp","href":"https:\/\/api.w.org\/{rel}","templated":true}]}}