{"id":286892,"date":"2023-12-22T01:00:10","date_gmt":"2023-12-21T23:00:10","guid":{"rendered":"https:\/\/www.huntersfriend.eu\/product\/hornady-cam-lock-trimmer-2\/"},"modified":"2025-08-26T14:26:02","modified_gmt":"2025-08-26T12:26:02","slug":"hornady-cam-lock-trimmer-2","status":"publish","type":"product","link":"https:\/\/www.huntersfriend.eu\/sv\/produkt\/hornady-cam-lock-trimmer-2\/","title":{"rendered":"Hornady Cam lock\u2122-trimmer"},"content":{"rendered":"<p>Hornady Hornady Cam Lock\u2122-trimmern har ett unikt s\u00e4tt att l\u00e5sa fast hylsan i hylsh\u00e5llaren. Denna trimmer \u00e5terst\u00e4ller noggrant avfyrade hylsor till r\u00e4tt l\u00e4ngd oavsett hylsans kanttjocklek. <\/p>\n<p>Spaken l\u00e5ser fast hylsan. Micro Adjust-sk\u00e4raren till\u00e5ter justeringar p\u00e5 0,001&#8243; utan att flytta hylsan (extra kostnad p\u00e5 konkurrenters trimmers). Dessutom \u00e4r dess utbytbara sk\u00e4rhuvud med stor diameter tillverkat av ultrah\u00e5rt verktygsst\u00e5l och trimmar hylsor upp till kaliber .50.  <\/p>\n<p>Anv\u00e4nd endast standard Hornady-hylsh\u00e5llare och -piloter.<\/p>\n<p>Hornady Cam Lock\u2122-trimmern inkluderar tio av de popul\u00e4raste pilotstorlekarna: 22 cal, 6 mm, 25 cal, 6,5 mm, 270 cal, 7 mm, 30 cal, 35 cal, 38 cal, 45 cal.<\/p>\n","protected":false},"excerpt":{"rendered":"<p>Hornady Hornady Cam Lock\u2122-trimmern har ett unikt s\u00e4tt att l\u00e5sa fast hylsan i hylsh\u00e5llaren. Denna trimmer \u00e5terst\u00e4ller noggrant avfyrade hylsor till r\u00e4tt l\u00e4ngd oavsett hylsans kanttjocklek. Spaken l\u00e5ser fast hylsan. Micro Adjust-sk\u00e4raren till\u00e5ter justeringar p\u00e5 0,001&#8243; utan att flytta hylsan (extra kostnad p\u00e5 konkurrenters trimmers). Dessutom \u00e4r dess utbytbara sk\u00e4rhuvud med stor diameter tillverkat av [&#8230;]\n","protected":false},"featured_media":286896,"comment_status":"open","ping_status":"closed","template":"","meta":[],"product_brand":[],"product_cat":[2832],"product_tag":[],"class_list":{"0":"post-286892","1":"product","2":"type-product","3":"status-publish","4":"has-post-thumbnail","6":"product_cat-laddningsutrustning","8":"first","9":"instock","10":"taxable","11":"shipping-taxable","12":"purchasable","13":"product-type-simple"},"composite_virtual":false,"composite_layout":"","composite_add_to_cart_form_location":"","composite_editable_in_cart":false,"composite_sold_individually_context":"","composite_shop_price_calc":"","composite_components":[],"composite_scenarios":[],"group_of_quantity":0,"min_quantity":0,"max_quantity":"","exclude_order_quantity_value_rules":"no","exclude_category_quantity_rules":"no","combine_variations":"no","exclude_global_add_ons":[],"addons":[],"_links":{"self":[{"href":"https:\/\/www.huntersfriend.eu\/sv\/wp-json\/wp\/v2\/product\/286892","targetHints":{"allow":["GET"]}}],"collection":[{"href":"https:\/\/www.huntersfriend.eu\/sv\/wp-json\/wp\/v2\/product"}],"about":[{"href":"https:\/\/www.huntersfriend.eu\/sv\/wp-json\/wp\/v2\/types\/product"}],"replies":[{"embeddable":true,"href":"https:\/\/www.huntersfriend.eu\/sv\/wp-json\/wp\/v2\/comments?post=286892"}],"wp:featuredmedia":[{"embeddable":true,"href":"https:\/\/www.huntersfriend.eu\/sv\/wp-json\/wp\/v2\/media\/286896"}],"wp:attachment":[{"href":"https:\/\/www.huntersfriend.eu\/sv\/wp-json\/wp\/v2\/media?parent=286892"}],"wp:term":[{"taxonomy":"product_brand","embeddable":true,"href":"https:\/\/www.huntersfriend.eu\/sv\/wp-json\/wp\/v2\/product_brand?post=286892"},{"taxonomy":"product_cat","embeddable":true,"href":"https:\/\/www.huntersfriend.eu\/sv\/wp-json\/wp\/v2\/product_cat?post=286892"},{"taxonomy":"product_tag","embeddable":true,"href":"https:\/\/www.huntersfriend.eu\/sv\/wp-json\/wp\/v2\/product_tag?post=286892"}],"curies":[{"name":"wp","href":"https:\/\/api.w.org\/{rel}","templated":true}]}}