{"id":286891,"date":"2023-12-22T01:00:07","date_gmt":"2023-12-21T23:00:07","guid":{"rendered":"https:\/\/www.huntersfriend.eu\/product\/hornady-lock-n-load-classic-kit-2\/"},"modified":"2025-08-26T14:26:02","modified_gmt":"2025-08-26T12:26:02","slug":"hornady-lock-n-load-classic-kit-2","status":"publish","type":"product","link":"https:\/\/www.huntersfriend.eu\/sv\/produkt\/hornady-lock-n-load-classic-kit-2\/","title":{"rendered":"Hornady Lock-N-Load Classic-kit"},"content":{"rendered":"<p>Hornady Lock-N-Load Classic-kit \u00e4r en enstegspress. Den \u00e4r perfekt f\u00f6r b\u00e5de nyb\u00f6rjare och de som vill ha fullst\u00e4ndig kontroll \u00f6ver hela processen. Lock-N-Load Classic levererar b\u00e5de p\u00e5litlighet och precision med sin unikt vinklade, solida gjutram som ger b\u00e4ttre synlighet och enklare \u00e5tkomst till patronen. Designad f\u00f6r att s\u00e4kerst\u00e4lla perfekt inriktning av verktyg och hylsh\u00e5llare, och Lock-N-Load snabbv\u00e4xlingssystem g\u00f6r ocks\u00e5 processen snabb och enkel.   <\/p>\n<h3>Funktioner<\/h3>\n<p><strong>Lock-N-Load\u00ae snabbv\u00e4xlingssystem<\/strong><\/p>\n<p>Lock-N-Load\u00ae-bussningar l\u00e5ter dig inte bara byta fr\u00e5n ett verktyg till ett annat p\u00e5 n\u00e5gra sekunder, de erbjuder ocks\u00e5 den snabbaste och enklaste verktygsinst\u00e4llningen p\u00e5 marknaden. St\u00e4ll bara in verktyget och dra \u00e5t Sure-Loc\u2122-ringen p\u00e5 Lock-N-Load\u00ae-bussningen. Ta snabbt bort och installera om utan att beh\u00f6va justera verktyget eller ha ett separat s\u00e4ttverktyg f\u00f6r var och en av dina favoritladdningar.  <\/p>\n<p><strong>Power-Pac-l\u00e4nkage och solida st\u00e5larmar<\/strong><\/p>\n<p>Armarna roterar p\u00e5 st\u00e5lpinnar som l\u00f6per helt genom den gjutna ramen. Power-Pac-l\u00e4nkaget multiplicerar den h\u00e4vst\u00e5ng du applicerar p\u00e5 handtaget, vilket g\u00f6r det l\u00e4ttare att kalibrera hylsor och minskar anv\u00e4ndarens tr\u00f6tthet. <\/p>\n<p><strong>Positive Priming System\u2122 (PPS)<\/strong><\/p>\n<p>N\u00e4r den anv\u00e4nda t\u00e4ndhatten matas ut h\u00f6gst upp i slaget kan du l\u00e4gga till en ny t\u00e4ndhatt i PPS och den justeras automatiskt f\u00f6r att mata och s\u00e4tta in t\u00e4ndhatten l\u00e4ngst ner i slaget d\u00e4r h\u00e4vst\u00e5ngen \u00e4r b\u00e4st. V\u00e5r sj\u00e4lvjusterande t\u00e4ndhattsarm m\u00f6jligg\u00f6r ocks\u00e5 enkel manuell ins\u00e4ttning av t\u00e4ndhattar utan att beh\u00f6va h\u00f6ja handtaget. Allt arbete utf\u00f6rs l\u00e4ngst ner i slaget. Fungerar l\u00e4ttare \u00e4n ramt\u00e4ndhattsenheter och mycket b\u00e4ttre \u00e4n gamla t\u00e4ndhattsarmar. Liten och stor stans ing\u00e5r.    <\/p>\n<p><strong>Stark vinklad ram<\/strong><\/p>\n<p>Denna h\u00f6gh\u00e5llfasta legeringsram erbjuder den styvhet och stabilitet som beh\u00f6vs f\u00f6r precisionsomladdning och garanteras att aldrig g\u00e5 s\u00f6nder eller misslyckas. Ramens unika vinkel ger omladdaren b\u00e4ttre synlighet och enklare \u00e5tkomst till patronen i pressen. <\/p>\n<p><strong>L\u00e4ttgreppshandtag<\/strong><\/p>\n<p>Stort handtag i kulstil minskar tr\u00f6tthet. Det l\u00e5nga handtaget \u00f6kar h\u00e4vst\u00e5ngen och minskar anstr\u00e4ngningen. <\/p>\n<p><strong>Automatisk t\u00e4ndhattsmatare (tillval, artikelnummer 070905)<\/strong><\/p>\n<p>Inkluderar b\u00e5de stora och sm\u00e5 t\u00e4ndhattsr\u00f6r. Anv\u00e4nd med v\u00e5rt Positive Priming System\u2122 och det \u00e4r slut med att fumla med t\u00e4ndhattar \u2013 t\u00e4ndhattsis\u00e4ttningen \u00e4r 100 % handsfree. S\u00e4ljs separat.  <\/p>\n<p><strong>Hornady Lock-N-Load Classic-kit inneh\u00e5ller:<\/strong><\/p>\n<ul>\n<li>Lock-N-Load\u00ae Classic\u2122<\/li>\n<li>Omladdningshandbok<\/li>\n<li>Lock-N-Load\u00ae krutdoserare<\/li>\n<li>Digital v\u00e5g<\/li>\n<li>Lock-N-Load\u00ae verktygsbussningar (3)<\/li>\n<li>T\u00e4ndhattsf\u00e5ngare<\/li>\n<li>Positive Priming\u2122-system<\/li>\n<li>Handh\u00e5llet t\u00e4ndhattsis\u00e4ttningsverktyg<\/li>\n<li>Universellt omladdningsblock<\/li>\n<li>Fasnings- och gradverktyg<\/li>\n<li>Kruttrickle<\/li>\n<li>Kruttratt<\/li>\n<li>One Shot\u00ae hylssm\u00f6rjmedel<\/li>\n<\/ul>\n","protected":false},"excerpt":{"rendered":"<p>Hornady Lock-N-Load Classic-kit \u00e4r en enstegspress. Den \u00e4r perfekt f\u00f6r b\u00e5de nyb\u00f6rjare och de som vill ha fullst\u00e4ndig kontroll \u00f6ver hela processen. Lock-N-Load Classic levererar b\u00e5de p\u00e5litlighet och precision med sin unikt vinklade, solida gjutram som ger b\u00e4ttre synlighet och enklare \u00e5tkomst till patronen. Designad f\u00f6r att s\u00e4kerst\u00e4lla perfekt inriktning av verktyg och hylsh\u00e5llare, och [&#8230;]\n","protected":false},"featured_media":286894,"comment_status":"open","ping_status":"closed","template":"","meta":[],"product_brand":[],"product_cat":[2832],"product_tag":[],"class_list":{"0":"post-286891","1":"product","2":"type-product","3":"status-publish","4":"has-post-thumbnail","6":"product_cat-laddningsutrustning","8":"first","9":"instock","10":"taxable","11":"shipping-taxable","12":"purchasable","13":"product-type-simple"},"composite_virtual":false,"composite_layout":"","composite_add_to_cart_form_location":"","composite_editable_in_cart":false,"composite_sold_individually_context":"","composite_shop_price_calc":"","composite_components":[],"composite_scenarios":[],"group_of_quantity":0,"min_quantity":0,"max_quantity":"","exclude_order_quantity_value_rules":"no","exclude_category_quantity_rules":"no","combine_variations":"no","exclude_global_add_ons":[],"addons":[],"_links":{"self":[{"href":"https:\/\/www.huntersfriend.eu\/sv\/wp-json\/wp\/v2\/product\/286891","targetHints":{"allow":["GET"]}}],"collection":[{"href":"https:\/\/www.huntersfriend.eu\/sv\/wp-json\/wp\/v2\/product"}],"about":[{"href":"https:\/\/www.huntersfriend.eu\/sv\/wp-json\/wp\/v2\/types\/product"}],"replies":[{"embeddable":true,"href":"https:\/\/www.huntersfriend.eu\/sv\/wp-json\/wp\/v2\/comments?post=286891"}],"wp:featuredmedia":[{"embeddable":true,"href":"https:\/\/www.huntersfriend.eu\/sv\/wp-json\/wp\/v2\/media\/286894"}],"wp:attachment":[{"href":"https:\/\/www.huntersfriend.eu\/sv\/wp-json\/wp\/v2\/media?parent=286891"}],"wp:term":[{"taxonomy":"product_brand","embeddable":true,"href":"https:\/\/www.huntersfriend.eu\/sv\/wp-json\/wp\/v2\/product_brand?post=286891"},{"taxonomy":"product_cat","embeddable":true,"href":"https:\/\/www.huntersfriend.eu\/sv\/wp-json\/wp\/v2\/product_cat?post=286891"},{"taxonomy":"product_tag","embeddable":true,"href":"https:\/\/www.huntersfriend.eu\/sv\/wp-json\/wp\/v2\/product_tag?post=286891"}],"curies":[{"name":"wp","href":"https:\/\/api.w.org\/{rel}","templated":true}]}}