{"id":286890,"date":"2023-12-22T01:00:06","date_gmt":"2023-12-21T23:00:06","guid":{"rendered":"https:\/\/www.huntersfriend.eu\/product\/hornady-lock-n-load-ap-progressive-press-2\/"},"modified":"2025-08-26T14:26:01","modified_gmt":"2025-08-26T12:26:01","slug":"hornady-lock-n-load-ap-progressive-press-2","status":"publish","type":"product","link":"https:\/\/www.huntersfriend.eu\/sv\/produkt\/hornady-lock-n-load-ap-progressive-press-2\/","title":{"rendered":"Hornady Lock-N-Load AP Progressive Press"},"content":{"rendered":"<p><span class=\"jCAhz ChMk0b\"><span class=\"ryNqvb\">Hornady Lock-N-Load AP progressiva laddpress \u00e4r en flerpositionsladdpress f\u00f6r laddning av centerfire gev\u00e4rs- och pistolpatroner.<\/span><\/span> <span class=\"jCAhz ChMk0b\"><span class=\"ryNqvb\">S\u00e4rskilt l\u00e4mplig f\u00f6r dem som enkelt och snabbt vill ladda ett st\u00f6rre antal patroner eller flera olika kalibrar i en serieproduktion <\/span><\/span><span class=\"jCAhz\"><span class=\"ryNqvb\">Hornadys Power-Pac Linkage-system multiplicerar och accelererar h\u00e4vst\u00e5ngseffekten p\u00e5 handtaget och g\u00f6r laddningen l\u00e4tt.<\/span><\/span> <span class=\"jCAhz ChMk0b\"><span class=\"ryNqvb\">Genom att vrida p\u00e5 laddningshandtaget p\u00e5 Hornady Lock-N-Load AP sker t\u00e4ndning, avt\u00e4ndning, pudring och kollaps automatiskt, s\u00e5 du f\u00e5r en f\u00e4rdig patron med varje drag i handtaget.<\/span><\/span> <\/p>\n<p><span class=\"jCAhz ChMk0b\"><span class=\"ryNqvb\">Hornady Lock-N-Load AP laddningspress har en inbyggd t\u00e4ndhattsborttagare och en t\u00e4ndhattsindikator som talar om n\u00e4r det \u00e4r dags att fylla p\u00e5 med t\u00e4ndhattar.<\/span><\/span> <span class=\"jCAhz ChMk0b\"><span class=\"ryNqvb\">Laddningspressen har ocks\u00e5 en pulverm\u00e4ngdsdispenser och en manuellt indexerbar 5-positions hylsplatta. <\/span><\/span><\/p>\n<p><span class=\"jCAhz ChMk0b\"><span class=\"ryNqvb\">I paketet ing\u00e5r: <\/span><\/span><\/p>\n<p><span class=\"jCAhz ChMk0b\"><span class=\"ryNqvb\">Hornady Lock-N-Load AP progressiv laddpress <\/span><\/span><\/p>\n<p><span class=\"jCAhz ChMk0b\"><span class=\"ryNqvb\">Pulverdispenser <\/span><\/span><\/p>\n<p><span class=\"jCAhz ChMk0b\"><span class=\"ryNqvb\">T\u00e4ndhattssystemet<\/span><\/span> <span class=\"jCAhz ChMk0b\"><span class=\"ryNqvb\">Hylssystem<\/span><\/span> <\/p>\n<p><span class=\"jCAhz ChMk0b\"><span class=\"ryNqvb\">Hylsplatta<\/span><\/span> <span class=\"jCAhz\"><span class=\"ryNqvb\">Patronh\u00e5llare<\/span><\/span><\/p>\n<p>&nbsp;<\/p>\n","protected":false},"excerpt":{"rendered":"<p>Hornady Lock-N-Load AP progressiva laddpress \u00e4r en flerpositionsladdpress f\u00f6r laddning av centerfire gev\u00e4rs- och pistolpatroner. S\u00e4rskilt l\u00e4mplig f\u00f6r dem som enkelt och snabbt vill ladda ett st\u00f6rre antal patroner eller flera olika kalibrar i en serieproduktion Hornadys Power-Pac Linkage-system multiplicerar och accelererar h\u00e4vst\u00e5ngseffekten p\u00e5 handtaget och g\u00f6r laddningen l\u00e4tt. Genom att vrida p\u00e5 laddningshandtaget p\u00e5 [&#8230;]\n","protected":false},"featured_media":286893,"comment_status":"open","ping_status":"closed","template":"","meta":[],"product_brand":[],"product_cat":[2832],"product_tag":[],"class_list":{"0":"post-286890","1":"product","2":"type-product","3":"status-publish","4":"has-post-thumbnail","6":"product_cat-laddningsutrustning","8":"first","9":"instock","10":"taxable","11":"shipping-taxable","12":"purchasable","13":"product-type-simple"},"composite_virtual":false,"composite_layout":"","composite_add_to_cart_form_location":"","composite_editable_in_cart":false,"composite_sold_individually_context":"","composite_shop_price_calc":"","composite_components":[],"composite_scenarios":[],"group_of_quantity":0,"min_quantity":0,"max_quantity":"","exclude_order_quantity_value_rules":"no","exclude_category_quantity_rules":"no","combine_variations":"no","exclude_global_add_ons":[],"addons":[],"_links":{"self":[{"href":"https:\/\/www.huntersfriend.eu\/sv\/wp-json\/wp\/v2\/product\/286890","targetHints":{"allow":["GET"]}}],"collection":[{"href":"https:\/\/www.huntersfriend.eu\/sv\/wp-json\/wp\/v2\/product"}],"about":[{"href":"https:\/\/www.huntersfriend.eu\/sv\/wp-json\/wp\/v2\/types\/product"}],"replies":[{"embeddable":true,"href":"https:\/\/www.huntersfriend.eu\/sv\/wp-json\/wp\/v2\/comments?post=286890"}],"wp:featuredmedia":[{"embeddable":true,"href":"https:\/\/www.huntersfriend.eu\/sv\/wp-json\/wp\/v2\/media\/286893"}],"wp:attachment":[{"href":"https:\/\/www.huntersfriend.eu\/sv\/wp-json\/wp\/v2\/media?parent=286890"}],"wp:term":[{"taxonomy":"product_brand","embeddable":true,"href":"https:\/\/www.huntersfriend.eu\/sv\/wp-json\/wp\/v2\/product_brand?post=286890"},{"taxonomy":"product_cat","embeddable":true,"href":"https:\/\/www.huntersfriend.eu\/sv\/wp-json\/wp\/v2\/product_cat?post=286890"},{"taxonomy":"product_tag","embeddable":true,"href":"https:\/\/www.huntersfriend.eu\/sv\/wp-json\/wp\/v2\/product_tag?post=286890"}],"curies":[{"name":"wp","href":"https:\/\/api.w.org\/{rel}","templated":true}]}}