{"id":286879,"date":"2023-12-22T00:54:20","date_gmt":"2023-12-21T22:54:20","guid":{"rendered":"https:\/\/www.huntersfriend.eu\/product\/rcbs-rock-chucker-supreme-press-2\/"},"modified":"2025-08-26T14:25:57","modified_gmt":"2025-08-26T12:25:57","slug":"rcbs-rock-chucker-supreme-press-2","status":"publish","type":"product","link":"https:\/\/www.huntersfriend.eu\/sv\/produkt\/rcbs-rock-chucker-supreme-press-2\/","title":{"rendered":"RCBS Rock Chucker Supreme Press"},"content":{"rendered":"<p>Rock Chucker Supreme kombinerar enkel anv\u00e4ndning, ambidextri\u00f6s hantering, enast\u00e5ende styrka och m\u00e5ngsidighet f\u00f6r att f\u00f6rtj\u00e4na den eftertraktade platsen p\u00e5 din laddb\u00e4nk. Med ett rymligt 4,25&#8243; laddningsf\u00f6nster som \u00e4r perfekt l\u00e4mpat f\u00f6r att ladda l\u00e4ngre magnum och en central pivotdesign som ger enast\u00e5ende h\u00e4vst\u00e5ng f\u00f6r att kalibrera de tuffaste hylsorna. Rock Chucker Supreme har ocks\u00e5 stora monteringspunkter, ett l\u00e5ngt handtag f\u00f6r att s\u00e4kerst\u00e4lla att du enkelt kan kalibrera dina hylsor utan r\u00e4dsla f\u00f6r att dra pressen fr\u00e5n b\u00e4nken.  <\/p>\n<p>Tillbeh\u00f6rsbasplatta ing\u00e5r inte.<\/p>\n<ul>\n<li>Accepterar standard 7\/8&#8243;-14 g\u00e4ngade verktyg med bussning och 1-1\/4&#8243;-12 utan bussning<\/li>\n<li>4,25&#8243; arbetsf\u00f6nster<\/li>\n<li>T\u00e4ndhatts\u00e4ttning p\u00e5 pressen<\/li>\n<li>Kraftig gjutj\u00e4rnskonstruktion<\/li>\n<li>Ambidextri\u00f6s<\/li>\n<li>St\u00f6ds av legendarisk<\/li>\n<\/ul>\n","protected":false},"excerpt":{"rendered":"<p>Rock Chucker Supreme kombinerar enkel anv\u00e4ndning, ambidextri\u00f6s hantering, enast\u00e5ende styrka och m\u00e5ngsidighet f\u00f6r att f\u00f6rtj\u00e4na den eftertraktade platsen p\u00e5 din laddb\u00e4nk. Med ett rymligt 4,25&#8243; laddningsf\u00f6nster som \u00e4r perfekt l\u00e4mpat f\u00f6r att ladda l\u00e4ngre magnum och en central pivotdesign som ger enast\u00e5ende h\u00e4vst\u00e5ng f\u00f6r att kalibrera de tuffaste hylsorna. Rock Chucker Supreme har ocks\u00e5 stora [&#8230;]\n","protected":false},"featured_media":286880,"comment_status":"open","ping_status":"closed","template":"","meta":[],"product_brand":[],"product_cat":[2832],"product_tag":[],"class_list":{"0":"post-286879","1":"product","2":"type-product","3":"status-publish","4":"has-post-thumbnail","6":"product_cat-laddningsutrustning","7":"product_shipping_class-medium-sv","9":"first","10":"instock","11":"taxable","12":"shipping-taxable","13":"purchasable","14":"product-type-simple"},"composite_virtual":false,"composite_layout":"","composite_add_to_cart_form_location":"","composite_editable_in_cart":false,"composite_sold_individually_context":"","composite_shop_price_calc":"","composite_components":[],"composite_scenarios":[],"group_of_quantity":0,"min_quantity":0,"max_quantity":"","exclude_order_quantity_value_rules":"no","exclude_category_quantity_rules":"no","combine_variations":"no","exclude_global_add_ons":[],"addons":[],"_links":{"self":[{"href":"https:\/\/www.huntersfriend.eu\/sv\/wp-json\/wp\/v2\/product\/286879","targetHints":{"allow":["GET"]}}],"collection":[{"href":"https:\/\/www.huntersfriend.eu\/sv\/wp-json\/wp\/v2\/product"}],"about":[{"href":"https:\/\/www.huntersfriend.eu\/sv\/wp-json\/wp\/v2\/types\/product"}],"replies":[{"embeddable":true,"href":"https:\/\/www.huntersfriend.eu\/sv\/wp-json\/wp\/v2\/comments?post=286879"}],"wp:featuredmedia":[{"embeddable":true,"href":"https:\/\/www.huntersfriend.eu\/sv\/wp-json\/wp\/v2\/media\/286880"}],"wp:attachment":[{"href":"https:\/\/www.huntersfriend.eu\/sv\/wp-json\/wp\/v2\/media?parent=286879"}],"wp:term":[{"taxonomy":"product_brand","embeddable":true,"href":"https:\/\/www.huntersfriend.eu\/sv\/wp-json\/wp\/v2\/product_brand?post=286879"},{"taxonomy":"product_cat","embeddable":true,"href":"https:\/\/www.huntersfriend.eu\/sv\/wp-json\/wp\/v2\/product_cat?post=286879"},{"taxonomy":"product_tag","embeddable":true,"href":"https:\/\/www.huntersfriend.eu\/sv\/wp-json\/wp\/v2\/product_tag?post=286879"}],"curies":[{"name":"wp","href":"https:\/\/api.w.org\/{rel}","templated":true}]}}