{"id":286874,"date":"2023-12-22T00:54:22","date_gmt":"2023-12-21T22:54:22","guid":{"rendered":"https:\/\/www.huntersfriend.eu\/product\/rcbs-trim-pro-2-manuell-hylstrimmer-kit\/"},"modified":"2025-08-26T14:25:55","modified_gmt":"2025-08-26T12:25:55","slug":"rcbs-trim-pro-2-manuell-hylstrimmer-kit","status":"publish","type":"product","link":"https:\/\/www.huntersfriend.eu\/sv\/produkt\/rcbs-trim-pro-2-manuell-hylstrimmer-kit\/","title":{"rendered":"RCBS Trim pro -2 Manuell hylstrimmer-kit"},"content":{"rendered":"<p>RCBS Trim Pro -2 Manuell hylstrimmer-kit har f\u00f6rb\u00e4ttrats med till\u00e4gget av en fj\u00e4derbelastad universell hylsh\u00e5llare. Den fj\u00e4derbelastade hylsh\u00e5llaren l\u00e5ser hylsan s\u00e4kert i linje med sk\u00e4raren. Obs: Hylsor med fl\u00e4nsdiametrar st\u00f6rre \u00e4n 0,625 tum m\u00e5ste trimmas p\u00e5 90352 High Capacity Trimmer.  <\/p>\n<ul>\n<li>Designad f\u00f6r en noggrannhet p\u00e5 0,001 tum<\/li>\n<li>Grov- och finjustering av triml\u00e4ngd<\/li>\n<li>Finjusteringsbussningen har 0,001-tums mikrometermarkeringar<\/li>\n<li>Fj\u00e4derbelastad hylsh\u00e5llare rymmer hylshuvuddiametrar fr\u00e5n 0,250 tum till 0,625 tums fl\u00e4nsar<\/li>\n<li>Hylsan passar fr\u00e5n 5,7 mm x 28 till .338 Lapua Magnum<\/li>\n<li>Kitet inneh\u00e5ller piloter: .22, .24, .25, .27, .28, .30, .35, .44 och .45<\/li>\n<\/ul>\n","protected":false},"excerpt":{"rendered":"<p>RCBS Trim Pro -2 Manuell hylstrimmer-kit har f\u00f6rb\u00e4ttrats med till\u00e4gget av en fj\u00e4derbelastad universell hylsh\u00e5llare. Den fj\u00e4derbelastade hylsh\u00e5llaren l\u00e5ser hylsan s\u00e4kert i linje med sk\u00e4raren. Obs: Hylsor med fl\u00e4nsdiametrar st\u00f6rre \u00e4n 0,625 tum m\u00e5ste trimmas p\u00e5 90352 High Capacity Trimmer. Designad f\u00f6r en noggrannhet p\u00e5 0,001 tum Grov- och finjustering av triml\u00e4ngd Finjusteringsbussningen har 0,001-tums [&#8230;]\n","protected":false},"featured_media":286878,"comment_status":"open","ping_status":"closed","template":"","meta":[],"product_brand":[],"product_cat":[2832],"product_tag":[],"class_list":{"0":"post-286874","1":"product","2":"type-product","3":"status-publish","4":"has-post-thumbnail","6":"product_cat-laddningsutrustning","7":"product_shipping_class-medium-sv","9":"first","10":"instock","11":"taxable","12":"shipping-taxable","13":"purchasable","14":"product-type-simple"},"composite_virtual":false,"composite_layout":"","composite_add_to_cart_form_location":"","composite_editable_in_cart":false,"composite_sold_individually_context":"","composite_shop_price_calc":"","composite_components":[],"composite_scenarios":[],"group_of_quantity":0,"min_quantity":0,"max_quantity":"","exclude_order_quantity_value_rules":"no","exclude_category_quantity_rules":"no","combine_variations":"no","exclude_global_add_ons":[],"addons":[],"_links":{"self":[{"href":"https:\/\/www.huntersfriend.eu\/sv\/wp-json\/wp\/v2\/product\/286874","targetHints":{"allow":["GET"]}}],"collection":[{"href":"https:\/\/www.huntersfriend.eu\/sv\/wp-json\/wp\/v2\/product"}],"about":[{"href":"https:\/\/www.huntersfriend.eu\/sv\/wp-json\/wp\/v2\/types\/product"}],"replies":[{"embeddable":true,"href":"https:\/\/www.huntersfriend.eu\/sv\/wp-json\/wp\/v2\/comments?post=286874"}],"wp:featuredmedia":[{"embeddable":true,"href":"https:\/\/www.huntersfriend.eu\/sv\/wp-json\/wp\/v2\/media\/286878"}],"wp:attachment":[{"href":"https:\/\/www.huntersfriend.eu\/sv\/wp-json\/wp\/v2\/media?parent=286874"}],"wp:term":[{"taxonomy":"product_brand","embeddable":true,"href":"https:\/\/www.huntersfriend.eu\/sv\/wp-json\/wp\/v2\/product_brand?post=286874"},{"taxonomy":"product_cat","embeddable":true,"href":"https:\/\/www.huntersfriend.eu\/sv\/wp-json\/wp\/v2\/product_cat?post=286874"},{"taxonomy":"product_tag","embeddable":true,"href":"https:\/\/www.huntersfriend.eu\/sv\/wp-json\/wp\/v2\/product_tag?post=286874"}],"curies":[{"name":"wp","href":"https:\/\/api.w.org\/{rel}","templated":true}]}}