{"id":286870,"date":"2023-12-22T01:00:09","date_gmt":"2023-12-21T23:00:09","guid":{"rendered":"https:\/\/www.huntersfriend.eu\/product\/hornady-lock-n-load-krutdoserare\/"},"modified":"2025-08-26T14:25:54","modified_gmt":"2025-08-26T12:25:54","slug":"hornady-lock-n-load-krutdoserare","status":"publish","type":"product","link":"https:\/\/www.huntersfriend.eu\/sv\/produkt\/hornady-lock-n-load-krutdoserare\/","title":{"rendered":"Hornady lock-n-load\u00ae krutdoserare"},"content":{"rendered":"<p>Hornady Lock-N-Load\u00ae krutdoserare erbjuder den mest flexibla anv\u00e4ndningen och det bredaste anv\u00e4ndningsomr\u00e5det. Lock-N-Load\u00ae krutdoserare kan hantera laddningar p\u00e5 0,5 till 265 grains krut n\u00e4r den kombineras med r\u00e4tt insats och rotor.<\/p>\n<p>Doseringsinsatser kan bytas med en knapptryckning, vilket ger handladdare m\u00f6jligheten att ladda allt fr\u00e5n sm\u00e5 pistolpatroner till stora magnum utan att beh\u00f6va k\u00f6pa flera krutdoserare. Inkluderar gev\u00e4rsrotor och doseringsinsats. Pistolrotor och insatser s\u00e4ljs separat.  <\/p>\n<h3>Funktioner<\/h3>\n<p><strong>Industrins st\u00f6rsta laddningsomr\u00e5de<\/strong><\/p>\n<p>Genom att helt enkelt byta rotor och insatser kan du anv\u00e4nda en Lock-N-Load\u00ae krutdoserare f\u00f6r att ladda krut och laddningar fr\u00e5n 0,5 grain till 265 grains.<\/p>\n<p><strong>Flera monteringsmetoder<\/strong><\/p>\n<p>Montera p\u00e5 din b\u00e4nk med hj\u00e4lp av ett standardmonteringsf\u00e4ste och l\u00e5sring, eller anv\u00e4nd v\u00e5ra Lock-N-Load\u00ae bussningar f\u00f6r att montera denna m\u00e5ngsidiga doserare p\u00e5 Fast Load krutdoserarstativ.<\/p>\n<p><strong>Tryckknappsfunktion<\/strong><\/p>\n<p>F\u00f6r att byta doseringsinsatser, tryck helt enkelt p\u00e5 frig\u00f6ringsknappen och byt till en annan doseringsinsats. Verifiera den nya laddningen och du laddar om igen direkt. Insatser kan bytas p\u00e5 n\u00e5gra sekunder. G\u00e5 fr\u00e5n att ladda 30-06 till 45 Auto p\u00e5 nolltid. F\u00f6rvara de f\u00f6rinst\u00e4llda insatserna med dina verktygsset.    <\/p>\n<p><strong>Justerbar sp\u00e4nning<\/strong><\/p>\n<p>O-ringen p\u00e5 doseringsinsatsens justering l\u00e5ter dig l\u00e4gga en liten m\u00e4ngd sp\u00e4nning p\u00e5 doseringsenheten f\u00f6r att g\u00f6ra fina, stegvisa justeringar. N\u00e4r du har st\u00e4llt in din laddning, dra \u00e5t l\u00e5sringen f\u00f6r att s\u00e4kra inst\u00e4llningen. <\/p>\n<p><strong>Precisionstolerans<\/strong><\/p>\n<p>Med endast 0,002&#8243; spelrum mellan trumman och rotorn \u00e4r det den t\u00e4taste i branschen f\u00f6r en standarddoserare. Denna sn\u00e4va tolerans hj\u00e4lper till att eliminera krutbindning mellan ramen och trumman, vilket ger en smidig funktion med alla typer av drivmedel \u2013 extruderade eller kulformade. <\/p>\n<p><strong>Sm\u00e5 och stora droppr\u00f6r<\/strong><\/p>\n<p>Dessa r\u00f6r p\u00e5skyndar krutfl\u00f6det. Tv\u00e5 droppr\u00f6r ing\u00e5r f\u00f6r .204 till 45 kaliber. Anv\u00e4nd det st\u00f6rsta droppr\u00f6ret som passar hylsans mynning. Valfritt 17 kaliber droppr\u00f6r s\u00e4ljs separat. (Nr. 390709)    <\/p>\n<p>&nbsp;<\/p>\n","protected":false},"excerpt":{"rendered":"<p>Hornady Lock-N-Load\u00ae krutdoserare erbjuder den mest flexibla anv\u00e4ndningen och det bredaste anv\u00e4ndningsomr\u00e5det. Lock-N-Load\u00ae krutdoserare kan hantera laddningar p\u00e5 0,5 till 265 grains krut n\u00e4r den kombineras med r\u00e4tt insats och rotor. Doseringsinsatser kan bytas med en knapptryckning, vilket ger handladdare m\u00f6jligheten att ladda allt fr\u00e5n sm\u00e5 pistolpatroner till stora magnum utan att beh\u00f6va k\u00f6pa flera [&#8230;]\n","protected":false},"featured_media":286875,"comment_status":"open","ping_status":"closed","template":"","meta":[],"product_brand":[],"product_cat":[2832],"product_tag":[],"class_list":{"0":"post-286870","1":"product","2":"type-product","3":"status-publish","4":"has-post-thumbnail","6":"product_cat-laddningsutrustning","8":"first","9":"instock","10":"taxable","11":"shipping-taxable","12":"purchasable","13":"product-type-simple"},"composite_virtual":false,"composite_layout":"","composite_add_to_cart_form_location":"","composite_editable_in_cart":false,"composite_sold_individually_context":"","composite_shop_price_calc":"","composite_components":[],"composite_scenarios":[],"group_of_quantity":0,"min_quantity":0,"max_quantity":"","exclude_order_quantity_value_rules":"no","exclude_category_quantity_rules":"no","combine_variations":"no","exclude_global_add_ons":[],"addons":[],"_links":{"self":[{"href":"https:\/\/www.huntersfriend.eu\/sv\/wp-json\/wp\/v2\/product\/286870","targetHints":{"allow":["GET"]}}],"collection":[{"href":"https:\/\/www.huntersfriend.eu\/sv\/wp-json\/wp\/v2\/product"}],"about":[{"href":"https:\/\/www.huntersfriend.eu\/sv\/wp-json\/wp\/v2\/types\/product"}],"replies":[{"embeddable":true,"href":"https:\/\/www.huntersfriend.eu\/sv\/wp-json\/wp\/v2\/comments?post=286870"}],"wp:featuredmedia":[{"embeddable":true,"href":"https:\/\/www.huntersfriend.eu\/sv\/wp-json\/wp\/v2\/media\/286875"}],"wp:attachment":[{"href":"https:\/\/www.huntersfriend.eu\/sv\/wp-json\/wp\/v2\/media?parent=286870"}],"wp:term":[{"taxonomy":"product_brand","embeddable":true,"href":"https:\/\/www.huntersfriend.eu\/sv\/wp-json\/wp\/v2\/product_brand?post=286870"},{"taxonomy":"product_cat","embeddable":true,"href":"https:\/\/www.huntersfriend.eu\/sv\/wp-json\/wp\/v2\/product_cat?post=286870"},{"taxonomy":"product_tag","embeddable":true,"href":"https:\/\/www.huntersfriend.eu\/sv\/wp-json\/wp\/v2\/product_tag?post=286870"}],"curies":[{"name":"wp","href":"https:\/\/api.w.org\/{rel}","templated":true}]}}