{"id":286869,"date":"2023-12-22T01:00:09","date_gmt":"2023-12-21T23:00:09","guid":{"rendered":"https:\/\/www.huntersfriend.eu\/product\/hornady-lock-n-load-slaghammare-for-kulor\/"},"modified":"2025-08-26T14:25:52","modified_gmt":"2025-08-26T12:25:52","slug":"hornady-lock-n-load-slaghammare-for-kulor","status":"publish","type":"product","link":"https:\/\/www.huntersfriend.eu\/sv\/produkt\/hornady-lock-n-load-slaghammare-for-kulor\/","title":{"rendered":"Hornady Lock-N-Load slaghammare f\u00f6r kulor"},"content":{"rendered":"<p>Hornady Lock-N-Load slaghammare tar bort kulor fr\u00e5n gev\u00e4rs- och pistolpatroner utan att orsaka skada, samtidigt som den f\u00e5ngar upp kulan och krutet f\u00f6r \u00e5teranv\u00e4ndning.<\/p>\n<ul>\n<li>Tar bort kulor fr\u00e5n patroner utan att orsaka skada<\/li>\n<li>F\u00e5ngar upp kulan och krutet f\u00f6r \u00e5teranv\u00e4ndning<\/li>\n<li>Effektiv p\u00e5 de flesta gev\u00e4rs- eller pistolpatroner upp till .45 kaliber<\/li>\n<\/ul>\n<h4>S\u00e5 h\u00e4r fungerar det:<\/h4>\n<ol>\n<li>S\u00e4tt in r\u00e4tt sp\u00e4nnhylsa i plastlocket s\u00e5 att den platta sidan av sp\u00e4nnhylsan passar med handtagssidan p\u00e5 kuldragaren.<\/li>\n<li>Skruva fast locket p\u00e5 handtaget.<\/li>\n<li>Lossa locket n\u00e5gra varv och s\u00e4tt i en patron \u2013 med kulan f\u00f6rst. Tryck in patronen tills utdragarsp\u00e5ret eller kanten \u00e4r i kontakt. <\/li>\n<li>Dra \u00e5t locket.<\/li>\n<li>Sl\u00e5 den mot en h\u00e5rd yta tills kulan \u00e4r borttagen.<\/li>\n<\/ol>\n","protected":false},"excerpt":{"rendered":"<p>Hornady Lock-N-Load slaghammare tar bort kulor fr\u00e5n gev\u00e4rs- och pistolpatroner utan att orsaka skada, samtidigt som den f\u00e5ngar upp kulan och krutet f\u00f6r \u00e5teranv\u00e4ndning. Tar bort kulor fr\u00e5n patroner utan att orsaka skada F\u00e5ngar upp kulan och krutet f\u00f6r \u00e5teranv\u00e4ndning Effektiv p\u00e5 de flesta gev\u00e4rs- eller pistolpatroner upp till .45 kaliber S\u00e5 h\u00e4r fungerar det: [&#8230;]\n","protected":false},"featured_media":286871,"comment_status":"open","ping_status":"closed","template":"","meta":[],"product_brand":[],"product_cat":[2832],"product_tag":[],"class_list":{"0":"post-286869","1":"product","2":"type-product","3":"status-publish","4":"has-post-thumbnail","6":"product_cat-laddningsutrustning","8":"first","9":"instock","10":"taxable","11":"shipping-taxable","12":"purchasable","13":"product-type-simple"},"composite_virtual":false,"composite_layout":"","composite_add_to_cart_form_location":"","composite_editable_in_cart":false,"composite_sold_individually_context":"","composite_shop_price_calc":"","composite_components":[],"composite_scenarios":[],"group_of_quantity":0,"min_quantity":0,"max_quantity":"","exclude_order_quantity_value_rules":"no","exclude_category_quantity_rules":"no","combine_variations":"no","exclude_global_add_ons":[],"addons":[],"_links":{"self":[{"href":"https:\/\/www.huntersfriend.eu\/sv\/wp-json\/wp\/v2\/product\/286869","targetHints":{"allow":["GET"]}}],"collection":[{"href":"https:\/\/www.huntersfriend.eu\/sv\/wp-json\/wp\/v2\/product"}],"about":[{"href":"https:\/\/www.huntersfriend.eu\/sv\/wp-json\/wp\/v2\/types\/product"}],"replies":[{"embeddable":true,"href":"https:\/\/www.huntersfriend.eu\/sv\/wp-json\/wp\/v2\/comments?post=286869"}],"wp:featuredmedia":[{"embeddable":true,"href":"https:\/\/www.huntersfriend.eu\/sv\/wp-json\/wp\/v2\/media\/286871"}],"wp:attachment":[{"href":"https:\/\/www.huntersfriend.eu\/sv\/wp-json\/wp\/v2\/media?parent=286869"}],"wp:term":[{"taxonomy":"product_brand","embeddable":true,"href":"https:\/\/www.huntersfriend.eu\/sv\/wp-json\/wp\/v2\/product_brand?post=286869"},{"taxonomy":"product_cat","embeddable":true,"href":"https:\/\/www.huntersfriend.eu\/sv\/wp-json\/wp\/v2\/product_cat?post=286869"},{"taxonomy":"product_tag","embeddable":true,"href":"https:\/\/www.huntersfriend.eu\/sv\/wp-json\/wp\/v2\/product_tag?post=286869"}],"curies":[{"name":"wp","href":"https:\/\/api.w.org\/{rel}","templated":true}]}}