{"id":286867,"date":"2023-12-22T01:00:07","date_gmt":"2023-12-21T23:00:07","guid":{"rendered":"https:\/\/www.huntersfriend.eu\/product\/hornady-g3-1500-elektronisk-vag\/"},"modified":"2025-08-26T14:25:45","modified_gmt":"2025-08-26T12:25:45","slug":"hornady-g3-1500-elektronisk-vag","status":"publish","type":"product","link":"https:\/\/www.huntersfriend.eu\/sv\/produkt\/hornady-g3-1500-elektronisk-vag\/","title":{"rendered":"Hornady G3-1500 elektronisk v\u00e5g"},"content":{"rendered":"<p>Hornady G3-1500 elektronisk v\u00e5g \u00e4r en kompakt, batteridriven v\u00e5g som \u00e4r kompatibel med dosering och erbjuder en maximal referensm\u00e4tning p\u00e5 1500 grains. Till skillnad fr\u00e5n andra v\u00e5gar p\u00e5 marknaden har den en precisionslastcell med 1\/10 grains noggrannhet och konstant avl\u00e4sning upp till 500 grains, vilket ger flexibilitet att dosera pulver i sk\u00e5len eller v\u00e4ga laddningar, kulor eller hylsor direkt. Du kan lita p\u00e5 att den h\u00e4r v\u00e5gen snabbt utf\u00f6r dina mest exakta handladdningsuppgifter.  <\/p>\n<p>Drivs med tv\u00e5 AAA-batterier (ing\u00e5r ej).<\/p>\n","protected":false},"excerpt":{"rendered":"<p>Hornady G3-1500 elektronisk v\u00e5g \u00e4r en kompakt, batteridriven v\u00e5g som \u00e4r kompatibel med dosering och erbjuder en maximal referensm\u00e4tning p\u00e5 1500 grains. Till skillnad fr\u00e5n andra v\u00e5gar p\u00e5 marknaden har den en precisionslastcell med 1\/10 grains noggrannhet och konstant avl\u00e4sning upp till 500 grains, vilket ger flexibilitet att dosera pulver i sk\u00e5len eller v\u00e4ga laddningar, [&#8230;]\n","protected":false},"featured_media":286868,"comment_status":"open","ping_status":"closed","template":"","meta":[],"product_brand":[],"product_cat":[2832],"product_tag":[],"class_list":{"0":"post-286867","1":"product","2":"type-product","3":"status-publish","4":"has-post-thumbnail","6":"product_cat-laddningsutrustning","8":"first","9":"instock","10":"taxable","11":"shipping-taxable","12":"purchasable","13":"product-type-simple"},"composite_virtual":false,"composite_layout":"","composite_add_to_cart_form_location":"","composite_editable_in_cart":false,"composite_sold_individually_context":"","composite_shop_price_calc":"","composite_components":[],"composite_scenarios":[],"group_of_quantity":0,"min_quantity":0,"max_quantity":"","exclude_order_quantity_value_rules":"no","exclude_category_quantity_rules":"no","combine_variations":"no","exclude_global_add_ons":[],"addons":[],"_links":{"self":[{"href":"https:\/\/www.huntersfriend.eu\/sv\/wp-json\/wp\/v2\/product\/286867","targetHints":{"allow":["GET"]}}],"collection":[{"href":"https:\/\/www.huntersfriend.eu\/sv\/wp-json\/wp\/v2\/product"}],"about":[{"href":"https:\/\/www.huntersfriend.eu\/sv\/wp-json\/wp\/v2\/types\/product"}],"replies":[{"embeddable":true,"href":"https:\/\/www.huntersfriend.eu\/sv\/wp-json\/wp\/v2\/comments?post=286867"}],"wp:featuredmedia":[{"embeddable":true,"href":"https:\/\/www.huntersfriend.eu\/sv\/wp-json\/wp\/v2\/media\/286868"}],"wp:attachment":[{"href":"https:\/\/www.huntersfriend.eu\/sv\/wp-json\/wp\/v2\/media?parent=286867"}],"wp:term":[{"taxonomy":"product_brand","embeddable":true,"href":"https:\/\/www.huntersfriend.eu\/sv\/wp-json\/wp\/v2\/product_brand?post=286867"},{"taxonomy":"product_cat","embeddable":true,"href":"https:\/\/www.huntersfriend.eu\/sv\/wp-json\/wp\/v2\/product_cat?post=286867"},{"taxonomy":"product_tag","embeddable":true,"href":"https:\/\/www.huntersfriend.eu\/sv\/wp-json\/wp\/v2\/product_tag?post=286867"}],"curies":[{"name":"wp","href":"https:\/\/api.w.org\/{rel}","templated":true}]}}