{"id":286861,"date":"2024-01-04T12:29:22","date_gmt":"2024-01-04T10:29:22","guid":{"rendered":"https:\/\/www.huntersfriend.eu\/product\/dianova-lapstone-classic-bryne\/"},"modified":"2025-08-26T14:25:35","modified_gmt":"2025-08-26T12:25:35","slug":"dianova-lapstone-classic-bryne","status":"publish","type":"product","link":"https:\/\/www.huntersfriend.eu\/sv\/produkt\/dianova-lapstone-classic-bryne\/","title":{"rendered":"Dianova lapstone CLASSIC-bryne"},"content":{"rendered":"<p>Ett svensktillverkat, professionellt dubbelsidigt diamantknivbryne med stora diamantbelagda ytor med 300\/600 grit (60\/30 mikron diamanter) eller 600\/1200 grit (30\/15 mikron diamanter) beroende p\u00e5 variant. Corduraslida ing\u00e5r. <\/p>\n<p>Viktiga funktioner:<\/p>\n<p>L\u00e4ngd: 170 mm<br \/>\nBredd: 20 mm<br \/>\nTjocklek: 3 mm<br \/>\nDiamantyta: 75 * 19 mm \u2013 monokristallina diamanter av h\u00f6gsta kvalitet<\/p>\n","protected":false},"excerpt":{"rendered":"<p>Ett svensktillverkat, professionellt dubbelsidigt diamantknivbryne med stora diamantbelagda ytor med 300\/600 grit (60\/30 mikron diamanter) eller 600\/1200 grit (30\/15 mikron diamanter) beroende p\u00e5 variant. Corduraslida ing\u00e5r. Viktiga funktioner: L\u00e4ngd: 170 mm Bredd: 20 mm Tjocklek: 3 mm Diamantyta: 75 * 19 mm \u2013 monokristallina diamanter av h\u00f6gsta kvalitet<\/p>\n","protected":false},"featured_media":286862,"comment_status":"open","ping_status":"closed","template":"","meta":[],"product_brand":[],"product_cat":[2610],"product_tag":[],"class_list":{"0":"post-286861","1":"product","2":"type-product","3":"status-publish","4":"has-post-thumbnail","6":"product_cat-knivar-yxor-och-slipar","8":"first","9":"instock","10":"taxable","11":"shipping-taxable","12":"purchasable","13":"product-type-simple"},"composite_virtual":false,"composite_layout":"","composite_add_to_cart_form_location":"","composite_editable_in_cart":false,"composite_sold_individually_context":"","composite_shop_price_calc":"","composite_components":[],"composite_scenarios":[],"group_of_quantity":0,"min_quantity":0,"max_quantity":"","exclude_order_quantity_value_rules":"no","exclude_category_quantity_rules":"no","combine_variations":"no","exclude_global_add_ons":[],"addons":[],"_links":{"self":[{"href":"https:\/\/www.huntersfriend.eu\/sv\/wp-json\/wp\/v2\/product\/286861","targetHints":{"allow":["GET"]}}],"collection":[{"href":"https:\/\/www.huntersfriend.eu\/sv\/wp-json\/wp\/v2\/product"}],"about":[{"href":"https:\/\/www.huntersfriend.eu\/sv\/wp-json\/wp\/v2\/types\/product"}],"replies":[{"embeddable":true,"href":"https:\/\/www.huntersfriend.eu\/sv\/wp-json\/wp\/v2\/comments?post=286861"}],"wp:featuredmedia":[{"embeddable":true,"href":"https:\/\/www.huntersfriend.eu\/sv\/wp-json\/wp\/v2\/media\/286862"}],"wp:attachment":[{"href":"https:\/\/www.huntersfriend.eu\/sv\/wp-json\/wp\/v2\/media?parent=286861"}],"wp:term":[{"taxonomy":"product_brand","embeddable":true,"href":"https:\/\/www.huntersfriend.eu\/sv\/wp-json\/wp\/v2\/product_brand?post=286861"},{"taxonomy":"product_cat","embeddable":true,"href":"https:\/\/www.huntersfriend.eu\/sv\/wp-json\/wp\/v2\/product_cat?post=286861"},{"taxonomy":"product_tag","embeddable":true,"href":"https:\/\/www.huntersfriend.eu\/sv\/wp-json\/wp\/v2\/product_tag?post=286861"}],"curies":[{"name":"wp","href":"https:\/\/api.w.org\/{rel}","templated":true}]}}