{"id":286860,"date":"2023-12-29T01:03:01","date_gmt":"2023-12-28T23:03:01","guid":{"rendered":"https:\/\/www.huntersfriend.eu\/product\/huntworth-truckerkeps\/"},"modified":"2025-08-26T14:25:33","modified_gmt":"2025-08-26T12:25:33","slug":"huntworth-truckerkeps","status":"publish","type":"product","link":"https:\/\/www.huntersfriend.eu\/sv\/produkt\/huntworth-truckerkeps\/","title":{"rendered":"Huntworth Truckerkeps"},"content":{"rendered":"<p>Den h\u00e4r klassiska truckerkepsen har en framsida i bomullstwill med en medelh\u00f6g profil, en baksida i mesh och en broderad Huntworth-logga i sidan. B\u00e4r den efter jakten eller n\u00e4r du \u00e4r ute med v\u00e4nner och familj. Den h\u00e4r Huntworth\u00ae-logotypen p\u00e5 truckerkepsen \u00e4r l\u00e4tt att tycka om.  <\/p>\n<ul>\n<li><strong>Skal:<\/strong> De strukturerade frontpanelerna \u00e4r gjorda av 100 % bomullstwill och bakpanelerna \u00e4r gjorda av en f\u00f6rstklassig mjuk mesh i 100 % stickad polyester<\/li>\n<li><strong>Sk\u00e4rm:<\/strong> F\u00f6rb\u00f6jd sk\u00e4rm<\/li>\n<li><strong>St\u00e4ngning:<\/strong> Justerbar plastkn\u00e4ppning<\/li>\n<li><strong>Passform:<\/strong> Traditionell truckerkepsmodell med 6 paneler och medelh\u00f6g profil<\/li>\n<\/ul>\n","protected":false},"excerpt":{"rendered":"<p>Den h\u00e4r klassiska truckerkepsen har en framsida i bomullstwill med en medelh\u00f6g profil, en baksida i mesh och en broderad Huntworth-logga i sidan. B\u00e4r den efter jakten eller n\u00e4r du \u00e4r ute med v\u00e4nner och familj. Den h\u00e4r Huntworth\u00ae-logotypen p\u00e5 truckerkepsen \u00e4r l\u00e4tt att tycka om. Skal: De strukturerade frontpanelerna \u00e4r gjorda av 100 % [&#8230;]\n","protected":false},"featured_media":259797,"comment_status":"open","ping_status":"closed","template":"","meta":[],"product_brand":[],"product_cat":[2716],"product_tag":[],"class_list":{"0":"post-286860","1":"product","2":"type-product","3":"status-publish","4":"has-post-thumbnail","6":"product_cat-hattar-och-huvudbonader","8":"first","9":"instock","10":"taxable","11":"shipping-taxable","12":"purchasable","13":"product-type-simple"},"composite_virtual":false,"composite_layout":"","composite_add_to_cart_form_location":"","composite_editable_in_cart":false,"composite_sold_individually_context":"","composite_shop_price_calc":"","composite_components":[],"composite_scenarios":[],"group_of_quantity":0,"min_quantity":0,"max_quantity":"","exclude_order_quantity_value_rules":"no","exclude_category_quantity_rules":"no","combine_variations":"no","exclude_global_add_ons":[],"addons":[],"_links":{"self":[{"href":"https:\/\/www.huntersfriend.eu\/sv\/wp-json\/wp\/v2\/product\/286860","targetHints":{"allow":["GET"]}}],"collection":[{"href":"https:\/\/www.huntersfriend.eu\/sv\/wp-json\/wp\/v2\/product"}],"about":[{"href":"https:\/\/www.huntersfriend.eu\/sv\/wp-json\/wp\/v2\/types\/product"}],"replies":[{"embeddable":true,"href":"https:\/\/www.huntersfriend.eu\/sv\/wp-json\/wp\/v2\/comments?post=286860"}],"wp:featuredmedia":[{"embeddable":true,"href":"https:\/\/www.huntersfriend.eu\/sv\/wp-json\/wp\/v2\/media\/259797"}],"wp:attachment":[{"href":"https:\/\/www.huntersfriend.eu\/sv\/wp-json\/wp\/v2\/media?parent=286860"}],"wp:term":[{"taxonomy":"product_brand","embeddable":true,"href":"https:\/\/www.huntersfriend.eu\/sv\/wp-json\/wp\/v2\/product_brand?post=286860"},{"taxonomy":"product_cat","embeddable":true,"href":"https:\/\/www.huntersfriend.eu\/sv\/wp-json\/wp\/v2\/product_cat?post=286860"},{"taxonomy":"product_tag","embeddable":true,"href":"https:\/\/www.huntersfriend.eu\/sv\/wp-json\/wp\/v2\/product_tag?post=286860"}],"curies":[{"name":"wp","href":"https:\/\/api.w.org\/{rel}","templated":true}]}}