{"id":286859,"date":"2023-12-22T01:00:16","date_gmt":"2023-12-21T23:00:16","guid":{"rendered":"https:\/\/www.huntersfriend.eu\/product\/armytek-crystal-pro-rod\/"},"modified":"2025-08-26T14:25:33","modified_gmt":"2025-08-26T12:25:33","slug":"armytek-crystal-pro-rod","status":"publish","type":"product","link":"https:\/\/www.huntersfriend.eu\/sv\/produkt\/armytek-crystal-pro-rod\/","title":{"rendered":"Armytek Crystal pro R\u00f6d"},"content":{"rendered":"<p>Kompakt multilampa med funktioner f\u00f6r vitt, r\u00f6tt och bromsljus. Kan anv\u00e4ndas som pannlampa, vardagslampa, signallampa, p\u00e5 en cykel som str\u00e5lkastare eller bromsljus, eller som en enkel nyckelringslampa. Den klarar alla jobb!  <\/p>\n<div class=\"ty-product-feature\"><span class=\"ty-product-feature__label\">F\u00e4rg:<\/span> R\u00f6d<\/p>\n<\/div>\n<div class=\"ty-product-feature-group\">\n<div class=\"ty-subheader\">Ljus &amp; optik<\/p>\n<\/div>\n<div class=\"ty-product-feature\"><span class=\"ty-product-feature__label\">F\u00e4rgtemperatur:<\/span> Vit<\/div>\n<div class=\"ty-product-feature\"><span class=\"ty-product-feature__label\">Ljusfl\u00f6de, lumen:<\/span> 220<span class=\"ty-product-feature__suffix\"> lm<\/span><\/div>\n<div class=\"ty-product-feature\"><span class=\"ty-product-feature__label\">Ljusfl\u00f6de (r\u00f6tt ljus), lumen:<\/span> 30<span class=\"ty-product-feature__suffix\">lm<\/span><\/div>\n<div class=\"ty-product-feature\"><span class=\"ty-product-feature__label\">Ljusl\u00e4ngd, meter:<\/span> 14<span class=\"ty-product-feature__suffix\"> m<\/span><\/div>\n<div class=\"ty-product-feature\"><span class=\"ty-product-feature__label\">Ljusl\u00e4ngd (r\u00f6tt ljus):<\/span> 5<span class=\"ty-product-feature__suffix\">m<\/p>\n<p><\/span><\/div>\n<div class=\"ty-product-feature\"><span class=\"ty-product-feature__label\">Typ av ljusstyrkestabilisering <span class=\"ty-help-info\"><a id=\"opener_content_70_notes\" class=\"cm-dialog-opener cm-dialog-auto-size \" rel=\"nofollow\" data-ca-target-id=\"content_content_70_notes\" data-ca-dialog-title=\"Brightness stabilization type\"><\/a><i class=\"ty-icon-help-circle\"><\/i> <\/span>:<\/span><\/p>\n<div class=\"ty-product-feature__value\">Digital (CPU-ljusstyrkekontroll)<\/div>\n<\/div>\n<div class=\"ty-product-feature\"><span class=\"ty-product-feature__label\">Hotspot:spill:<\/span> 70\u00b0:140\u00b0<\/div>\n<\/div>\n<div class=\"ty-product-feature-group\">\n<div class=\"ty-subheader\">\nL\u00e4gen<\/p>\n<\/div>\n<div class=\"ty-product-feature\"><span class=\"ty-product-feature__label\">Antal l\u00e4gen:<\/span> 6 vitt ljus + 7 r\u00f6tt ljus<\/div>\n<div class=\"ty-product-feature\"><span class=\"ty-product-feature__label\">Drifttid i maximalt l\u00e4ge:<\/span> 2 h 20 min (180 lm efter 4 min)<\/div>\n<div class=\"ty-product-feature\"><span class=\"ty-product-feature__label\">Drifttid i maximalt l\u00e4ge (r\u00f6tt ljus):<\/span> 3 h<\/div>\n<div class=\"ty-product-feature\"><span class=\"ty-product-feature__label\">Drifttid i minimuml\u00e4ge:<\/span> 50 d<\/div>\n<div class=\"ty-product-feature\"><span class=\"ty-product-feature__label\">Drifttid i minimuml\u00e4ge (r\u00f6tt ljus):<\/span> 30 d<\/div>\n<div class=\"ty-product-feature\"><span class=\"ty-product-feature__label\">Strobel\u00e4ge:<\/span> ja<\/p>\n<div class=\"ty-product-feature__value\"><\/div>\n<\/div>\n<\/div>\n<div class=\"ty-product-feature-group\">\n<div class=\"ty-subheader\">M\u00e5tt &amp; vikt<\/p>\n<\/div>\n<div class=\"ty-product-feature\"><span class=\"ty-product-feature__label\">L\u00e4ngd:<\/span> 63 mm<\/div>\n<div class=\"ty-product-feature\"><span class=\"ty-product-feature__label\">Bredd:<\/span> 43 mm<\/div>\n<div class=\"ty-product-feature\"><span class=\"ty-product-feature__label\">H\u00f6jd:<\/span> 15 mm<\/div>\n<div class=\"ty-product-feature\"><span class=\"ty-product-feature__label\">Vikt (med batteri):<\/span> 34 g<\/div>\n<\/div>\n<div class=\"ty-product-feature-group\">\n<div class=\"ty-subheader\">Kropp<span class=\"ty-product-feature__label\">material <span class=\"ty-help-info\"><a id=\"opener_content_81_notes\" class=\"cm-dialog-opener cm-dialog-auto-size \" rel=\"nofollow\" data-ca-target-id=\"content_content_81_notes\" data-ca-dialog-title=\"Material\"><\/a><i class=\"ty-icon-help-circle\"><\/i> <\/span>:<\/span> plast<\/div>\n<div class=\"ty-product-feature\"><span class=\"ty-product-feature__label\">Standard f\u00f6r vattent\u00e4thet och dammt\u00e4thet <span class=\"ty-help-info\"><a id=\"opener_content_85_notes\" class=\"cm-dialog-opener cm-dialog-auto-size \" rel=\"nofollow\" data-ca-target-id=\"content_content_85_notes\" data-ca-dialog-title=\"Waterproof and dustproof standard\"><\/a><i class=\"ty-icon-help-circle\"><\/i> <\/span>:<\/span> IP67<\/div>\n<div class=\"ty-product-feature\"><span class=\"ty-product-feature__label\">S\u00e4ker neds\u00e4nkningsdjup:<\/span> 1<span class=\"ty-product-feature__suffix\"> m<\/span><\/div>\n<div class=\"ty-product-feature\"><span class=\"ty-product-feature__label\">S\u00e4ker fallh\u00f6jd:<\/span> 10<span class=\"ty-product-feature__suffix\"> m<\/span><\/div>\n<div class=\"ty-product-feature\"><span class=\"ty-product-feature__label\">Drifttemperaturer:<\/span> -10..+40<span class=\"ty-product-feature__suffix\"> \u00b0C<\/p>\n<p><\/span><\/div>\n<\/div>\n<div class=\"ty-product-feature-group\">\n<div class=\"ty-subheader\">Elektronik<\/p>\n<\/div>\n<div class=\"ty-product-feature\"><span class=\"ty-product-feature__label\">Batterikompatibilitet:<\/span><\/p>\n<div class=\"ty-product-feature__value\">1 \u0445 Li-Pol 600 mAh<\/div>\n<\/div>\n<\/div>\n","protected":false},"excerpt":{"rendered":"<p>Kompakt multilampa med funktioner f\u00f6r vitt, r\u00f6tt och bromsljus. Kan anv\u00e4ndas som pannlampa, vardagslampa, signallampa, p\u00e5 en cykel som str\u00e5lkastare eller bromsljus, eller som en enkel nyckelringslampa. Den klarar alla jobb! F\u00e4rg: R\u00f6d Ljus &amp; optik F\u00e4rgtemperatur: Vit Ljusfl\u00f6de, lumen: 220 lm Ljusfl\u00f6de (r\u00f6tt ljus), lumen: 30lm Ljusl\u00e4ngd, meter: 14 m Ljusl\u00e4ngd (r\u00f6tt ljus): 5m [&#8230;]\n","protected":false},"featured_media":259803,"comment_status":"open","ping_status":"closed","template":"","meta":[],"product_brand":[],"product_cat":[878],"product_tag":[],"class_list":{"0":"post-286859","1":"product","2":"type-product","3":"status-publish","4":"has-post-thumbnail","6":"product_cat-uncategorized-sv","8":"first","9":"outofstock","10":"taxable","11":"shipping-taxable","12":"purchasable","13":"product-type-simple"},"composite_virtual":false,"composite_layout":"","composite_add_to_cart_form_location":"","composite_editable_in_cart":false,"composite_sold_individually_context":"","composite_shop_price_calc":"","composite_components":[],"composite_scenarios":[],"group_of_quantity":0,"min_quantity":0,"max_quantity":"","exclude_order_quantity_value_rules":"no","exclude_category_quantity_rules":"no","combine_variations":"no","exclude_global_add_ons":[],"addons":[],"_links":{"self":[{"href":"https:\/\/www.huntersfriend.eu\/sv\/wp-json\/wp\/v2\/product\/286859","targetHints":{"allow":["GET"]}}],"collection":[{"href":"https:\/\/www.huntersfriend.eu\/sv\/wp-json\/wp\/v2\/product"}],"about":[{"href":"https:\/\/www.huntersfriend.eu\/sv\/wp-json\/wp\/v2\/types\/product"}],"replies":[{"embeddable":true,"href":"https:\/\/www.huntersfriend.eu\/sv\/wp-json\/wp\/v2\/comments?post=286859"}],"wp:featuredmedia":[{"embeddable":true,"href":"https:\/\/www.huntersfriend.eu\/sv\/wp-json\/wp\/v2\/media\/259803"}],"wp:attachment":[{"href":"https:\/\/www.huntersfriend.eu\/sv\/wp-json\/wp\/v2\/media?parent=286859"}],"wp:term":[{"taxonomy":"product_brand","embeddable":true,"href":"https:\/\/www.huntersfriend.eu\/sv\/wp-json\/wp\/v2\/product_brand?post=286859"},{"taxonomy":"product_cat","embeddable":true,"href":"https:\/\/www.huntersfriend.eu\/sv\/wp-json\/wp\/v2\/product_cat?post=286859"},{"taxonomy":"product_tag","embeddable":true,"href":"https:\/\/www.huntersfriend.eu\/sv\/wp-json\/wp\/v2\/product_tag?post=286859"}],"curies":[{"name":"wp","href":"https:\/\/api.w.org\/{rel}","templated":true}]}}