{"id":286854,"date":"2024-01-04T12:29:21","date_gmt":"2024-01-04T10:29:21","guid":{"rendered":"https:\/\/www.huntersfriend.eu\/product\/hagopur-lockmedel-for-rav-mard-vildsvin\/"},"modified":"2025-08-26T14:25:15","modified_gmt":"2025-08-26T12:25:15","slug":"hagopur-lockmedel-for-rav-mard-vildsvin","status":"publish","type":"product","link":"https:\/\/www.huntersfriend.eu\/sv\/produkt\/hagopur-lockmedel-for-rav-mard-vildsvin\/","title":{"rendered":"Hagopur lockmedel f\u00f6r r\u00e4v\/m\u00e5rd\/vildsvin"},"content":{"rendered":"<p>Lockmedel baserat p\u00e5 r\u00f6kt fiskkoncentrat med naturliga smak\u00e4mnen f\u00f6r r\u00e4v, vildsvin och m\u00e5rd. Med dep\u00e5effekt tack vare oljig konsistens. Inneh\u00e5ll: 250 ml.  <\/p>\n","protected":false},"excerpt":{"rendered":"<p>Lockmedel baserat p\u00e5 r\u00f6kt fiskkoncentrat med naturliga smak\u00e4mnen f\u00f6r r\u00e4v, vildsvin och m\u00e5rd. Med dep\u00e5effekt tack vare oljig konsistens. Inneh\u00e5ll: 250 ml.<\/p>\n","protected":false},"featured_media":286857,"comment_status":"open","ping_status":"closed","template":"","meta":[],"product_brand":[],"product_cat":[2856],"product_tag":[],"class_list":{"0":"post-286854","1":"product","2":"type-product","3":"status-publish","4":"has-post-thumbnail","6":"product_cat-lockmedel-och-mineraler","8":"first","9":"instock","10":"taxable","11":"shipping-taxable","12":"purchasable","13":"product-type-simple"},"composite_virtual":false,"composite_layout":"","composite_add_to_cart_form_location":"","composite_editable_in_cart":false,"composite_sold_individually_context":"","composite_shop_price_calc":"","composite_components":[],"composite_scenarios":[],"group_of_quantity":0,"min_quantity":0,"max_quantity":"","exclude_order_quantity_value_rules":"no","exclude_category_quantity_rules":"no","combine_variations":"no","exclude_global_add_ons":[],"addons":[],"_links":{"self":[{"href":"https:\/\/www.huntersfriend.eu\/sv\/wp-json\/wp\/v2\/product\/286854","targetHints":{"allow":["GET"]}}],"collection":[{"href":"https:\/\/www.huntersfriend.eu\/sv\/wp-json\/wp\/v2\/product"}],"about":[{"href":"https:\/\/www.huntersfriend.eu\/sv\/wp-json\/wp\/v2\/types\/product"}],"replies":[{"embeddable":true,"href":"https:\/\/www.huntersfriend.eu\/sv\/wp-json\/wp\/v2\/comments?post=286854"}],"wp:featuredmedia":[{"embeddable":true,"href":"https:\/\/www.huntersfriend.eu\/sv\/wp-json\/wp\/v2\/media\/286857"}],"wp:attachment":[{"href":"https:\/\/www.huntersfriend.eu\/sv\/wp-json\/wp\/v2\/media?parent=286854"}],"wp:term":[{"taxonomy":"product_brand","embeddable":true,"href":"https:\/\/www.huntersfriend.eu\/sv\/wp-json\/wp\/v2\/product_brand?post=286854"},{"taxonomy":"product_cat","embeddable":true,"href":"https:\/\/www.huntersfriend.eu\/sv\/wp-json\/wp\/v2\/product_cat?post=286854"},{"taxonomy":"product_tag","embeddable":true,"href":"https:\/\/www.huntersfriend.eu\/sv\/wp-json\/wp\/v2\/product_tag?post=286854"}],"curies":[{"name":"wp","href":"https:\/\/api.w.org\/{rel}","templated":true}]}}