{"id":286853,"date":"2023-12-22T01:00:10","date_gmt":"2023-12-21T23:00:10","guid":{"rendered":"https:\/\/www.huntersfriend.eu\/product\/hornady-handhallet-tandhattsverktyg\/"},"modified":"2025-08-26T14:25:14","modified_gmt":"2025-08-26T12:25:14","slug":"hornady-handhallet-tandhattsverktyg","status":"publish","type":"product","link":"https:\/\/www.huntersfriend.eu\/sv\/produkt\/hornady-handhallet-tandhattsverktyg\/","title":{"rendered":"Hornady handh\u00e5llet t\u00e4ndhattsverktyg"},"content":{"rendered":"<p>Hornady handh\u00e5llet t\u00e4ndhattsverktyg har en t\u00e4ndhattsbricka i ett stycke och integrerade gjutna t\u00e4ndhattsbussningar som eliminerar behovet av separata bussningar. Ergonomisk design minskar tr\u00f6tthet. Designad f\u00f6r enkla byten, hylsh\u00e5llare och t\u00e4ndhattsbrickor kan bytas utan att ta bort fj\u00e4dern och stansen.  <\/p>\n<p>Hornady handh\u00e5llet t\u00e4ndhattsverktyg Inkluderar bricka f\u00f6r RCBS\u00ae hylsh\u00e5llare.<\/p>\n","protected":false},"excerpt":{"rendered":"<p>Hornady handh\u00e5llet t\u00e4ndhattsverktyg har en t\u00e4ndhattsbricka i ett stycke och integrerade gjutna t\u00e4ndhattsbussningar som eliminerar behovet av separata bussningar. Ergonomisk design minskar tr\u00f6tthet. Designad f\u00f6r enkla byten, hylsh\u00e5llare och t\u00e4ndhattsbrickor kan bytas utan att ta bort fj\u00e4dern och stansen. Hornady handh\u00e5llet t\u00e4ndhattsverktyg Inkluderar bricka f\u00f6r RCBS\u00ae hylsh\u00e5llare.<\/p>\n","protected":false},"featured_media":286856,"comment_status":"open","ping_status":"closed","template":"","meta":[],"product_brand":[],"product_cat":[2832],"product_tag":[],"class_list":{"0":"post-286853","1":"product","2":"type-product","3":"status-publish","4":"has-post-thumbnail","6":"product_cat-laddningsutrustning","8":"first","9":"instock","10":"taxable","11":"shipping-taxable","12":"purchasable","13":"product-type-simple"},"composite_virtual":false,"composite_layout":"","composite_add_to_cart_form_location":"","composite_editable_in_cart":false,"composite_sold_individually_context":"","composite_shop_price_calc":"","composite_components":[],"composite_scenarios":[],"group_of_quantity":0,"min_quantity":0,"max_quantity":"","exclude_order_quantity_value_rules":"no","exclude_category_quantity_rules":"no","combine_variations":"no","exclude_global_add_ons":[],"addons":[],"_links":{"self":[{"href":"https:\/\/www.huntersfriend.eu\/sv\/wp-json\/wp\/v2\/product\/286853","targetHints":{"allow":["GET"]}}],"collection":[{"href":"https:\/\/www.huntersfriend.eu\/sv\/wp-json\/wp\/v2\/product"}],"about":[{"href":"https:\/\/www.huntersfriend.eu\/sv\/wp-json\/wp\/v2\/types\/product"}],"replies":[{"embeddable":true,"href":"https:\/\/www.huntersfriend.eu\/sv\/wp-json\/wp\/v2\/comments?post=286853"}],"wp:featuredmedia":[{"embeddable":true,"href":"https:\/\/www.huntersfriend.eu\/sv\/wp-json\/wp\/v2\/media\/286856"}],"wp:attachment":[{"href":"https:\/\/www.huntersfriend.eu\/sv\/wp-json\/wp\/v2\/media?parent=286853"}],"wp:term":[{"taxonomy":"product_brand","embeddable":true,"href":"https:\/\/www.huntersfriend.eu\/sv\/wp-json\/wp\/v2\/product_brand?post=286853"},{"taxonomy":"product_cat","embeddable":true,"href":"https:\/\/www.huntersfriend.eu\/sv\/wp-json\/wp\/v2\/product_cat?post=286853"},{"taxonomy":"product_tag","embeddable":true,"href":"https:\/\/www.huntersfriend.eu\/sv\/wp-json\/wp\/v2\/product_tag?post=286853"}],"curies":[{"name":"wp","href":"https:\/\/api.w.org\/{rel}","templated":true}]}}