{"id":286852,"date":"2024-01-04T12:29:20","date_gmt":"2024-01-04T10:29:20","guid":{"rendered":"https:\/\/www.huntersfriend.eu\/product\/hagopur-premium-lockmedel-for-radjur\/"},"modified":"2025-11-14T08:29:08","modified_gmt":"2025-11-14T06:29:08","slug":"hagopur-premium-lockmedel-for-radjur","status":"publish","type":"product","link":"https:\/\/www.huntersfriend.eu\/sv\/produkt\/hagopur-premium-lockmedel-for-radjur\/","title":{"rendered":"Hagopur premium lockmedel f\u00f6r r\u00e5djur"},"content":{"rendered":"<p>Denna sammans\u00e4ttning av extrakt fr\u00e5n l\u00f6vtr\u00e4dsknoppar och \u00e4kta naturlig mysk droppas p\u00e5 tr\u00e4d och buskar som en attraktiv doft och lockar p\u00e5 magiskt vis till sig r\u00e5djur.<br \/>\nInneh\u00e5ll 500 ml.<\/p>\n","protected":false},"excerpt":{"rendered":"<p>Denna sammans\u00e4ttning av extrakt fr\u00e5n l\u00f6vtr\u00e4dsknoppar och \u00e4kta naturlig mysk droppas p\u00e5 tr\u00e4d och buskar som en attraktiv doft och lockar p\u00e5 magiskt vis till sig r\u00e5djur. Inneh\u00e5ll 500 ml.<\/p>\n","protected":false},"featured_media":267258,"comment_status":"open","ping_status":"closed","template":"","meta":[],"product_brand":[],"product_cat":[2856],"product_tag":[],"class_list":{"0":"post-286852","1":"product","2":"type-product","3":"status-publish","4":"has-post-thumbnail","6":"product_cat-lockmedel-och-mineraler","8":"first","9":"instock","10":"taxable","11":"shipping-taxable","12":"purchasable","13":"product-type-simple"},"composite_virtual":false,"composite_layout":"","composite_add_to_cart_form_location":"","composite_editable_in_cart":false,"composite_sold_individually_context":"","composite_shop_price_calc":"","composite_components":[],"composite_scenarios":[],"group_of_quantity":0,"min_quantity":0,"max_quantity":"","exclude_order_quantity_value_rules":"no","exclude_category_quantity_rules":"no","combine_variations":"no","exclude_global_add_ons":[],"addons":[],"_links":{"self":[{"href":"https:\/\/www.huntersfriend.eu\/sv\/wp-json\/wp\/v2\/product\/286852","targetHints":{"allow":["GET"]}}],"collection":[{"href":"https:\/\/www.huntersfriend.eu\/sv\/wp-json\/wp\/v2\/product"}],"about":[{"href":"https:\/\/www.huntersfriend.eu\/sv\/wp-json\/wp\/v2\/types\/product"}],"replies":[{"embeddable":true,"href":"https:\/\/www.huntersfriend.eu\/sv\/wp-json\/wp\/v2\/comments?post=286852"}],"wp:featuredmedia":[{"embeddable":true,"href":"https:\/\/www.huntersfriend.eu\/sv\/wp-json\/wp\/v2\/media\/267258"}],"wp:attachment":[{"href":"https:\/\/www.huntersfriend.eu\/sv\/wp-json\/wp\/v2\/media?parent=286852"}],"wp:term":[{"taxonomy":"product_brand","embeddable":true,"href":"https:\/\/www.huntersfriend.eu\/sv\/wp-json\/wp\/v2\/product_brand?post=286852"},{"taxonomy":"product_cat","embeddable":true,"href":"https:\/\/www.huntersfriend.eu\/sv\/wp-json\/wp\/v2\/product_cat?post=286852"},{"taxonomy":"product_tag","embeddable":true,"href":"https:\/\/www.huntersfriend.eu\/sv\/wp-json\/wp\/v2\/product_tag?post=286852"}],"curies":[{"name":"wp","href":"https:\/\/api.w.org\/{rel}","templated":true}]}}