{"id":286851,"date":"2024-01-04T12:29:18","date_gmt":"2024-01-04T10:29:18","guid":{"rendered":"https:\/\/www.huntersfriend.eu\/product\/hagopur-anisolja\/"},"modified":"2025-08-26T14:25:14","modified_gmt":"2025-08-26T12:25:14","slug":"hagopur-anisolja","status":"publish","type":"product","link":"https:\/\/www.huntersfriend.eu\/sv\/produkt\/hagopur-anisolja\/","title":{"rendered":"Hagopur Anisolja"},"content":{"rendered":"<p>Hagopur anisolja \u00e4r f\u00f6rpackad i en praktisk sprayflaska f\u00f6r enkel applicering. Produkten sprayas p\u00e5 tr\u00e4d, stubbar eller till och med p\u00e5 en slicksten. Doften av anis lockar s\u00e4rskilt m\u00e5rdar, hjortar och vildsvin.  <\/p>\n","protected":false},"excerpt":{"rendered":"<p>Hagopur anisolja \u00e4r f\u00f6rpackad i en praktisk sprayflaska f\u00f6r enkel applicering. Produkten sprayas p\u00e5 tr\u00e4d, stubbar eller till och med p\u00e5 en slicksten. Doften av anis lockar s\u00e4rskilt m\u00e5rdar, hjortar och vildsvin.<\/p>\n","protected":false},"featured_media":286855,"comment_status":"open","ping_status":"closed","template":"","meta":[],"product_brand":[],"product_cat":[2856],"product_tag":[],"class_list":{"0":"post-286851","1":"product","2":"type-product","3":"status-publish","4":"has-post-thumbnail","6":"product_cat-lockmedel-och-mineraler","8":"first","9":"instock","10":"taxable","11":"shipping-taxable","12":"purchasable","13":"product-type-simple"},"composite_virtual":false,"composite_layout":"","composite_add_to_cart_form_location":"","composite_editable_in_cart":false,"composite_sold_individually_context":"","composite_shop_price_calc":"","composite_components":[],"composite_scenarios":[],"group_of_quantity":0,"min_quantity":0,"max_quantity":"","exclude_order_quantity_value_rules":"no","exclude_category_quantity_rules":"no","combine_variations":"no","exclude_global_add_ons":[],"addons":[],"_links":{"self":[{"href":"https:\/\/www.huntersfriend.eu\/sv\/wp-json\/wp\/v2\/product\/286851","targetHints":{"allow":["GET"]}}],"collection":[{"href":"https:\/\/www.huntersfriend.eu\/sv\/wp-json\/wp\/v2\/product"}],"about":[{"href":"https:\/\/www.huntersfriend.eu\/sv\/wp-json\/wp\/v2\/types\/product"}],"replies":[{"embeddable":true,"href":"https:\/\/www.huntersfriend.eu\/sv\/wp-json\/wp\/v2\/comments?post=286851"}],"wp:featuredmedia":[{"embeddable":true,"href":"https:\/\/www.huntersfriend.eu\/sv\/wp-json\/wp\/v2\/media\/286855"}],"wp:attachment":[{"href":"https:\/\/www.huntersfriend.eu\/sv\/wp-json\/wp\/v2\/media?parent=286851"}],"wp:term":[{"taxonomy":"product_brand","embeddable":true,"href":"https:\/\/www.huntersfriend.eu\/sv\/wp-json\/wp\/v2\/product_brand?post=286851"},{"taxonomy":"product_cat","embeddable":true,"href":"https:\/\/www.huntersfriend.eu\/sv\/wp-json\/wp\/v2\/product_cat?post=286851"},{"taxonomy":"product_tag","embeddable":true,"href":"https:\/\/www.huntersfriend.eu\/sv\/wp-json\/wp\/v2\/product_tag?post=286851"}],"curies":[{"name":"wp","href":"https:\/\/api.w.org\/{rel}","templated":true}]}}