{"id":286846,"date":"2024-01-04T12:30:29","date_gmt":"2024-01-04T10:30:29","guid":{"rendered":"https:\/\/www.huntersfriend.eu\/product\/kahles-helia-ti-25\/"},"modified":"2025-11-27T11:14:25","modified_gmt":"2025-11-27T09:14:25","slug":"kahles-helia-ti-25","status":"publish","type":"product","link":"https:\/\/www.huntersfriend.eu\/sv\/produkt\/kahles-helia-ti-25\/","title":{"rendered":"Kahles helia TI 25"},"content":{"rendered":"<p>I varje detalj \u00e4r KAHLES HELIA TI v\u00e4rmekameror radikalt optimerade f\u00f6r jakt. De kombinerar intuitiv, enkel hantering med utm\u00e4rkt bildprestanda. Inte en knapp f\u00f6r mycket, ingen p\u00e5 fel plats. Kompromissl\u00f6st enkel och snabb detektering dag och natt.   <\/p>\n<ul>\n<li>Radikalt enkel och intuitiv \u2013 med bara 2 kontrollknappar<\/li>\n<li>Utm\u00e4rkt bildprestanda med h\u00f6g detaljuppl\u00f6sning<\/li>\n<li>Klar att anv\u00e4ndas p\u00e5 bara 2 sekunder<\/li>\n<li>Intelligent automatisk display p\u00e5\/av med lutnings- och r\u00f6relsesensor<\/li>\n<li>Falls\u00e4ker, vattent\u00e4t och redo att anv\u00e4ndas i extrema temperaturer<\/li>\n<li>Extra l\u00e5ng batteritid \u2013 \u00e4ven vid -20\u00b0 Celsius<\/li>\n<li>Ergonomisk, rulls\u00e4ker design och perfekt placerade kontroller<\/li>\n<\/ul>\n<p><strong>VISNINGSL\u00c4GEN:<\/strong><\/p>\n<p><img decoding=\"async\" class=\"alignnone size-full wp-image-260628\" src=\"https:\/\/www.huntersfriend.eu\/app\/uploads\/2024\/01\/HELIA-TI-RedOnly.jpg\" alt=\"\" width=\"200\" height=\"133\"> <img decoding=\"async\" class=\"alignnone size-medium wp-image-260631\" src=\"https:\/\/www.huntersfriend.eu\/app\/uploads\/2024\/01\/HELIA-TI-BlackHot.jpg\" alt=\"\" width=\"200\" height=\"133\"> <img decoding=\"async\" class=\"alignnone size-medium wp-image-260634\" src=\"https:\/\/www.huntersfriend.eu\/app\/uploads\/2024\/01\/HELIA-TI-WhiteHot.jpg\" alt=\"\" width=\"200\" height=\"133\"><\/p>\n<p><strong>TEKNISK INFORMATION:<\/strong><\/p>\n<table cellspacing=\"0\" cellpadding=\"0\">\n<tbody>\n<tr>\n<td><strong>HELIA <\/strong><\/td>\n<td><strong>TI 25<\/strong><\/td>\n<\/tr>\n<tr>\n<td>Objektiv<\/td>\n<td>25 mm, F1.0<\/td>\n<\/tr>\n<tr>\n<td>Sensoruppl\u00f6sning (pixlar)<\/td>\n<td>384\u00d7288; 17 \u03bcm<\/td>\n<\/tr>\n<tr>\n<td>Sensortyp<\/td>\n<td>Vanadinoxid, okyld<br \/>\nfokalplansmatris<\/td>\n<\/tr>\n<tr>\n<td>V\u00e4rmek\u00e4nslighet \u2013 NETD (mK)<\/td>\n<td>&lt;35<\/td>\n<\/tr>\n<tr>\n<td>Displayuppl\u00f6sning (pixlar)<\/td>\n<td>1.024\u00d7768<\/td>\n<\/tr>\n<tr>\n<td>Displayens bildhastighet (Hz)<\/td>\n<td>50<\/td>\n<\/tr>\n<tr>\n<td>Displaytyp<\/td>\n<td>OLED<\/td>\n<\/tr>\n<tr>\n<td>Synf\u00e4lt (\u00b0)<\/td>\n<td>14.88\u00d711.19<\/td>\n<\/tr>\n<tr>\n<td>Synf\u00e4lt (m\/100m)<\/td>\n<td>26<\/td>\n<\/tr>\n<tr>\n<td>Synf\u00e4lt (ft\/100yds)<\/td>\n<td>78<\/td>\n<\/tr>\n<tr>\n<td>Synf\u00e4lt uppenbart (\u00b0)<\/td>\n<td>25&#215;18,7<\/td>\n<\/tr>\n<tr>\n<td>Optisk f\u00f6rstoring<\/td>\n<td>1,7<\/td>\n<\/tr>\n<tr>\n<td>Digital zoom<\/td>\n<td>1x, 2x, 4x<\/td>\n<\/tr>\n<tr>\n<td>Detektering (m)*<\/td>\n<td>1250<\/td>\n<\/tr>\n<tr>\n<td>Identifiering (m)**<\/td>\n<td>417<\/td>\n<\/tr>\n<tr>\n<td>Igenk\u00e4nning (m)***<\/td>\n<td>208<\/td>\n<\/tr>\n<tr>\n<td>Batterityp<\/td>\n<td>Uppladdningsbart litiumjonbatteri<\/td>\n<\/tr>\n<tr>\n<td>Batteritid<\/td>\n<td>upp till 8 timmar<\/td>\n<\/tr>\n<tr>\n<td>Drifttemperatur (\u00b0C)<\/td>\n<td>-20 \/ +50<\/td>\n<\/tr>\n<tr>\n<td>L\u00e4ngd x Bredd x H\u00f6jd (mm)<\/td>\n<td>198 \u00d7 68 \u00d7 63<\/td>\n<\/tr>\n<tr>\n<td>Vikt (g)<\/td>\n<td>430<\/td>\n<\/tr>\n<tr>\n<td>Vattent\u00e4t<\/td>\n<td>\u2713<\/td>\n<\/tr>\n<tr>\n<td>Fokus<\/td>\n<td>manuell<\/td>\n<\/tr>\n<tr>\n<td>Starttid (s)<\/td>\n<td>2<\/td>\n<\/tr>\n<tr>\n<td>Automatisk display p\u00e5-\/av<\/td>\n<td>\u2713<\/td>\n<\/tr>\n<tr>\n<td>F\u00e4rgl\u00e4gen<\/td>\n<td>Vit varm, Svart varm, Endast r\u00f6d<\/td>\n<\/tr>\n<tr>\n<td>Garanti<\/td>\n<td>3 \u00e5r<\/td>\n<\/tr>\n<tr>\n<td>Tillbeh\u00f6r (ing\u00e5r)<\/td>\n<td>Linsskydd<br \/>\nB\u00e4rrem med snabbf\u00e4ste<br \/>\nSkyddande neoprenh\u00f6lje<br \/>\nUSB-C-laddningskabel<\/td>\n<\/tr>\n<\/tbody>\n<\/table>\n<p>&nbsp;<\/p>\n<p>* Detektionsavst\u00e5nd 1,7 x 0,5 \/ 2px (m)<br \/>\n** Igenk\u00e4nningsavst\u00e5nd 1,7 x 0,5 \/ 6px (m)<br \/>\n*** Identifieringsavst\u00e5nd 1,7 x 0,5 \/ 12px (m)<\/p>\n","protected":false},"excerpt":{"rendered":"<p>I varje detalj \u00e4r KAHLES HELIA TI v\u00e4rmekameror radikalt optimerade f\u00f6r jakt. De kombinerar intuitiv, enkel hantering med utm\u00e4rkt bildprestanda. Inte en knapp f\u00f6r mycket, ingen p\u00e5 fel plats. Kompromissl\u00f6st enkel och snabb detektering dag och natt. Radikalt enkel och intuitiv \u2013 med bara 2 kontrollknappar Utm\u00e4rkt bildprestanda med h\u00f6g detaljuppl\u00f6sning Klar att anv\u00e4ndas p\u00e5 [&#8230;]\n","protected":false},"featured_media":260645,"comment_status":"open","ping_status":"closed","template":"","meta":[],"product_brand":[],"product_cat":[2529],"product_tag":[],"class_list":{"0":"post-286846","1":"product","2":"type-product","3":"status-publish","4":"has-post-thumbnail","6":"product_cat-varmebilder","8":"first","9":"outofstock","10":"taxable","11":"shipping-taxable","12":"purchasable","13":"product-type-simple"},"composite_virtual":false,"composite_layout":"","composite_add_to_cart_form_location":"","composite_editable_in_cart":false,"composite_sold_individually_context":"","composite_shop_price_calc":"","composite_components":[],"composite_scenarios":[],"group_of_quantity":0,"min_quantity":0,"max_quantity":"","exclude_order_quantity_value_rules":"no","exclude_category_quantity_rules":"no","combine_variations":"no","exclude_global_add_ons":[],"addons":[],"_links":{"self":[{"href":"https:\/\/www.huntersfriend.eu\/sv\/wp-json\/wp\/v2\/product\/286846","targetHints":{"allow":["GET"]}}],"collection":[{"href":"https:\/\/www.huntersfriend.eu\/sv\/wp-json\/wp\/v2\/product"}],"about":[{"href":"https:\/\/www.huntersfriend.eu\/sv\/wp-json\/wp\/v2\/types\/product"}],"replies":[{"embeddable":true,"href":"https:\/\/www.huntersfriend.eu\/sv\/wp-json\/wp\/v2\/comments?post=286846"}],"wp:featuredmedia":[{"embeddable":true,"href":"https:\/\/www.huntersfriend.eu\/sv\/wp-json\/wp\/v2\/media\/260645"}],"wp:attachment":[{"href":"https:\/\/www.huntersfriend.eu\/sv\/wp-json\/wp\/v2\/media?parent=286846"}],"wp:term":[{"taxonomy":"product_brand","embeddable":true,"href":"https:\/\/www.huntersfriend.eu\/sv\/wp-json\/wp\/v2\/product_brand?post=286846"},{"taxonomy":"product_cat","embeddable":true,"href":"https:\/\/www.huntersfriend.eu\/sv\/wp-json\/wp\/v2\/product_cat?post=286846"},{"taxonomy":"product_tag","embeddable":true,"href":"https:\/\/www.huntersfriend.eu\/sv\/wp-json\/wp\/v2\/product_tag?post=286846"}],"curies":[{"name":"wp","href":"https:\/\/api.w.org\/{rel}","templated":true}]}}