{"id":286838,"date":"2024-01-04T12:30:15","date_gmt":"2024-01-04T10:30:15","guid":{"rendered":"https:\/\/www.huntersfriend.eu\/product\/swarovski-nl-pure-10x42\/"},"modified":"2025-08-26T11:41:39","modified_gmt":"2025-08-26T09:41:39","slug":"swarovski-nl-pure-10x42","status":"publish","type":"product","link":"https:\/\/www.huntersfriend.eu\/sv\/produkt\/swarovski-nl-pure-10x42\/","title":{"rendered":"Swarovski NL pure 10&#215;42"},"content":{"rendered":"<p><strong>Swarovski NL pure 10&#215;42<\/strong><\/p>\n<p>Se mer i varje situation. Tack vare den perfekta hanteringen och det till synes o\u00e4ndliga synf\u00e4ltet blir NL Pure 10&#215;42 \u00e4nnu mer m\u00e5ngsidig. <\/p>\n<div class=\"swo-css-1xx1tln\">\n<div class=\"swo-css-6kz1wu\">\n<div class=\"swo-css-1l1yy35\"><strong><span class=\"swo-css-1loh2bb\">F\u00d6RSTORING<\/span><\/strong><\/div>\n<div class=\"swo-css-1yqjybo\">\n<p class=\"first-rt-node last-rt-node swo-css-1i9vogi\">F\u00f6rstoringen anger faktorn med vilken ett objekt verkar vara n\u00e4rmare i j\u00e4mf\u00f6relse med det faktiska avst\u00e5ndet. Ju h\u00f6gre f\u00f6rstoring, desto n\u00e4rmare verkar objektet vara. En h\u00f6gre f\u00f6rstoring inneb\u00e4r dock ocks\u00e5 ett mindre synf\u00e4lt. Kontrollera det exakta produktnamnet eftersom siffran framf\u00f6r \u201cx\u201d anger f\u00f6rstoringen. Till exempel \u00e4r 10\u00d742 en enhet med 10x f\u00f6rstoring.    <\/p>\n<\/div>\n<\/div>\n<\/div>\n<div class=\"swo-css-1xx1tln\">\n<div class=\"swo-css-6kz1wu\">\n<div class=\"swo-css-1l1yy35\"><strong><span class=\"swo-css-1loh2bb\">SYNF\u00c4LT<\/span><\/strong><\/div>\n<div class=\"swo-css-1yqjybo\">\n<p class=\"first-rt-node last-rt-node swo-css-1i9vogi\">Synf\u00e4ltet beskriver storleken p\u00e5 den bildsektion som kan ses genom optiken. Detta anges antingen i meter (bredd) p\u00e5 ett avst\u00e5nd av 1000 meter (m\/1000m), eller fot (bredd) p\u00e5 ett avst\u00e5nd av 1000 yards (ft\/1000 yds), eller som en vinkel (grader). Ju h\u00f6gre f\u00f6rstoring, desto mindre synf\u00e4lt.<br \/>\nKikare har ett stort synf\u00e4lt, vilket inneb\u00e4r att du kan se ett stort omr\u00e5de. Tubkikare har en h\u00f6gre f\u00f6rstoring, vilket g\u00f6r synf\u00e4ltet mycket mindre, men du kan se mer detaljer.   <\/p>\n<\/div>\n<\/div>\n<\/div>\n<div class=\"swo-css-1xx1tln\">\n<div class=\"swo-css-6kz1wu\">\n<div class=\"swo-css-1l1yy35\"><strong><span class=\"swo-css-1loh2bb\">OBJEKTIV LINS DIAMETER<\/span><\/strong><\/div>\n<div class=\"swo-css-1yqjybo\">\n<p class=\"first-rt-node last-rt-node swo-css-1i9vogi\">Objektivlinsens diameter anger hur mycket ljus som kan komma in i optiken. Detta g\u00f6r det till en nyckelfaktor i ett instruments prestanda, till exempel i skymning. Ju st\u00f6rre objektivlinsens diameter \u00e4r, desto mer ljus kan objektivlinsen f\u00e5nga. Ju m\u00f6rkare omgivningen \u00e4r, desto st\u00f6rre m\u00e5ste objektivlinsens diameter vara. Kontrollera det exakta produktnamnet eftersom siffran efter \u201cx\u201d anger objektivlinsens diameter i millimeter. Till exempel har en enhet med suffixet 10\u00d742 en objektivlins med en diameter p\u00e5 42 mm.     <\/p>\n<\/div>\n<\/div>\n<\/div>\n<div class=\"swo-css-1xx1tln\">\n<div class=\"swo-css-6kz1wu\">\n<div class=\"swo-css-1l1yy35\"><strong><span class=\"swo-css-1loh2bb\">KORTASTE FOKUSERINGSAVST\u00c5ND<\/span><\/strong><\/div>\n<div class=\"swo-css-1yqjybo\">\n<p class=\"first-rt-node last-rt-node swo-css-1i9vogi\">Det kortaste fokuseringsavst\u00e5ndet anger hur n\u00e4ra ett objekt m\u00e5ste vara f\u00f6r att se det tydligt med optiken. Mellan detta v\u00e4rde och o\u00e4ndligheten \u00e4r det m\u00f6jligt att fokusera bilden. <\/p>\n<p><strong><span class=\"swo-css-1im26ic\">LEVERANS INKLUDERAR:<\/span><\/strong><\/p>\n<ul>\n<li class=\"swo-css-hrolav\">FSB funktionell sidov\u00e4ska<\/li>\n<li class=\"swo-css-hrolav\">UCS universal komfortrem<\/li>\n<li class=\"swo-css-hrolav\">Okularskydd<\/li>\n<li class=\"swo-css-hrolav\">Objektivskydd<\/li>\n<li class=\"swo-css-hrolav\">Tv\u00e5l &amp; borste<\/li>\n<\/ul>\n<p><strong>TEKNISKA SPECIFIKATIONER:<\/strong><\/p>\n<p><strong>OBJEKTIV:<\/strong><\/p>\n<div class=\"swo-css-wvbtny\">\n<div class=\"swo-css-1r6uwks\">\n<ul>\n<li class=\"swo-css-1fttcpj\"><span class=\"swo-css-okagfm\">10x <\/span>f\u00f6rstoring<\/li>\n<li class=\"swo-css-1fttcpj\">42 mm Effektiv objektivlinsdiameter<\/li>\n<li class=\"swo-css-1fttcpj\">4,2 mm Utg\u00e5ngspupilldiameter<\/li>\n<li class=\"swo-css-1fttcpj\">18 mm utg\u00e5ngspupillavst\u00e5nd-\u00f6gonrelief-mm<\/li>\n<li class=\"swo-css-1fttcpj\">133 m\/1000m Synf\u00e4lt m vid 1000m \/ ft vid 1 000yds<\/li>\n<li class=\"swo-css-1fttcpj\">7.6 \u00b0 Synf\u00e4lt grader<\/li>\n<li class=\"swo-css-1fttcpj\">7.6 \u00b0 Synf\u00e4lt med glas\u00f6gon (\u00b0)<\/li>\n<li class=\"swo-css-1fttcpj\">70 \u00b0 Synf\u00e4lt uppenbart<\/li>\n<li class=\"swo-css-1fttcpj\">2 m Kortaste fokuseringsavst\u00e5nd<\/li>\n<li class=\"swo-css-1fttcpj\">\u00b1 4 dpt Dioptrijustering<\/li>\n<li class=\"swo-css-1fttcpj\">5 dpt Dioptri korrigering vid \u221e<\/li>\n<li class=\"swo-css-1fttcpj\">91 % Ljustransmission<\/li>\n<li class=\"swo-css-1fttcpj\">56-74 mm Pupillavst\u00e5nd<\/li>\n<li class=\"swo-css-1fttcpj\">20.5 Skymningsfaktor enl. ISO 14132-1 <\/li>\n<\/ul>\n<p><strong>STORLEK OCH VIKT:<\/strong><\/p>\n<div class=\"swo-css-wvbtny\">\n<div class=\"swo-css-1r6uwks\">\n<ul>\n<li class=\"swo-css-1fttcpj\"><span class=\"swo-css-okagfm\">158 mm <\/span>L\u00e4ngd i mm.<\/li>\n<li class=\"swo-css-1fttcpj\">131 mm Bredd i mm.<\/li>\n<li class=\"swo-css-1fttcpj\">71 mm H\u00f6jd i mm.<\/li>\n<li class=\"swo-css-1fttcpj\">850 g Vikt<\/li>\n<\/ul>\n<div class=\"selected swo-css-1cs9xox\"><strong><span class=\"swo-css-11ogcw2\">MILJ\u00d6 &amp; F\u00d6RH\u00c5LLANDEN:<\/span><\/strong><\/div>\n<div class=\"is-selected swo-css-3uk7ts\">\n<div class=\"swo-css-1fn4ol2\">\n<div class=\"swo-css-wvbtny\">\n<div class=\"swo-css-1r6uwks\">\n<ul>\n<li class=\"swo-css-1fttcpj\"><span class=\"swo-css-okagfm\">-25 till +55 \u00b0C <\/span>Funktionell temperatur<\/li>\n<li class=\"swo-css-1fttcpj\">-30 till +70 \u00b0C Lagringstemperatur<\/li>\n<li class=\"swo-css-1fttcpj\">13 ft \/ 4 m vattendjup (inert gasfyllning) Neds\u00e4nkningst\u00e4thet<\/li>\n<\/ul>\n<\/div>\n<\/div>\n<\/div>\n<\/div>\n<\/div>\n<\/div>\n<\/div>\n<\/div>\n<\/div>\n<\/div>\n<\/div>\n","protected":false},"excerpt":{"rendered":"<p>Swarovski NL pure 10&#215;42 Se mer i varje situation. Tack vare den perfekta hanteringen och det till synes o\u00e4ndliga synf\u00e4ltet blir NL Pure 10&#215;42 \u00e4nnu mer m\u00e5ngsidig. F\u00d6RSTORING F\u00f6rstoringen anger faktorn med vilken ett objekt verkar vara n\u00e4rmare i j\u00e4mf\u00f6relse med det faktiska avst\u00e5ndet. Ju h\u00f6gre f\u00f6rstoring, desto n\u00e4rmare verkar objektet vara. En h\u00f6gre f\u00f6rstoring [&#8230;]\n","protected":false},"featured_media":260270,"comment_status":"open","ping_status":"closed","template":"","meta":[],"product_brand":[],"product_cat":[878],"product_tag":[],"class_list":{"0":"post-286838","1":"product","2":"type-product","3":"status-publish","4":"has-post-thumbnail","6":"product_cat-uncategorized-sv","8":"first","9":"outofstock","10":"taxable","11":"shipping-taxable","12":"purchasable","13":"product-type-simple"},"composite_virtual":false,"composite_layout":"","composite_add_to_cart_form_location":"","composite_editable_in_cart":false,"composite_sold_individually_context":"","composite_shop_price_calc":"","composite_components":[],"composite_scenarios":[],"group_of_quantity":0,"min_quantity":0,"max_quantity":"","exclude_order_quantity_value_rules":"no","exclude_category_quantity_rules":"no","combine_variations":"no","exclude_global_add_ons":[],"addons":[],"_links":{"self":[{"href":"https:\/\/www.huntersfriend.eu\/sv\/wp-json\/wp\/v2\/product\/286838","targetHints":{"allow":["GET"]}}],"collection":[{"href":"https:\/\/www.huntersfriend.eu\/sv\/wp-json\/wp\/v2\/product"}],"about":[{"href":"https:\/\/www.huntersfriend.eu\/sv\/wp-json\/wp\/v2\/types\/product"}],"replies":[{"embeddable":true,"href":"https:\/\/www.huntersfriend.eu\/sv\/wp-json\/wp\/v2\/comments?post=286838"}],"wp:featuredmedia":[{"embeddable":true,"href":"https:\/\/www.huntersfriend.eu\/sv\/wp-json\/wp\/v2\/media\/260270"}],"wp:attachment":[{"href":"https:\/\/www.huntersfriend.eu\/sv\/wp-json\/wp\/v2\/media?parent=286838"}],"wp:term":[{"taxonomy":"product_brand","embeddable":true,"href":"https:\/\/www.huntersfriend.eu\/sv\/wp-json\/wp\/v2\/product_brand?post=286838"},{"taxonomy":"product_cat","embeddable":true,"href":"https:\/\/www.huntersfriend.eu\/sv\/wp-json\/wp\/v2\/product_cat?post=286838"},{"taxonomy":"product_tag","embeddable":true,"href":"https:\/\/www.huntersfriend.eu\/sv\/wp-json\/wp\/v2\/product_tag?post=286838"}],"curies":[{"name":"wp","href":"https:\/\/api.w.org\/{rel}","templated":true}]}}