{"id":286835,"date":"2024-01-04T12:29:38","date_gmt":"2024-01-04T10:29:38","guid":{"rendered":"https:\/\/www.huntersfriend.eu\/product\/mjoelner-ljuddamparskydd-for-jakt\/"},"modified":"2025-08-26T11:41:34","modified_gmt":"2025-08-26T09:41:34","slug":"mjoelner-ljuddamparskydd-for-jakt","status":"publish","type":"product","link":"https:\/\/www.huntersfriend.eu\/sv\/produkt\/mjoelner-ljuddamparskydd-for-jakt\/","title":{"rendered":"Mjoelner ljudd\u00e4mparskydd f\u00f6r jakt"},"content":{"rendered":"<p>Ljudd\u00e4mparskyddet \u00e4r tillverkat av 5 mm t\u00f6jbar neopren med laminerade s\u00f6mmar. Skyddet \u00e4r 30 cm l\u00e5ngt och kan kortas ned utan att beh\u00f6va sys. Det passar ljudd\u00e4mpare med en diameter p\u00e5 40\u201355 mm. Rulla p\u00e5.   <\/p>\n","protected":false},"excerpt":{"rendered":"<p>Ljudd\u00e4mparskyddet \u00e4r tillverkat av 5 mm t\u00f6jbar neopren med laminerade s\u00f6mmar. Skyddet \u00e4r 30 cm l\u00e5ngt och kan kortas ned utan att beh\u00f6va sys. Det passar ljudd\u00e4mpare med en diameter p\u00e5 40\u201355 mm. Rulla p\u00e5.<\/p>\n","protected":false},"featured_media":286836,"comment_status":"open","ping_status":"closed","template":"","meta":[],"product_brand":[],"product_cat":[2564],"product_tag":[],"class_list":{"0":"post-286835","1":"product","2":"type-product","3":"status-publish","4":"has-post-thumbnail","6":"product_cat-remmar-tillbehor","8":"first","9":"instock","10":"taxable","11":"shipping-taxable","12":"purchasable","13":"product-type-simple"},"composite_virtual":false,"composite_layout":"","composite_add_to_cart_form_location":"","composite_editable_in_cart":false,"composite_sold_individually_context":"","composite_shop_price_calc":"","composite_components":[],"composite_scenarios":[],"group_of_quantity":0,"min_quantity":0,"max_quantity":"","exclude_order_quantity_value_rules":"no","exclude_category_quantity_rules":"no","combine_variations":"no","exclude_global_add_ons":[],"addons":[],"_links":{"self":[{"href":"https:\/\/www.huntersfriend.eu\/sv\/wp-json\/wp\/v2\/product\/286835","targetHints":{"allow":["GET"]}}],"collection":[{"href":"https:\/\/www.huntersfriend.eu\/sv\/wp-json\/wp\/v2\/product"}],"about":[{"href":"https:\/\/www.huntersfriend.eu\/sv\/wp-json\/wp\/v2\/types\/product"}],"replies":[{"embeddable":true,"href":"https:\/\/www.huntersfriend.eu\/sv\/wp-json\/wp\/v2\/comments?post=286835"}],"wp:featuredmedia":[{"embeddable":true,"href":"https:\/\/www.huntersfriend.eu\/sv\/wp-json\/wp\/v2\/media\/286836"}],"wp:attachment":[{"href":"https:\/\/www.huntersfriend.eu\/sv\/wp-json\/wp\/v2\/media?parent=286835"}],"wp:term":[{"taxonomy":"product_brand","embeddable":true,"href":"https:\/\/www.huntersfriend.eu\/sv\/wp-json\/wp\/v2\/product_brand?post=286835"},{"taxonomy":"product_cat","embeddable":true,"href":"https:\/\/www.huntersfriend.eu\/sv\/wp-json\/wp\/v2\/product_cat?post=286835"},{"taxonomy":"product_tag","embeddable":true,"href":"https:\/\/www.huntersfriend.eu\/sv\/wp-json\/wp\/v2\/product_tag?post=286835"}],"curies":[{"name":"wp","href":"https:\/\/api.w.org\/{rel}","templated":true}]}}