{"id":286832,"date":"2024-01-04T12:29:36","date_gmt":"2024-01-04T10:29:36","guid":{"rendered":"https:\/\/www.huntersfriend.eu\/product\/foderspiral-for-faglar\/"},"modified":"2025-08-26T11:41:32","modified_gmt":"2025-08-26T09:41:32","slug":"foderspiral-for-faglar","status":"publish","type":"product","link":"https:\/\/www.huntersfriend.eu\/sv\/produkt\/foderspiral-for-faglar\/","title":{"rendered":"Foderspiral f\u00f6r f\u00e5glar"},"content":{"rendered":"<p>Foderspiraler \u00e4r en av de vanligaste typerna av utfodringsutrustning f\u00f6r viltf\u00e5glar. De kan monteras p\u00e5 de flesta typer av trum- eller tunnfoderautomater. <\/p>\n","protected":false},"excerpt":{"rendered":"<p>Foderspiraler \u00e4r en av de vanligaste typerna av utfodringsutrustning f\u00f6r viltf\u00e5glar. De kan monteras p\u00e5 de flesta typer av trum- eller tunnfoderautomater.<\/p>\n","protected":false},"featured_media":286833,"comment_status":"open","ping_status":"closed","template":"","meta":[],"product_brand":[],"product_cat":[2628],"product_tag":[],"class_list":{"0":"post-286832","1":"product","2":"type-product","3":"status-publish","4":"has-post-thumbnail","6":"product_cat-tillbehor-till-foderautomater","8":"first","9":"onbackorder","10":"taxable","11":"shipping-taxable","12":"purchasable","13":"product-type-simple"},"composite_virtual":false,"composite_layout":"","composite_add_to_cart_form_location":"","composite_editable_in_cart":false,"composite_sold_individually_context":"","composite_shop_price_calc":"","composite_components":[],"composite_scenarios":[],"group_of_quantity":0,"min_quantity":0,"max_quantity":"","exclude_order_quantity_value_rules":"no","exclude_category_quantity_rules":"no","combine_variations":"no","exclude_global_add_ons":[],"addons":[],"_links":{"self":[{"href":"https:\/\/www.huntersfriend.eu\/sv\/wp-json\/wp\/v2\/product\/286832","targetHints":{"allow":["GET"]}}],"collection":[{"href":"https:\/\/www.huntersfriend.eu\/sv\/wp-json\/wp\/v2\/product"}],"about":[{"href":"https:\/\/www.huntersfriend.eu\/sv\/wp-json\/wp\/v2\/types\/product"}],"replies":[{"embeddable":true,"href":"https:\/\/www.huntersfriend.eu\/sv\/wp-json\/wp\/v2\/comments?post=286832"}],"wp:featuredmedia":[{"embeddable":true,"href":"https:\/\/www.huntersfriend.eu\/sv\/wp-json\/wp\/v2\/media\/286833"}],"wp:attachment":[{"href":"https:\/\/www.huntersfriend.eu\/sv\/wp-json\/wp\/v2\/media?parent=286832"}],"wp:term":[{"taxonomy":"product_brand","embeddable":true,"href":"https:\/\/www.huntersfriend.eu\/sv\/wp-json\/wp\/v2\/product_brand?post=286832"},{"taxonomy":"product_cat","embeddable":true,"href":"https:\/\/www.huntersfriend.eu\/sv\/wp-json\/wp\/v2\/product_cat?post=286832"},{"taxonomy":"product_tag","embeddable":true,"href":"https:\/\/www.huntersfriend.eu\/sv\/wp-json\/wp\/v2\/product_tag?post=286832"}],"curies":[{"name":"wp","href":"https:\/\/api.w.org\/{rel}","templated":true}]}}