{"id":286831,"date":"2024-01-04T12:29:32","date_gmt":"2024-01-04T10:29:32","guid":{"rendered":"https:\/\/www.huntersfriend.eu\/product\/hagopur-premium-tvattbjornlockmedel\/"},"modified":"2025-08-26T11:41:32","modified_gmt":"2025-08-26T09:41:32","slug":"hagopur-premium-tvattbjornlockmedel","status":"publish","type":"product","link":"https:\/\/www.huntersfriend.eu\/sv\/produkt\/hagopur-premium-tvattbjornlockmedel\/","title":{"rendered":"Hagopur premium tv\u00e4ttbj\u00f6rnlockmedel"},"content":{"rendered":"<p><span class=\"a-list-item\">Applicera p\u00e5 \u00f6nskad plats, t.ex. p\u00e5 tr\u00e4d, buskar och\/eller n\u00e4ra utfodringsplatser genom att f\u00f6rsiktigt trycka p\u00e5 flaskan, rent och ekonomiskt. Efter ca. Upprepa appliceringen under en vecka. En applikation \u00e5ret runt \u00e4r m\u00f6jlig.   <\/span><\/p>\n<p>Viktiga funktioner:<\/p>\n<ul class=\"a-unordered-list a-vertical a-spacing-mini\">\n<li class=\"a-spacing-mini\"><span class=\"a-list-item\">Inga syntetiska dofter, allt p\u00e5 naturlig basis.<\/span><\/li>\n<li class=\"a-spacing-mini\"><span class=\"a-list-item\">Lockmedel tv\u00e4ttbj\u00f6rn \/ 250 ml flaska<\/span><\/li>\n<li class=\"a-spacing-mini\"><span class=\"a-list-item\">Tv\u00e4ttbj\u00f6rnar lockas magiskt \u00e5ret runt<\/span><\/li>\n<li class=\"a-spacing-mini\"><span class=\"a-list-item\">Sammans\u00e4ttning av fiskfetter, fettsyror och naturliga s\u00f6tningskomponenter<\/span><\/li>\n<\/ul>\n","protected":false},"excerpt":{"rendered":"<p>Applicera p\u00e5 \u00f6nskad plats, t.ex. p\u00e5 tr\u00e4d, buskar och\/eller n\u00e4ra utfodringsplatser genom att f\u00f6rsiktigt trycka p\u00e5 flaskan, rent och ekonomiskt. Efter ca. Upprepa appliceringen under en vecka. En applikation \u00e5ret runt \u00e4r m\u00f6jlig. Viktiga funktioner: Inga syntetiska dofter, allt p\u00e5 naturlig basis. Lockmedel tv\u00e4ttbj\u00f6rn \/ 250 ml flaska Tv\u00e4ttbj\u00f6rnar lockas magiskt \u00e5ret runt Sammans\u00e4ttning av [&#8230;]\n","protected":false},"featured_media":286834,"comment_status":"open","ping_status":"closed","template":"","meta":[],"product_brand":[],"product_cat":[2856],"product_tag":[],"class_list":{"0":"post-286831","1":"product","2":"type-product","3":"status-publish","4":"has-post-thumbnail","6":"product_cat-lockmedel-och-mineraler","8":"first","9":"instock","10":"taxable","11":"shipping-taxable","12":"purchasable","13":"product-type-simple"},"composite_virtual":false,"composite_layout":"","composite_add_to_cart_form_location":"","composite_editable_in_cart":false,"composite_sold_individually_context":"","composite_shop_price_calc":"","composite_components":[],"composite_scenarios":[],"group_of_quantity":0,"min_quantity":0,"max_quantity":"","exclude_order_quantity_value_rules":"no","exclude_category_quantity_rules":"no","combine_variations":"no","exclude_global_add_ons":[],"addons":[],"_links":{"self":[{"href":"https:\/\/www.huntersfriend.eu\/sv\/wp-json\/wp\/v2\/product\/286831","targetHints":{"allow":["GET"]}}],"collection":[{"href":"https:\/\/www.huntersfriend.eu\/sv\/wp-json\/wp\/v2\/product"}],"about":[{"href":"https:\/\/www.huntersfriend.eu\/sv\/wp-json\/wp\/v2\/types\/product"}],"replies":[{"embeddable":true,"href":"https:\/\/www.huntersfriend.eu\/sv\/wp-json\/wp\/v2\/comments?post=286831"}],"wp:featuredmedia":[{"embeddable":true,"href":"https:\/\/www.huntersfriend.eu\/sv\/wp-json\/wp\/v2\/media\/286834"}],"wp:attachment":[{"href":"https:\/\/www.huntersfriend.eu\/sv\/wp-json\/wp\/v2\/media?parent=286831"}],"wp:term":[{"taxonomy":"product_brand","embeddable":true,"href":"https:\/\/www.huntersfriend.eu\/sv\/wp-json\/wp\/v2\/product_brand?post=286831"},{"taxonomy":"product_cat","embeddable":true,"href":"https:\/\/www.huntersfriend.eu\/sv\/wp-json\/wp\/v2\/product_cat?post=286831"},{"taxonomy":"product_tag","embeddable":true,"href":"https:\/\/www.huntersfriend.eu\/sv\/wp-json\/wp\/v2\/product_tag?post=286831"}],"curies":[{"name":"wp","href":"https:\/\/api.w.org\/{rel}","templated":true}]}}