{"id":286828,"date":"2024-01-04T12:29:29","date_gmt":"2024-01-04T10:29:29","guid":{"rendered":"https:\/\/www.huntersfriend.eu\/product\/3m-peltor-bulls-eye-i-horselkapor\/"},"modified":"2025-08-26T11:41:31","modified_gmt":"2025-08-26T09:41:31","slug":"3m-peltor-bulls-eye-i-horselkapor","status":"publish","type":"product","link":"https:\/\/www.huntersfriend.eu\/sv\/produkt\/3m-peltor-bulls-eye-i-horselkapor\/","title":{"rendered":"3M Peltor Bull&#8217;s Eye I h\u00f6rselk\u00e5por"},"content":{"rendered":"<p class=\"mds-font_body sps2-pdp_description--benefit\">Reduktion av ljudniv\u00e5er upp till 28 dB, testade enligt EN 352:2020<\/p>\n<p class=\"mds-font_body sps2-pdp_description--benefit\">Designade f\u00f6r anv\u00e4ndning vid jakt och skytte<\/p>\n<p class=\"mds-font_body sps2-pdp_description--benefit\">Vadderad metallbygelkonstruktion hj\u00e4lper till att uppr\u00e4tth\u00e5lla en j\u00e4mn kraft under hela dagen f\u00f6r ett tillf\u00f6rlitligt skydd<\/p>\n<ul class=\"sps2-pdp_details--highlights_list\">\n<li class=\"sps2-pdp_details--highlights_item mds-font_paragraph\">Reduktion av ljudniv\u00e5er upp till 28 dB, testade enligt EN 352:2020<\/li>\n<li class=\"sps2-pdp_details--highlights_item mds-font_paragraph\">Designade f\u00f6r anv\u00e4ndning vid jakt och skytte<\/li>\n<li class=\"sps2-pdp_details--highlights_item mds-font_paragraph\">Vadderad metallbygelkonstruktion hj\u00e4lper till att uppr\u00e4tth\u00e5lla en j\u00e4mn kraft under hela dagen f\u00f6r ett tillf\u00f6rlitligt skydd<\/li>\n<li class=\"sps2-pdp_details--highlights_item mds-font_paragraph\">Fasad kupa, speciellt utformad f\u00f6r att undvika st\u00f6rningar med gev\u00e4rskolven, vilket hj\u00e4lper dig att tr\u00e4ffa m\u00e5let<\/li>\n<li class=\"sps2-pdp_details--highlights_item mds-font_paragraph\">Mjuka, breda, v\u00e4tskefyllda skumkuddar ger optimal t\u00e4tning och l\u00e5gt tryck<\/li>\n<li class=\"sps2-pdp_details--highlights_item mds-font_paragraph\">Kuddar och inl\u00e4gg finns tillg\u00e4ngliga som utbyteshygienkit<\/li>\n<li class=\"sps2-pdp_details--highlights_item mds-font_paragraph\">Vikbar bygel f\u00f6r enkel f\u00f6rvaring i en ficka eller v\u00e4ska<\/li>\n<\/ul>\n","protected":false},"excerpt":{"rendered":"<p>Reduktion av ljudniv\u00e5er upp till 28 dB, testade enligt EN 352:2020 Designade f\u00f6r anv\u00e4ndning vid jakt och skytte Vadderad metallbygelkonstruktion hj\u00e4lper till att uppr\u00e4tth\u00e5lla en j\u00e4mn kraft under hela dagen f\u00f6r ett tillf\u00f6rlitligt skydd Reduktion av ljudniv\u00e5er upp till 28 dB, testade enligt EN 352:2020 Designade f\u00f6r anv\u00e4ndning vid jakt och skytte Vadderad metallbygelkonstruktion hj\u00e4lper [&#8230;]\n","protected":false},"featured_media":260203,"comment_status":"open","ping_status":"closed","template":"","meta":[],"product_brand":[],"product_cat":[2568,2692],"product_tag":[],"class_list":{"0":"post-286828","1":"product","2":"type-product","3":"status-publish","4":"has-post-thumbnail","6":"product_cat-jakt-tillbehor","7":"product_cat-ogon-och-horselskydd","9":"first","10":"instock","11":"taxable","12":"shipping-taxable","13":"purchasable","14":"product-type-simple"},"composite_virtual":false,"composite_layout":"","composite_add_to_cart_form_location":"","composite_editable_in_cart":false,"composite_sold_individually_context":"","composite_shop_price_calc":"","composite_components":[],"composite_scenarios":[],"group_of_quantity":0,"min_quantity":0,"max_quantity":"","exclude_order_quantity_value_rules":"no","exclude_category_quantity_rules":"no","combine_variations":"no","exclude_global_add_ons":[],"addons":[],"_links":{"self":[{"href":"https:\/\/www.huntersfriend.eu\/sv\/wp-json\/wp\/v2\/product\/286828","targetHints":{"allow":["GET"]}}],"collection":[{"href":"https:\/\/www.huntersfriend.eu\/sv\/wp-json\/wp\/v2\/product"}],"about":[{"href":"https:\/\/www.huntersfriend.eu\/sv\/wp-json\/wp\/v2\/types\/product"}],"replies":[{"embeddable":true,"href":"https:\/\/www.huntersfriend.eu\/sv\/wp-json\/wp\/v2\/comments?post=286828"}],"wp:featuredmedia":[{"embeddable":true,"href":"https:\/\/www.huntersfriend.eu\/sv\/wp-json\/wp\/v2\/media\/260203"}],"wp:attachment":[{"href":"https:\/\/www.huntersfriend.eu\/sv\/wp-json\/wp\/v2\/media?parent=286828"}],"wp:term":[{"taxonomy":"product_brand","embeddable":true,"href":"https:\/\/www.huntersfriend.eu\/sv\/wp-json\/wp\/v2\/product_brand?post=286828"},{"taxonomy":"product_cat","embeddable":true,"href":"https:\/\/www.huntersfriend.eu\/sv\/wp-json\/wp\/v2\/product_cat?post=286828"},{"taxonomy":"product_tag","embeddable":true,"href":"https:\/\/www.huntersfriend.eu\/sv\/wp-json\/wp\/v2\/product_tag?post=286828"}],"curies":[{"name":"wp","href":"https:\/\/api.w.org\/{rel}","templated":true}]}}