{"id":286827,"date":"2024-01-04T12:29:35","date_gmt":"2024-01-04T10:29:35","guid":{"rendered":"https:\/\/www.huntersfriend.eu\/product\/anar-flame-500-ml-termosflaska\/"},"modified":"2025-08-26T11:41:31","modified_gmt":"2025-08-26T09:41:31","slug":"anar-flame-500-ml-termosflaska","status":"publish","type":"product","link":"https:\/\/www.huntersfriend.eu\/sv\/produkt\/anar-flame-500-ml-termosflaska\/","title":{"rendered":"Anar flame 500 ml termosflaska"},"content":{"rendered":"<p>\u25cf Dubbelv\u00e4ggig vakuumisolering f\u00f6r varma och kalla drycker<br \/>\n\u25cf Slitstarkt 18\/8 rostfritt st\u00e5l av livsmedelskvalitet p\u00e5 utsidan och insidan<br \/>\nskal + BPA-fria delar<br \/>\n\u25cf L\u00e4ttviktig, kompakt och portabel design<br \/>\n\u25cf Svetts\u00e4ker design som inte l\u00e4mnar vattenringar<br \/>\n\u25cf Bred \u00f6ppning f\u00f6r enkel p\u00e5fyllning och reng\u00f6ring<br \/>\n\u25cf L\u00e4ckages\u00e4ker, perfekt f\u00f6r kallt vatten och sportdrycker<\/p>\n","protected":false},"excerpt":{"rendered":"<p>\u25cf Dubbelv\u00e4ggig vakuumisolering f\u00f6r varma och kalla drycker \u25cf Slitstarkt 18\/8 rostfritt st\u00e5l av livsmedelskvalitet p\u00e5 utsidan och insidan skal + BPA-fria delar \u25cf L\u00e4ttviktig, kompakt och portabel design \u25cf Svetts\u00e4ker design som inte l\u00e4mnar vattenringar \u25cf Bred \u00f6ppning f\u00f6r enkel p\u00e5fyllning och reng\u00f6ring \u25cf L\u00e4ckages\u00e4ker, perfekt f\u00f6r kallt vatten och sportdrycker<\/p>\n","protected":false},"featured_media":286829,"comment_status":"open","ping_status":"closed","template":"","meta":[],"product_brand":[],"product_cat":[2567],"product_tag":[],"class_list":{"0":"post-286827","1":"product","2":"type-product","3":"status-publish","4":"has-post-thumbnail","6":"product_cat-campingtillbehor","8":"first","9":"instock","10":"taxable","11":"shipping-taxable","12":"purchasable","13":"product-type-simple"},"composite_virtual":false,"composite_layout":"","composite_add_to_cart_form_location":"","composite_editable_in_cart":false,"composite_sold_individually_context":"","composite_shop_price_calc":"","composite_components":[],"composite_scenarios":[],"group_of_quantity":0,"min_quantity":0,"max_quantity":"","exclude_order_quantity_value_rules":"no","exclude_category_quantity_rules":"no","combine_variations":"no","exclude_global_add_ons":[],"addons":[],"_links":{"self":[{"href":"https:\/\/www.huntersfriend.eu\/sv\/wp-json\/wp\/v2\/product\/286827","targetHints":{"allow":["GET"]}}],"collection":[{"href":"https:\/\/www.huntersfriend.eu\/sv\/wp-json\/wp\/v2\/product"}],"about":[{"href":"https:\/\/www.huntersfriend.eu\/sv\/wp-json\/wp\/v2\/types\/product"}],"replies":[{"embeddable":true,"href":"https:\/\/www.huntersfriend.eu\/sv\/wp-json\/wp\/v2\/comments?post=286827"}],"wp:featuredmedia":[{"embeddable":true,"href":"https:\/\/www.huntersfriend.eu\/sv\/wp-json\/wp\/v2\/media\/286829"}],"wp:attachment":[{"href":"https:\/\/www.huntersfriend.eu\/sv\/wp-json\/wp\/v2\/media?parent=286827"}],"wp:term":[{"taxonomy":"product_brand","embeddable":true,"href":"https:\/\/www.huntersfriend.eu\/sv\/wp-json\/wp\/v2\/product_brand?post=286827"},{"taxonomy":"product_cat","embeddable":true,"href":"https:\/\/www.huntersfriend.eu\/sv\/wp-json\/wp\/v2\/product_cat?post=286827"},{"taxonomy":"product_tag","embeddable":true,"href":"https:\/\/www.huntersfriend.eu\/sv\/wp-json\/wp\/v2\/product_tag?post=286827"}],"curies":[{"name":"wp","href":"https:\/\/api.w.org\/{rel}","templated":true}]}}