{"id":286826,"date":"2024-01-04T12:29:26","date_gmt":"2024-01-04T10:29:26","guid":{"rendered":"https:\/\/www.huntersfriend.eu\/product\/acme-hundvisselset-210-5\/"},"modified":"2025-08-26T11:41:30","modified_gmt":"2025-08-26T09:41:30","slug":"acme-hundvisselset-210-5","status":"publish","type":"product","link":"https:\/\/www.huntersfriend.eu\/sv\/produkt\/acme-hundvisselset-210-5\/","title":{"rendered":"Acme hundvisselset 210.5"},"content":{"rendered":"<p><span class=\"jCAhz ChMk0b\"><span class=\"ryNqvb\">Acme hundvisselpipa \u00e4r en frekvensstabil och h\u00e5llbar hundvisselpipa.<\/span><\/span> <span class=\"jCAhz ChMk0b\"><span class=\"ryNqvb\">Visselpipan har en klar ton och l\u00e5ng r\u00e4ckvidd.<\/span><\/span> <span class=\"jCAhz ChMk0b\"><span class=\"ryNqvb\">Tack vare det standardiserade ljudet ger visselpipan ett konsekvent ljud \u00e4ven om visselpipan \u00e4r annorlunda.<\/span><\/span> <span class=\"jCAhz ChMk0b\"><span class=\"ryNqvb\">P\u00e5 grund av detta kan den anv\u00e4ndas av flera familjemedlemmar, och hunden k\u00e4nner igen ljudet av visselpipan.<\/span><\/span> <span class=\"jCAhz ChMk0b\"><span class=\"ryNqvb\">Acme hundvisselpipa \u00e4r av h\u00f6g kvalitet och h\u00e5ller samma ljud i flera \u00e5r<\/span><\/span> <span class=\"jCAhz ChMk0b\"><span class=\"ryNqvb\">210.5-modellen har ett mycket h\u00f6gfrekvent ljud (5900 Hz)<\/span><\/span> <span class=\"jCAhz ChMk0b\"><span class=\"ryNqvb\">Produkten har 12 m\u00e5naders garanti<\/span><\/span><\/p>\n","protected":false},"excerpt":{"rendered":"<p>Acme hundvisselpipa \u00e4r en frekvensstabil och h\u00e5llbar hundvisselpipa. Visselpipan har en klar ton och l\u00e5ng r\u00e4ckvidd. Tack vare det standardiserade ljudet ger visselpipan ett konsekvent ljud \u00e4ven om visselpipan \u00e4r annorlunda. P\u00e5 grund av detta kan den anv\u00e4ndas av flera familjemedlemmar, och hunden k\u00e4nner igen ljudet av visselpipan. Acme hundvisselpipa \u00e4r av h\u00f6g kvalitet och [&#8230;]\n","protected":false},"featured_media":260208,"comment_status":"open","ping_status":"closed","template":"","meta":[],"product_brand":[],"product_cat":[2517],"product_tag":[],"class_list":{"0":"post-286826","1":"product","2":"type-product","3":"status-publish","4":"has-post-thumbnail","6":"product_cat-hundpersienner-vastar-och-diverse","8":"first","9":"instock","10":"taxable","11":"shipping-taxable","12":"purchasable","13":"product-type-simple"},"composite_virtual":false,"composite_layout":"","composite_add_to_cart_form_location":"","composite_editable_in_cart":false,"composite_sold_individually_context":"","composite_shop_price_calc":"","composite_components":[],"composite_scenarios":[],"group_of_quantity":0,"min_quantity":0,"max_quantity":"","exclude_order_quantity_value_rules":"no","exclude_category_quantity_rules":"no","combine_variations":"no","exclude_global_add_ons":[],"addons":[],"_links":{"self":[{"href":"https:\/\/www.huntersfriend.eu\/sv\/wp-json\/wp\/v2\/product\/286826","targetHints":{"allow":["GET"]}}],"collection":[{"href":"https:\/\/www.huntersfriend.eu\/sv\/wp-json\/wp\/v2\/product"}],"about":[{"href":"https:\/\/www.huntersfriend.eu\/sv\/wp-json\/wp\/v2\/types\/product"}],"replies":[{"embeddable":true,"href":"https:\/\/www.huntersfriend.eu\/sv\/wp-json\/wp\/v2\/comments?post=286826"}],"wp:featuredmedia":[{"embeddable":true,"href":"https:\/\/www.huntersfriend.eu\/sv\/wp-json\/wp\/v2\/media\/260208"}],"wp:attachment":[{"href":"https:\/\/www.huntersfriend.eu\/sv\/wp-json\/wp\/v2\/media?parent=286826"}],"wp:term":[{"taxonomy":"product_brand","embeddable":true,"href":"https:\/\/www.huntersfriend.eu\/sv\/wp-json\/wp\/v2\/product_brand?post=286826"},{"taxonomy":"product_cat","embeddable":true,"href":"https:\/\/www.huntersfriend.eu\/sv\/wp-json\/wp\/v2\/product_cat?post=286826"},{"taxonomy":"product_tag","embeddable":true,"href":"https:\/\/www.huntersfriend.eu\/sv\/wp-json\/wp\/v2\/product_tag?post=286826"}],"curies":[{"name":"wp","href":"https:\/\/api.w.org\/{rel}","templated":true}]}}