{"id":286824,"date":"2024-01-04T12:29:35","date_gmt":"2024-01-04T10:29:35","guid":{"rendered":"https:\/\/www.huntersfriend.eu\/product\/bensag\/"},"modified":"2025-08-26T11:41:29","modified_gmt":"2025-08-26T09:41:29","slug":"bensag","status":"publish","type":"product","link":"https:\/\/www.huntersfriend.eu\/sv\/produkt\/bensag\/","title":{"rendered":"Bens\u00e5g"},"content":{"rendered":"<p>H\u00f6gkvalitativ bens\u00e5g tillverkad av rostfritt st\u00e5l f\u00f6r att stycka vilt. Robust st\u00e5lram. <\/p>\n<ul>\n<li>Max. sk\u00e4rdjup 110 mm <\/li>\n<li><span style=\"color: #555555;font-size: 14.4px\">Bladl\u00e4ngd 400 mm<\/span><\/li>\n<li>Vikt 840 g<\/li>\n<\/ul>\n","protected":false},"excerpt":{"rendered":"<p>H\u00f6gkvalitativ bens\u00e5g tillverkad av rostfritt st\u00e5l f\u00f6r att stycka vilt. Robust st\u00e5lram. Max. sk\u00e4rdjup 110 mm Bladl\u00e4ngd 400 mm Vikt 840 g<\/p>\n","protected":false},"featured_media":286825,"comment_status":"open","ping_status":"closed","template":"","meta":[],"product_brand":[],"product_cat":[2620],"product_tag":[],"class_list":{"0":"post-286824","1":"product","2":"type-product","3":"status-publish","4":"has-post-thumbnail","6":"product_cat-viltbearbetning","8":"first","9":"instock","10":"taxable","11":"shipping-taxable","12":"purchasable","13":"product-type-simple"},"composite_virtual":false,"composite_layout":"","composite_add_to_cart_form_location":"","composite_editable_in_cart":false,"composite_sold_individually_context":"","composite_shop_price_calc":"","composite_components":[],"composite_scenarios":[],"group_of_quantity":0,"min_quantity":0,"max_quantity":"","exclude_order_quantity_value_rules":"no","exclude_category_quantity_rules":"no","combine_variations":"no","exclude_global_add_ons":[],"addons":[],"_links":{"self":[{"href":"https:\/\/www.huntersfriend.eu\/sv\/wp-json\/wp\/v2\/product\/286824","targetHints":{"allow":["GET"]}}],"collection":[{"href":"https:\/\/www.huntersfriend.eu\/sv\/wp-json\/wp\/v2\/product"}],"about":[{"href":"https:\/\/www.huntersfriend.eu\/sv\/wp-json\/wp\/v2\/types\/product"}],"replies":[{"embeddable":true,"href":"https:\/\/www.huntersfriend.eu\/sv\/wp-json\/wp\/v2\/comments?post=286824"}],"wp:featuredmedia":[{"embeddable":true,"href":"https:\/\/www.huntersfriend.eu\/sv\/wp-json\/wp\/v2\/media\/286825"}],"wp:attachment":[{"href":"https:\/\/www.huntersfriend.eu\/sv\/wp-json\/wp\/v2\/media?parent=286824"}],"wp:term":[{"taxonomy":"product_brand","embeddable":true,"href":"https:\/\/www.huntersfriend.eu\/sv\/wp-json\/wp\/v2\/product_brand?post=286824"},{"taxonomy":"product_cat","embeddable":true,"href":"https:\/\/www.huntersfriend.eu\/sv\/wp-json\/wp\/v2\/product_cat?post=286824"},{"taxonomy":"product_tag","embeddable":true,"href":"https:\/\/www.huntersfriend.eu\/sv\/wp-json\/wp\/v2\/product_tag?post=286824"}],"curies":[{"name":"wp","href":"https:\/\/api.w.org\/{rel}","templated":true}]}}