{"id":286823,"date":"2024-01-04T12:29:26","date_gmt":"2024-01-04T10:29:26","guid":{"rendered":"https:\/\/www.huntersfriend.eu\/product\/acme-hundvisselset-211-5\/"},"modified":"2025-08-26T11:41:29","modified_gmt":"2025-08-26T09:41:29","slug":"acme-hundvisselset-211-5","status":"publish","type":"product","link":"https:\/\/www.huntersfriend.eu\/sv\/produkt\/acme-hundvisselset-211-5\/","title":{"rendered":"Acme hundvisselset 211.5"},"content":{"rendered":"<p><span class=\"jCAhz ChMk0b\"><span class=\"ryNqvb\">Acme hundvissla \u00e4r en frekvensstabil och h\u00e5llbar hundvissla.<\/span><\/span> <span class=\"jCAhz ChMk0b\"><span class=\"ryNqvb\">Visslan har en klar ton och l\u00e5ng r\u00e4ckvidd.<\/span><\/span> <span class=\"jCAhz ChMk0b\"><span class=\"ryNqvb\">Tack vare det standardiserade ljudet ger visslan ett konsekvent ljud \u00e4ven om visslan \u00e4r annorlunda.<\/span><\/span> <span class=\"jCAhz ChMk0b\"><span class=\"ryNqvb\">P\u00e5 grund av detta kan den anv\u00e4ndas av flera familjemedlemmar, och hunden k\u00e4nner igen ljudet av visslan.<\/span><\/span> <span class=\"jCAhz ChMk0b\"><span class=\"ryNqvb\">Acme hundvissla \u00e4r av h\u00f6g kvalitet och h\u00e5ller samma ljud i flera \u00e5r.<\/span><\/span><\/p>\n","protected":false},"excerpt":{"rendered":"<p>Acme hundvissla \u00e4r en frekvensstabil och h\u00e5llbar hundvissla. Visslan har en klar ton och l\u00e5ng r\u00e4ckvidd. Tack vare det standardiserade ljudet ger visslan ett konsekvent ljud \u00e4ven om visslan \u00e4r annorlunda. P\u00e5 grund av detta kan den anv\u00e4ndas av flera familjemedlemmar, och hunden k\u00e4nner igen ljudet av visslan. Acme hundvissla \u00e4r av h\u00f6g kvalitet och [&#8230;]\n","protected":false},"featured_media":260228,"comment_status":"open","ping_status":"closed","template":"","meta":[],"product_brand":[],"product_cat":[878],"product_tag":[],"class_list":{"0":"post-286823","1":"product","2":"type-product","3":"status-publish","4":"has-post-thumbnail","6":"product_cat-uncategorized-sv","8":"first","9":"outofstock","10":"taxable","11":"shipping-taxable","12":"purchasable","13":"product-type-simple"},"composite_virtual":false,"composite_layout":"","composite_add_to_cart_form_location":"","composite_editable_in_cart":false,"composite_sold_individually_context":"","composite_shop_price_calc":"","composite_components":[],"composite_scenarios":[],"group_of_quantity":0,"min_quantity":0,"max_quantity":"","exclude_order_quantity_value_rules":"no","exclude_category_quantity_rules":"no","combine_variations":"no","exclude_global_add_ons":[],"addons":[],"_links":{"self":[{"href":"https:\/\/www.huntersfriend.eu\/sv\/wp-json\/wp\/v2\/product\/286823","targetHints":{"allow":["GET"]}}],"collection":[{"href":"https:\/\/www.huntersfriend.eu\/sv\/wp-json\/wp\/v2\/product"}],"about":[{"href":"https:\/\/www.huntersfriend.eu\/sv\/wp-json\/wp\/v2\/types\/product"}],"replies":[{"embeddable":true,"href":"https:\/\/www.huntersfriend.eu\/sv\/wp-json\/wp\/v2\/comments?post=286823"}],"wp:featuredmedia":[{"embeddable":true,"href":"https:\/\/www.huntersfriend.eu\/sv\/wp-json\/wp\/v2\/media\/260228"}],"wp:attachment":[{"href":"https:\/\/www.huntersfriend.eu\/sv\/wp-json\/wp\/v2\/media?parent=286823"}],"wp:term":[{"taxonomy":"product_brand","embeddable":true,"href":"https:\/\/www.huntersfriend.eu\/sv\/wp-json\/wp\/v2\/product_brand?post=286823"},{"taxonomy":"product_cat","embeddable":true,"href":"https:\/\/www.huntersfriend.eu\/sv\/wp-json\/wp\/v2\/product_cat?post=286823"},{"taxonomy":"product_tag","embeddable":true,"href":"https:\/\/www.huntersfriend.eu\/sv\/wp-json\/wp\/v2\/product_tag?post=286823"}],"curies":[{"name":"wp","href":"https:\/\/api.w.org\/{rel}","templated":true}]}}