{"id":286820,"date":"2024-01-04T12:29:24","date_gmt":"2024-01-04T10:29:24","guid":{"rendered":"https:\/\/www.huntersfriend.eu\/product\/lava-e-vac-vakuumrulle-300-mm\/"},"modified":"2025-08-26T11:41:28","modified_gmt":"2025-08-26T09:41:28","slug":"lava-e-vac-vakuumrulle-300-mm","status":"publish","type":"product","link":"https:\/\/www.huntersfriend.eu\/sv\/produkt\/lava-e-vac-vakuumrulle-300-mm\/","title":{"rendered":"Lava e-vac vakuumrulle 300 mm"},"content":{"rendered":"<p>H\u00f6gkvalitativ specialplast f\u00f6r vakuumf\u00f6rsegling. Rull\u00e4ngd 6 m. F\u00f6rpackning: 2 rullar.  <\/p>\n","protected":false},"excerpt":{"rendered":"<p>H\u00f6gkvalitativ specialplast f\u00f6r vakuumf\u00f6rsegling. Rull\u00e4ngd 6 m. F\u00f6rpackning: 2 rullar.<\/p>\n","protected":false},"featured_media":286777,"comment_status":"open","ping_status":"closed","template":"","meta":[],"product_brand":[],"product_cat":[2747],"product_tag":[],"class_list":{"0":"post-286820","1":"product","2":"type-product","3":"status-publish","4":"has-post-thumbnail","6":"product_cat-vakuumforpackare-och-kottkvarnar","8":"first","9":"instock","10":"taxable","11":"shipping-taxable","12":"purchasable","13":"product-type-simple"},"composite_virtual":false,"composite_layout":"","composite_add_to_cart_form_location":"","composite_editable_in_cart":false,"composite_sold_individually_context":"","composite_shop_price_calc":"","composite_components":[],"composite_scenarios":[],"group_of_quantity":0,"min_quantity":0,"max_quantity":"","exclude_order_quantity_value_rules":"no","exclude_category_quantity_rules":"no","combine_variations":"no","exclude_global_add_ons":[],"addons":[],"_links":{"self":[{"href":"https:\/\/www.huntersfriend.eu\/sv\/wp-json\/wp\/v2\/product\/286820","targetHints":{"allow":["GET"]}}],"collection":[{"href":"https:\/\/www.huntersfriend.eu\/sv\/wp-json\/wp\/v2\/product"}],"about":[{"href":"https:\/\/www.huntersfriend.eu\/sv\/wp-json\/wp\/v2\/types\/product"}],"replies":[{"embeddable":true,"href":"https:\/\/www.huntersfriend.eu\/sv\/wp-json\/wp\/v2\/comments?post=286820"}],"wp:featuredmedia":[{"embeddable":true,"href":"https:\/\/www.huntersfriend.eu\/sv\/wp-json\/wp\/v2\/media\/286777"}],"wp:attachment":[{"href":"https:\/\/www.huntersfriend.eu\/sv\/wp-json\/wp\/v2\/media?parent=286820"}],"wp:term":[{"taxonomy":"product_brand","embeddable":true,"href":"https:\/\/www.huntersfriend.eu\/sv\/wp-json\/wp\/v2\/product_brand?post=286820"},{"taxonomy":"product_cat","embeddable":true,"href":"https:\/\/www.huntersfriend.eu\/sv\/wp-json\/wp\/v2\/product_cat?post=286820"},{"taxonomy":"product_tag","embeddable":true,"href":"https:\/\/www.huntersfriend.eu\/sv\/wp-json\/wp\/v2\/product_tag?post=286820"}],"curies":[{"name":"wp","href":"https:\/\/api.w.org\/{rel}","templated":true}]}}