{"id":286813,"date":"2024-02-13T00:44:21","date_gmt":"2024-02-12T22:44:21","guid":{"rendered":"https:\/\/www.huntersfriend.eu\/product\/foxpro-x24-elektronisk-lockpipa\/"},"modified":"2025-11-27T11:14:37","modified_gmt":"2025-11-27T09:14:37","slug":"foxpro-x24-elektronisk-lockpipa","status":"publish","type":"product","link":"https:\/\/www.huntersfriend.eu\/sv\/produkt\/foxpro-x24-elektronisk-lockpipa\/","title":{"rendered":"FoxPro X24 elektronisk lockpipa"},"content":{"rendered":"<p>FOXPRO X24 \u00e4r en kraftfull och kompakt enhet som har en positionell Xtreme High Definition (XHD)-h\u00f6gtalare. XHD-h\u00f6gtalaren \u00e4r en hornh\u00f6gtalare med en extra diskant f\u00f6r f\u00f6rb\u00e4ttrad frekvensrespons. XHD-h\u00f6gtalarsystemet m\u00f6jligg\u00f6r extrema volymkapaciteter och realistisk ljudklarhet. X24:ans handtag f\u00e4lls ut till ett positionellt stativ f\u00f6r att ge h\u00f6jd \u00f6ver olika terr\u00e4nger som du kan st\u00f6ta p\u00e5. Det finns 1 extern h\u00f6gtalarport om du vill ha \u00e4nnu mer volym, en extraport f\u00f6r att ansluta en godk\u00e4nd enhet som en Jack Predator Decoy och en laddningsport. X24 levereras med 100 h\u00f6gkvalitativa FOXPRO-ljud och \u00f6ver 100 ljud fr\u00e5n FOXPRO:s Free Sound Library, med m\u00f6jlighet att lagra och komma \u00e5t upp till 1000 ljud. X24 levereras komplett med ett litiumbatteri och laddningskit i l\u00e5dan! TX-1000 har en fullf\u00e4rgs grafisk LCD-sk\u00e4rm som visar din ljudlista eller ljudkategorier. Den har ocks\u00e5 en barometerindikator, m\u00e5nfaseindikator, temperaturindikator, batteriniv\u00e5indikator, timer eller tidsklocka, FOXBANG-teknik och mycket mer. FOXMotion l\u00e5ter dig tona ut ljudet fr\u00e5n de v\u00e4nstra h\u00f6gtalarna till de h\u00f6gra h\u00f6gtalarna f\u00f6r att hj\u00e4lpa till att \u201cs\u00e4lja\u201d verkligheten i dina lockljud. FOXCast l\u00e5ter dig spela en f\u00f6rinst\u00e4lld anpassad sekvens f\u00f6r att inkludera dina favoritljud, volymniv\u00e5er och till och med pauser. FOXData l\u00e5ter dig spela in realtidsinformation fr\u00e5n varje pass s\u00e5 att du kan komma \u00e5t data f\u00f6r framtida referens. X24 backas upp av en 5-\u00e5rig begr\u00e4nsad garanti och \u00e4r tillverkad i USA.            <\/p>\n<h2>Funktionsh\u00f6jdpunkter<\/h2>\n<ul>\n<li>FOXBANG Mappar automatiskt din lockpipa till en f\u00f6rutbest\u00e4md inst\u00e4llning efter att du har avfyrat ditt skjutvapen. (Se bruksanvisningen f\u00f6r FOXBANG-alternativ.) <\/li>\n<li>FOXMOTION H\u00e4rma r\u00f6rliga byten genom att tona ut ljud fr\u00e5n v\u00e4nster h\u00f6gtalare till h\u00f6ger.<\/li>\n<li>FOXDATA Aktivera FOXDATA s\u00e5 spelas realtidsinformation in (temp, barometer, m\u00e5nfase, passets varaktighet, skottid) fr\u00e5n varje pass. Med tiden kommer du att kunna f\u00f6ruts\u00e4ga djuraktivitet\/jaktframg\u00e5ng baserat p\u00e5 h\u00e5rda data. <\/li>\n<li>FOXCAST Praktiskt taget handsfree-anrop med FOXCAST-sekvensfiler.<\/li>\n<li>AUTO VOLUME \u00d6kar och modulerar automatiskt din volym.<\/li>\n<li>Total vikt: 2,27 kg\/5 lbs.<\/li>\n<li>Enhetens storlek: 20,96 cm x 29,21 cm x 26,67 cm<\/li>\n<li>H\u00f6gtalare: Hornh\u00f6gtalare &amp; Diskant<\/li>\n<li>Uppspelningsl\u00e4gen: enkel, jukebox, upprepa<\/li>\n<li>Laddningsport: Ja<\/li>\n<li>Extern h\u00f6gtalarport: 3,5 mm<\/li>\n<li>Extraenhetsport: 3,5 mm<\/li>\n<li>Anv\u00e4ndare omprogrammerbar: Ja<\/li>\n<li>USB-port: USB 2.0 a\/b<\/li>\n<li>Ljudkapacitet: 1000 (Levereras med 100, plus \u00f6ver 100 ytterligare ljud fr\u00e5n FOXPRO:s Free Sound Library)<\/li>\n<li>Internt minne: 16 GB<\/li>\n<li>Filkompatibilitet: MP3, WAV, FXP och 24B (24B uppspelning)<\/li>\n<li>Str\u00f6m: (litiumkit ing\u00e5r)\/TX-1000 3 st AA-batteri (ing\u00e5r ej)<\/li>\n<li>Drifttid: 3 &#8211; 7 timmar<\/li>\n<li>Garanti: 5 \u00e5r, begr\u00e4nsad.<\/li>\n<\/ul>\n<p>F\u00f6rpackningen inneh\u00e5ller: X24 elektronisk lockpipa, TX1000-s\u00e4ndare, litiumbatteri och laddare, FOXPRO-ljud (f\u00f6rinstallerade p\u00e5 enheten i fabriken), produktmanual, garantiregistreringsformul\u00e4r.<\/p>\n<h2>Fabriksljudlista<\/h2>\n<table class=\"table table-striped\">\n<caption>Den h\u00e4r tabellen visar standardljudlistan f\u00f6r den h\u00e4r produkten.<br \/>\nKolumn ett visar ljudpositionen inom listan med start fr\u00e5n 000. Kolumn tv\u00e5 visar ljudnamnet. Kolumn tre visar FOXPRO-ljudbiblioteksreferensen.  <\/caption>\n<tbody>\n<tr>\n<th><strong>Position<\/strong><\/th>\n<th><strong>Ljudnamn<\/strong><\/th>\n<th><strong>Ljud-ID<\/strong><\/th>\n<\/tr>\n<tr>\n<td>000<\/td>\n<td>Coyote Yips<\/td>\n<td>101<\/td>\n<\/tr>\n<tr>\n<td>001<\/td>\n<td>Coyote Group Yip Howls<\/td>\n<td>C25<\/td>\n<\/tr>\n<tr>\n<td>002<\/td>\n<td>Yipping Coyotes<\/td>\n<td>C32<\/td>\n<\/tr>\n<tr>\n<td>003<\/td>\n<td>Male Coyote Howls<\/td>\n<td>C34<\/td>\n<\/tr>\n<tr>\n<td>004<\/td>\n<td>Coyote Female Sore Howls<\/td>\n<td>C40<\/td>\n<\/tr>\n<tr>\n<td>005<\/td>\n<td>Female Coyote Deep Howls<\/td>\n<td>C29<\/td>\n<\/tr>\n<tr>\n<td>006<\/td>\n<td>Male Coyote Long Howl 1<\/td>\n<td>C33<\/td>\n<\/tr>\n<tr>\n<td>007<\/td>\n<td>Female Coyote Bark Howls<\/td>\n<td>C15<\/td>\n<\/tr>\n<tr>\n<td>008<\/td>\n<td>Coyote Pair<\/td>\n<td>C26<\/td>\n<\/tr>\n<tr>\n<td>009<\/td>\n<td>Female Coyote Long Howls 1<\/td>\n<td>C19<\/td>\n<\/tr>\n<tr>\n<td>010<\/td>\n<td>Female Coyote Long Howls 2<\/td>\n<td>C20<\/td>\n<\/tr>\n<tr>\n<td>011<\/td>\n<td>Female Coyote Challenge<\/td>\n<td>C24<\/td>\n<\/tr>\n<tr>\n<td>012<\/td>\n<td>Female Yodel Howl<\/td>\n<td>C28<\/td>\n<\/tr>\n<tr>\n<td>013<\/td>\n<td>Coyote Male Barks<\/td>\n<td>C30<\/td>\n<\/tr>\n<tr>\n<td>014<\/td>\n<td>Coyote Pair Yip Howls<\/td>\n<td>C31<\/td>\n<\/tr>\n<tr>\n<td>015<\/td>\n<td>Female Coyote Challenge Barks<\/td>\n<td>C23<\/td>\n<\/tr>\n<tr>\n<td>016<\/td>\n<td>Coyote Male Challenge Scream<\/td>\n<td>185<\/td>\n<\/tr>\n<tr>\n<td>017<\/td>\n<td>Troubled Coyote<\/td>\n<td>103<\/td>\n<\/tr>\n<tr>\n<td>018<\/td>\n<td>Fem Coyote Sub<\/td>\n<td>C35<\/td>\n<\/tr>\n<tr>\n<td>019<\/td>\n<td>Female Coyote Whimpers<\/td>\n<td>C17<\/td>\n<\/tr>\n<tr>\n<td>020<\/td>\n<td>Coyote Pup Screams<\/td>\n<td>C22<\/td>\n<\/tr>\n<tr>\n<td>021<\/td>\n<td>Coyote Pup Distress 3<\/td>\n<td>C27<\/td>\n<\/tr>\n<tr>\n<td>022<\/td>\n<td>Gray Fox Distress<\/td>\n<td>224<\/td>\n<\/tr>\n<tr>\n<td>023<\/td>\n<td>Scream-N Gray Fox<\/td>\n<td>226<\/td>\n<\/tr>\n<tr>\n<td>024<\/td>\n<td>Platinum Grey Fox Pup<\/td>\n<td>C85<\/td>\n<\/tr>\n<tr>\n<td>025<\/td>\n<td>Baby Red Fox Distress 1<\/td>\n<td>C75<\/td>\n<\/tr>\n<tr>\n<td>026<\/td>\n<td>Red Fox Distress<\/td>\n<td>227<\/td>\n<\/tr>\n<tr>\n<td>027<\/td>\n<td>Red Fox Pups<\/td>\n<td>C79<\/td>\n<\/tr>\n<tr>\n<td>028<\/td>\n<td>Red Fox Rally<\/td>\n<td>221<\/td>\n<\/tr>\n<tr>\n<td>029<\/td>\n<td>Mt&#8217; Lion In Heat<\/td>\n<td>370<\/td>\n<\/tr>\n<tr>\n<td>030<\/td>\n<td>Mt&#8217; Lion Whistle<\/td>\n<td>373<\/td>\n<\/tr>\n<tr>\n<td>031<\/td>\n<td>Lone Wolf<\/td>\n<td>320<\/td>\n<\/tr>\n<tr>\n<td>032<\/td>\n<td>Wolf Pair Howl<\/td>\n<td>324<\/td>\n<\/tr>\n<tr>\n<td>033<\/td>\n<td>Aggressive Bobcat<\/td>\n<td>380<\/td>\n<\/tr>\n<tr>\n<td>034<\/td>\n<td>Canine Pups 1<\/td>\n<td>C00<\/td>\n<\/tr>\n<tr>\n<td>035<\/td>\n<td>Canine Pups 2<\/td>\n<td>C01<\/td>\n<\/tr>\n<tr>\n<td>036<\/td>\n<td>Baying Hounds<\/td>\n<td>C03<\/td>\n<\/tr>\n<tr>\n<td>037<\/td>\n<td>Kitten Cries<\/td>\n<td>F00<\/td>\n<\/tr>\n<tr>\n<td>038<\/td>\n<td>Kitten Distress 2<\/td>\n<td>F02<\/td>\n<\/tr>\n<tr>\n<td>039<\/td>\n<td>Lightning Jack<\/td>\n<td>L00<\/td>\n<\/tr>\n<tr>\n<td>040<\/td>\n<td>Jackrabbit Distress<\/td>\n<td>233<\/td>\n<\/tr>\n<tr>\n<td>041<\/td>\n<td>White Tailed Jack<\/td>\n<td>L11<\/td>\n<\/tr>\n<tr>\n<td>042<\/td>\n<td>Devil Hare<\/td>\n<td>L10<\/td>\n<\/tr>\n<tr>\n<td>043<\/td>\n<td>Eastern Cottontail<\/td>\n<td>L57<\/td>\n<\/tr>\n<tr>\n<td>044<\/td>\n<td>Bay Bee Cottontail 2<\/td>\n<td>L64<\/td>\n<\/tr>\n<tr>\n<td>045<\/td>\n<td>Adult Cottontail<\/td>\n<td>L55<\/td>\n<\/tr>\n<tr>\n<td>046<\/td>\n<td>Cagie Cottontail<\/td>\n<td>L58<\/td>\n<\/tr>\n<tr>\n<td>047<\/td>\n<td>Lil Rabbit<\/td>\n<td>L53<\/td>\n<\/tr>\n<tr>\n<td>048<\/td>\n<td>CF Cottontail<\/td>\n<td>L56<\/td>\n<\/tr>\n<tr>\n<td>049<\/td>\n<td>Lils Cottontail<\/td>\n<td>L59<\/td>\n<\/tr>\n<tr>\n<td>050<\/td>\n<td>Snow Shoe High Pitch<\/td>\n<td>L06<\/td>\n<\/tr>\n<tr>\n<td>051<\/td>\n<td>Snow Shoe 1<\/td>\n<td>L03<\/td>\n<\/tr>\n<tr>\n<td>052<\/td>\n<td>Raspy Woodpecker<\/td>\n<td>B00<\/td>\n<\/tr>\n<tr>\n<td>053<\/td>\n<td>Weep-N Woodpecker<\/td>\n<td>B01<\/td>\n<\/tr>\n<tr>\n<td>054<\/td>\n<td>Woodpecker<\/td>\n<td>B09<\/td>\n<\/tr>\n<tr>\n<td>055<\/td>\n<td>Hairy Woodpecker 2<\/td>\n<td>B06<\/td>\n<\/tr>\n<tr>\n<td>056<\/td>\n<td>Finch Distress<\/td>\n<td>B70<\/td>\n<\/tr>\n<tr>\n<td>057<\/td>\n<td>Wood Ducklings<\/td>\n<td>B78<\/td>\n<\/tr>\n<tr>\n<td>058<\/td>\n<td>Cranky Male Cardinal<\/td>\n<td>B84<\/td>\n<\/tr>\n<tr>\n<td>059<\/td>\n<td>Blue Jay Distress<\/td>\n<td>B75<\/td>\n<\/tr>\n<tr>\n<td>060<\/td>\n<td>Titmouse Tantrum<\/td>\n<td>B85<\/td>\n<\/tr>\n<tr>\n<td>061<\/td>\n<td>Nutty Nuthatch<\/td>\n<td>B86<\/td>\n<\/tr>\n<tr>\n<td>062<\/td>\n<td>Ranting Red Bird<\/td>\n<td>B87<\/td>\n<\/tr>\n<tr>\n<td>063<\/td>\n<td>Lucky Bird<\/td>\n<td>290<\/td>\n<\/tr>\n<tr>\n<td>064<\/td>\n<td>Flying Squirrel Distress<\/td>\n<td>R02<\/td>\n<\/tr>\n<tr>\n<td>065<\/td>\n<td>Vole Squeaks<\/td>\n<td>R07<\/td>\n<\/tr>\n<tr>\n<td>066<\/td>\n<td>Field Mouse Distress<\/td>\n<td>R10<\/td>\n<\/tr>\n<tr>\n<td>067<\/td>\n<td>Rodent Distress<\/td>\n<td>249<\/td>\n<\/tr>\n<tr>\n<td>068<\/td>\n<td>Prairie Dog Distress<\/td>\n<td>247<\/td>\n<\/tr>\n<tr>\n<td>069<\/td>\n<td>Groundhog Distress<\/td>\n<td>242<\/td>\n<\/tr>\n<tr>\n<td>070<\/td>\n<td>Guinea Pig 2<\/td>\n<td>R01<\/td>\n<\/tr>\n<tr>\n<td>071<\/td>\n<td>Baby Porcupine<\/td>\n<td>N50<\/td>\n<\/tr>\n<tr>\n<td>072<\/td>\n<td>Distressed Calf<\/td>\n<td>M07<\/td>\n<\/tr>\n<tr>\n<td>073<\/td>\n<td>Lost Sheep<\/td>\n<td>258<\/td>\n<\/tr>\n<tr>\n<td>074<\/td>\n<td>Baby Pig Distress<\/td>\n<td>H03<\/td>\n<\/tr>\n<tr>\n<td>075<\/td>\n<td>Juvenile Pig Dist<\/td>\n<td>H04<\/td>\n<\/tr>\n<tr>\n<td>076<\/td>\n<td>Lil Piggy<\/td>\n<td>H20<\/td>\n<\/tr>\n<tr>\n<td>077<\/td>\n<td>Kid Goat Cries 2<\/td>\n<td>M00<\/td>\n<\/tr>\n<tr>\n<td>078<\/td>\n<td>Whitetail Yng Dst<\/td>\n<td>D06<\/td>\n<\/tr>\n<tr>\n<td>079<\/td>\n<td>Whitetail Buck Fawn 2<\/td>\n<td>D02<\/td>\n<\/tr>\n<tr>\n<td>080<\/td>\n<td>Antelope Fawn Cry<\/td>\n<td>D55<\/td>\n<\/tr>\n<tr>\n<td>081<\/td>\n<td>Elk Calf Distress<\/td>\n<td>D30<\/td>\n<\/tr>\n<tr>\n<td>082<\/td>\n<td>Bear Cub Distress 1<\/td>\n<td>253<\/td>\n<\/tr>\n<tr>\n<td>083<\/td>\n<td>Crow Fight<\/td>\n<td>270<\/td>\n<\/tr>\n<tr>\n<td>084<\/td>\n<td>Dying Crow<\/td>\n<td>275<\/td>\n<\/tr>\n<tr>\n<td>085<\/td>\n<td>Crow &amp; Hawk Fight<\/td>\n<td>276<\/td>\n<\/tr>\n<tr>\n<td>086<\/td>\n<td>Crows<\/td>\n<td>280<\/td>\n<\/tr>\n<tr>\n<td>087<\/td>\n<td>Crows 2<\/td>\n<td>B52<\/td>\n<\/tr>\n<tr>\n<td>088<\/td>\n<td>Magpies<\/td>\n<td>B50<\/td>\n<\/tr>\n<tr>\n<td>089<\/td>\n<td>Raven Flock<\/td>\n<td>533<\/td>\n<\/tr>\n<tr>\n<td>090<\/td>\n<td>Raccoon Fight<\/td>\n<td>N02<\/td>\n<\/tr>\n<tr>\n<td>091<\/td>\n<td>Twittering Raccoon<\/td>\n<td>N03<\/td>\n<\/tr>\n<tr>\n<td>092<\/td>\n<td>Young Raccoon Distress<\/td>\n<td>N04<\/td>\n<\/tr>\n<tr>\n<td>093<\/td>\n<td>Raccoon Pup<\/td>\n<td>N07<\/td>\n<\/tr>\n<tr>\n<td>094<\/td>\n<td>Raccoon Puppies<\/td>\n<td>N08<\/td>\n<\/tr>\n<tr>\n<td>095<\/td>\n<td>Elk Chuckle<\/td>\n<td>D31<\/td>\n<\/tr>\n<tr>\n<td>096<\/td>\n<td>\u00c4lgkalvar<\/td>\n<td>404<\/td>\n<\/tr>\n<tr>\n<td>097<\/td>\n<td>Brunst-M-In<\/td>\n<td>D32<\/td>\n<\/tr>\n<tr>\n<td>098<\/td>\n<td>Spelande Brunst<\/td>\n<td>D34<\/td>\n<\/tr>\n<tr>\n<td>099<\/td>\n<td>\u00c4lg Grymtar<\/td>\n<td>D45<\/td>\n<\/tr>\n<tr>\n<td>100<\/td>\n<td>F_Cals Fed Siren<\/td>\n<td>160<\/td>\n<\/tr>\n<tr>\n<td>101<\/td>\n<td>F_Siren 2<\/td>\n<td>161<\/td>\n<\/tr>\n<tr>\n<td>102<\/td>\n<td>AM Pr\u00e4rievarg J\u00e4mmer och Gn\u00e4ll<\/td>\n<td>659<\/td>\n<\/tr>\n<tr>\n<td>103<\/td>\n<td>F_Coyote Lonesome Howl<\/td>\n<td>189<\/td>\n<\/tr>\n<tr>\n<td>104<\/td>\n<td>F_Female Invitation 2<\/td>\n<td>188<\/td>\n<\/tr>\n<tr>\n<td>105<\/td>\n<td>F_Coyote Hurt Pup<\/td>\n<td>179<\/td>\n<\/tr>\n<tr>\n<td>106<\/td>\n<td>F_Interrogation Howl<\/td>\n<td>187<\/td>\n<\/tr>\n<tr>\n<td>107<\/td>\n<td>F_Coyote KIYI<\/td>\n<td>218<\/td>\n<\/tr>\n<tr>\n<td>108<\/td>\n<td>F_Coyote Male Challenge<\/td>\n<td>212<\/td>\n<\/tr>\n<tr>\n<td>109<\/td>\n<td>F_Coyote Pup Distress 1<\/td>\n<td>209<\/td>\n<\/tr>\n<tr>\n<td>110<\/td>\n<td>F_Female Invitation 2<\/td>\n<td>188<\/td>\n<\/tr>\n<tr>\n<td>111<\/td>\n<td>F_Interrogation Howl<\/td>\n<td>187<\/td>\n<\/tr>\n<tr>\n<td>112<\/td>\n<td>F_Lone Howl<\/td>\n<td>186<\/td>\n<\/tr>\n<tr>\n<td>113<\/td>\n<td>F_MM Adult KiYi<\/td>\n<td>560<\/td>\n<\/tr>\n<tr>\n<td>114<\/td>\n<td>F_MM Coyote Bark Growls<\/td>\n<td>553<\/td>\n<\/tr>\n<tr>\n<td>115<\/td>\n<td>F_MM Coyote Barks<\/td>\n<td>554<\/td>\n<\/tr>\n<tr>\n<td>116<\/td>\n<td>F_MM Coyote Challenge<\/td>\n<td>555<\/td>\n<\/tr>\n<tr>\n<td>117<\/td>\n<td>F_MM Coyote Challenge Howl<\/td>\n<td>556<\/td>\n<\/tr>\n<tr>\n<td>118<\/td>\n<td>F_MM Coyote Growls<\/td>\n<td>557<\/td>\n<\/tr>\n<tr>\n<td>119<\/td>\n<td>F_MM Coyote Pup Howl<\/td>\n<td>552<\/td>\n<\/tr>\n<tr>\n<td>120<\/td>\n<td>F_MM Dog Brawl<\/td>\n<td>558<\/td>\n<\/tr>\n<tr>\n<td>121<\/td>\n<td>F_MM Passive Coyote Howl<\/td>\n<td>551<\/td>\n<\/tr>\n<tr>\n<td>122<\/td>\n<td>F_MM Young KiYi<\/td>\n<td>559<\/td>\n<\/tr>\n<tr>\n<td>123<\/td>\n<td>MM Coyote Cries<\/td>\n<td>584<\/td>\n<\/tr>\n<tr>\n<td>124<\/td>\n<td>MM Coyote Pup Dist<\/td>\n<td>585<\/td>\n<\/tr>\n<tr>\n<td>125<\/td>\n<td>MM Coyote Pup Howl 2<\/td>\n<td>586<\/td>\n<\/tr>\n<tr>\n<td>126<\/td>\n<td>MM Coyote Whimpers 2<\/td>\n<td>588<\/td>\n<\/tr>\n<tr>\n<td>127<\/td>\n<td>MM Coyote Whimpers<\/td>\n<td>587<\/td>\n<\/tr>\n<tr>\n<td>128<\/td>\n<td>MM Red Fox Barks<\/td>\n<td>591<\/td>\n<\/tr>\n<tr>\n<td>129<\/td>\n<td>MM Red Fox Gekkering<\/td>\n<td>592<\/td>\n<\/tr>\n<tr>\n<td>130<\/td>\n<td>MM Red Fox Howl<\/td>\n<td>593<\/td>\n<\/tr>\n<tr>\n<td>131<\/td>\n<td>MM Red Fox Squall<\/td>\n<td>594<\/td>\n<\/tr>\n<tr>\n<td>132<\/td>\n<td>MM Vixen Mating<\/td>\n<td>595<\/td>\n<\/tr>\n<tr>\n<td>133<\/td>\n<td>MM Vixen<\/td>\n<td>596<\/td>\n<\/tr>\n<tr>\n<td>134<\/td>\n<td>F_Bobcat in Heat<\/td>\n<td>230<\/td>\n<\/tr>\n<tr>\n<td>135<\/td>\n<td>F_MM Cottontail Distress<\/td>\n<td>565<\/td>\n<\/tr>\n<tr>\n<td>136<\/td>\n<td>F_MM Jackrabbit Distress<\/td>\n<td>566<\/td>\n<\/tr>\n<tr>\n<td>137<\/td>\n<td>F_MM Pileated Woodpecker<\/td>\n<td>569<\/td>\n<\/tr>\n<tr>\n<td>138<\/td>\n<td>F_Chirping Coaxer<\/td>\n<td>515<\/td>\n<\/tr>\n<tr>\n<td>139<\/td>\n<td>F_Crazy Critter<\/td>\n<td>120<\/td>\n<\/tr>\n<tr>\n<td>140<\/td>\n<td>F_Fox Whistle<\/td>\n<td>519<\/td>\n<\/tr>\n<tr>\n<td>141<\/td>\n<td>F_Freaky Squeaks<\/td>\n<td>518<\/td>\n<\/tr>\n<tr>\n<td>142<\/td>\n<td>F_High Freq Squeak<\/td>\n<td>517<\/td>\n<\/tr>\n<tr>\n<td>143<\/td>\n<td>F_Javelinas Demise<\/td>\n<td>121<\/td>\n<\/tr>\n<tr>\n<td>144<\/td>\n<td>F_Kiss of Death<\/td>\n<td>250<\/td>\n<\/tr>\n<tr>\n<td>145<\/td>\n<td>F_Luscious Lips<\/td>\n<td>516<\/td>\n<\/tr>\n<tr>\n<td>146<\/td>\n<td>F_Mouse Squeaker<\/td>\n<td>514<\/td>\n<\/tr>\n<tr>\n<td>147<\/td>\n<td>F_Squirrel Barks<\/td>\n<td>501<\/td>\n<\/tr>\n<tr>\n<td>148<\/td>\n<td>F_MM Barn Cat Distress<\/td>\n<td>564<\/td>\n<\/tr>\n<tr>\n<td>149<\/td>\n<td>F_MM Hurt N Hog<\/td>\n<td>568<\/td>\n<\/tr>\n<tr>\n<td>150<\/td>\n<td>F_MM Kittens<\/td>\n<td>563<\/td>\n<\/tr>\n<tr>\n<td>151<\/td>\n<td>F_MM Lamb Distress<\/td>\n<td>567<\/td>\n<\/tr>\n<tr>\n<td>152<\/td>\n<td>MM Lamb and Sheep<\/td>\n<td>589<\/td>\n<\/tr>\n<tr>\n<td>153<\/td>\n<td>MM Lamb Distress 2<\/td>\n<td>590<\/td>\n<\/tr>\n<tr>\n<td>154<\/td>\n<td>AM Brunstsignaler<\/td>\n<td>658<\/td>\n<\/tr>\n<tr>\n<td>155<\/td>\n<td>AM Ko Kalv 2<\/td>\n<td>651<\/td>\n<\/tr>\n<tr>\n<td>156<\/td>\n<td>F_MM Raccoon Fight<\/td>\n<td>562<\/td>\n<\/tr>\n<tr>\n<td>157<\/td>\n<td>AM Ko Kalv<\/td>\n<td>650<\/td>\n<\/tr>\n<tr>\n<td>158<\/td>\n<td>AM Brunstig Ko Kalv<\/td>\n<td>653<\/td>\n<\/tr>\n<tr>\n<td>159<\/td>\n<td>AM Long Range Locator<\/td>\n<td>654<\/td>\n<\/tr>\n<tr>\n<td>160<\/td>\n<td>AM Small Bull with Big Bull<\/td>\n<td>657<\/td>\n<\/tr>\n<tr>\n<td>161<\/td>\n<td>AM Spike with Estrus Cow<\/td>\n<td>656<\/td>\n<\/tr>\n<tr>\n<td>162<\/td>\n<td>AM Spike with Estrus Cow<\/td>\n<td>656<\/td>\n<\/tr>\n<tr>\n<td>163<\/td>\n<td>F_Antler Rattling<\/td>\n<td>201<\/td>\n<\/tr>\n<tr>\n<td>164<\/td>\n<td>F_Buck Fight<\/td>\n<td>200<\/td>\n<\/tr>\n<tr>\n<td>165<\/td>\n<td>F_Buck Grunts<\/td>\n<td>202<\/td>\n<\/tr>\n<tr>\n<td>166<\/td>\n<td>F_Buck Snort Whz<\/td>\n<td>205<\/td>\n<\/tr>\n<tr>\n<td>167<\/td>\n<td>F_Doe Estrous Bleat<\/td>\n<td>203<\/td>\n<\/tr>\n<tr>\n<td>168<\/td>\n<td>F_Doe Estrus Bleats<\/td>\n<td>415<\/td>\n<\/tr>\n<tr>\n<td>169<\/td>\n<td>F_Elk Calf<\/td>\n<td>402<\/td>\n<\/tr>\n<tr>\n<td>170<\/td>\n<td>F_Elk Estrous<\/td>\n<td>401<\/td>\n<\/tr>\n<tr>\n<td>171<\/td>\n<td>F_Hyper Moose Cow<\/td>\n<td>196<\/td>\n<\/tr>\n<tr>\n<td>172<\/td>\n<td>F_Light Sparring<\/td>\n<td>199<\/td>\n<\/tr>\n<tr>\n<td>173<\/td>\n<td>Mature Buck Grunts<\/td>\n<td>416<\/td>\n<\/tr>\n<tr>\n<td>174<\/td>\n<td>F_MM Buck Roar<\/td>\n<td>578<\/td>\n<\/tr>\n<tr>\n<td>175<\/td>\n<td>F_MM Mature Buck Grunt<\/td>\n<td>577<\/td>\n<\/tr>\n<tr>\n<td>176<\/td>\n<td>F_MM Moose Calf 1<\/td>\n<td>570<\/td>\n<\/tr>\n<tr>\n<td>177<\/td>\n<td>F_MM Moose Calf 2<\/td>\n<td>571<\/td>\n<\/tr>\n<tr>\n<td>178<\/td>\n<td>F_MM Tending Grunt Finish<\/td>\n<td>576<\/td>\n<\/tr>\n<tr>\n<td>179<\/td>\n<td>F_MM Tending Grunt<\/td>\n<td>575<\/td>\n<\/tr>\n<tr>\n<td>180<\/td>\n<td>F_MM Young Buck Grunt<\/td>\n<td>574<\/td>\n<\/tr>\n<tr>\n<td>181<\/td>\n<td>F_Moose Bull<\/td>\n<td>191<\/td>\n<\/tr>\n<tr>\n<td>182<\/td>\n<td>F_Moose Cow 3<\/td>\n<td>194<\/td>\n<\/tr>\n<tr>\n<td>183<\/td>\n<td>F_Moose Cow 1<\/td>\n<td>263<\/td>\n<\/tr>\n<tr>\n<td>184<\/td>\n<td>F_Moose OOH-WAH<\/td>\n<td>262<\/td>\n<\/tr>\n<tr>\n<td>185<\/td>\n<td>F_Moose Rattling<\/td>\n<td>264<\/td>\n<\/tr>\n<tr>\n<td>186<\/td>\n<td>F_Moose Thrashing<\/td>\n<td>190<\/td>\n<\/tr>\n<tr>\n<td>187<\/td>\n<td>F_Moose Urinating<\/td>\n<td>192<\/td>\n<\/tr>\n<tr>\n<td>188<\/td>\n<td>Rattle<\/td>\n<td>421<\/td>\n<\/tr>\n<tr>\n<td>189<\/td>\n<td>Rutting Buck<\/td>\n<td>418<\/td>\n<\/tr>\n<tr>\n<td>190<\/td>\n<td>Snort Wheeze 2<\/td>\n<td>420<\/td>\n<\/tr>\n<tr>\n<td>191<\/td>\n<td>Snort Wheeze<\/td>\n<td>419<\/td>\n<\/tr>\n<tr>\n<td>192<\/td>\n<td>F_Tending Grunt<\/td>\n<td>204<\/td>\n<\/tr>\n<tr>\n<td>193<\/td>\n<td>The Chase<\/td>\n<td>422<\/td>\n<\/tr>\n<tr>\n<td>194<\/td>\n<td>Young Buck Grunts<\/td>\n<td>417<\/td>\n<\/tr>\n<tr>\n<td>195<\/td>\n<td>MM Breeding Sequence<\/td>\n<td>579<\/td>\n<\/tr>\n<tr>\n<td>196<\/td>\n<td>MM Buck Grunting<\/td>\n<td>580<\/td>\n<\/tr>\n<tr>\n<td>197<\/td>\n<td>MM Doe Bleats<\/td>\n<td>581<\/td>\n<\/tr>\n<tr>\n<td>198<\/td>\n<td>MM Frustrated Buck<\/td>\n<td>582<\/td>\n<\/tr>\n<tr>\n<td>199<\/td>\n<td>MM Mat Buck Grunts<\/td>\n<td>583<\/td>\n<\/tr>\n<tr>\n<td>200<\/td>\n<td>F_MM Baby Raccoon Distress<\/td>\n<td>561<\/td>\n<\/tr>\n<tr>\n<td>201<\/td>\n<td>F_MM Raccoon Fight<\/td>\n<td>562<\/td>\n<\/tr>\n<tr>\n<td>202<\/td>\n<td>F_MM Lone Wolf<\/td>\n<td>550<\/td>\n<\/tr>\n<tr>\n<td>203<\/td>\n<td>F_Crow+Owl Fight<\/td>\n<td>277<\/td>\n<\/tr>\n<tr>\n<td>204<\/td>\n<td>F_MM Crow Distress<\/td>\n<td>572<\/td>\n<\/tr>\n<tr>\n<td>205<\/td>\n<td>F_MM Crows<\/td>\n<td>573<\/td>\n<\/tr>\n<tr>\n<td>206<\/td>\n<td>F_Ugly Crow<\/td>\n<td>273<\/td>\n<\/tr>\n<tr>\n<td>207<\/td>\n<td>F_Barred Owl<\/td>\n<td>282<\/td>\n<\/tr>\n<tr>\n<td>208<\/td>\n<td>F_Excited Hen Yelps<\/td>\n<td>450<\/td>\n<\/tr>\n<tr>\n<td>209<\/td>\n<td>F_Fighting Purrs<\/td>\n<td>455<\/td>\n<\/tr>\n<tr>\n<td>210<\/td>\n<td>F_Flydown Cackle<\/td>\n<td>288<\/td>\n<\/tr>\n<tr>\n<td>211<\/td>\n<td>F_KEE KEE<\/td>\n<td>287<\/td>\n<\/tr>\n<tr>\n<td>212<\/td>\n<td>F_Lost Hen<\/td>\n<td>286<\/td>\n<\/tr>\n<tr>\n<td>213<\/td>\n<td>F_Raspy Hen Yelps<\/td>\n<td>452<\/td>\n<\/tr>\n<tr>\n<td>214<\/td>\n<td>F_Tree Yelps<\/td>\n<td>453<\/td>\n<\/tr>\n<tr>\n<td>215<\/td>\n<td>F_Turkey Cuts<\/td>\n<td>454<\/td>\n<\/tr>\n<tr>\n<td>216<\/td>\n<td>F_Turkey Purrs<\/td>\n<td>289<\/td>\n<\/tr>\n<tr>\n<td>217<\/td>\n<td>F_Young Hen Yelps<\/td>\n<td>451<\/td>\n<\/tr>\n<tr>\n<td>218<\/td>\n<td>F_Blue Winged Teal<\/td>\n<td>140<\/td>\n<\/tr>\n<tr>\n<td>219<\/td>\n<td>F_Canada Geese Large Flock<\/td>\n<td>132<\/td>\n<\/tr>\n<tr>\n<td>220<\/td>\n<td>F_Can Gse Cmbck 1<\/td>\n<td>304<\/td>\n<\/tr>\n<tr>\n<td>221<\/td>\n<td>F_Can Gse Cmbck 2<\/td>\n<td>305<\/td>\n<\/tr>\n<tr>\n<td>222<\/td>\n<td>F_Can Gse Cmbck 3<\/td>\n<td>306<\/td>\n<\/tr>\n<tr>\n<td>223<\/td>\n<td>F_Can Gse Lydwn 1<\/td>\n<td>309<\/td>\n<\/tr>\n<tr>\n<td>224<\/td>\n<td>F_Can Gse Lydwn 2<\/td>\n<td>310<\/td>\n<\/tr>\n<tr>\n<td>225<\/td>\n<td>F_Can Gse Lydwn 3<\/td>\n<td>312<\/td>\n<\/tr>\n<tr>\n<td>226<\/td>\n<td>F_Can Gse Lydwn 4<\/td>\n<td>313<\/td>\n<\/tr>\n<tr>\n<td>227<\/td>\n<td>F_Gadwall<\/td>\n<td>141<\/td>\n<\/tr>\n<tr>\n<td>228<\/td>\n<td>F_Green Wing Teal<\/td>\n<td>315<\/td>\n<\/tr>\n<tr>\n<td>229<\/td>\n<td>F_Mallard Chatter<\/td>\n<td>142<\/td>\n<\/tr>\n<tr>\n<td>230<\/td>\n<td>F_Mallard Comeback<\/td>\n<td>143<\/td>\n<\/tr>\n<tr>\n<td>231<\/td>\n<td>F_Mallard Drake<\/td>\n<td>144<\/td>\n<\/tr>\n<tr>\n<td>232<\/td>\n<td>F_Mallard Feed Call<\/td>\n<td>145<\/td>\n<\/tr>\n<tr>\n<td>233<\/td>\n<td>F_Mallard Greeting<\/td>\n<td>146<\/td>\n<\/tr>\n<tr>\n<td>234<\/td>\n<td>F_Pinteal Whistle<\/td>\n<td>314<\/td>\n<\/tr>\n<tr>\n<td>235<\/td>\n<td>F_Snow Goose Dbl<\/td>\n<td>303<\/td>\n<\/tr>\n<tr>\n<td>236<\/td>\n<td>F_Snow Goose Hail<\/td>\n<td>302<\/td>\n<\/tr>\n<tr>\n<td>237<\/td>\n<td>F_Snow Goose Single<\/td>\n<td>299<\/td>\n<\/tr>\n<tr>\n<td>238<\/td>\n<td>F_Snow Gs Lrg Flock<\/td>\n<td>301<\/td>\n<\/tr>\n<tr>\n<td>239<\/td>\n<td>F_Snw Goose Sml Flk<\/td>\n<td>147<\/td>\n<\/tr>\n<tr>\n<td>240<\/td>\n<td>F_Spckl Belly Clkng<\/td>\n<td>148<\/td>\n<\/tr>\n<tr>\n<td>241<\/td>\n<td>F_Spckle Bel Cmbck<\/td>\n<td>317<\/td>\n<\/tr>\n<tr>\n<td>242<\/td>\n<td>F_Spckle Bel Greet<\/td>\n<td>318<\/td>\n<\/tr>\n<tr>\n<td>243<\/td>\n<td>F_Widgeon<\/td>\n<td>316<\/td>\n<\/tr>\n<tr>\n<td>244<\/td>\n<td>F_Wood Duck Squeal<\/td>\n<td>149<\/td>\n<\/tr>\n<tr>\n<td>245<\/td>\n<td>F_Wood Duck Whine<\/td>\n<td>150<\/td>\n<\/tr>\n<tr>\n<td>246<\/td>\n<td>Help<\/td>\n<td>PS1<\/td>\n<\/tr>\n<\/tbody>\n<\/table>\n","protected":false},"excerpt":{"rendered":"<p>FOXPRO X24 \u00e4r en kraftfull och kompakt enhet som har en positionell Xtreme High Definition (XHD)-h\u00f6gtalare. XHD-h\u00f6gtalaren \u00e4r en hornh\u00f6gtalare med en extra diskant f\u00f6r f\u00f6rb\u00e4ttrad frekvensrespons. XHD-h\u00f6gtalarsystemet m\u00f6jligg\u00f6r extrema volymkapaciteter och realistisk ljudklarhet. X24:ans handtag f\u00e4lls ut till ett positionellt stativ f\u00f6r att ge h\u00f6jd \u00f6ver olika terr\u00e4nger som du kan st\u00f6ta p\u00e5. Det [&#8230;]\n","protected":false},"featured_media":286814,"comment_status":"open","ping_status":"closed","template":"","meta":[],"product_brand":[],"product_cat":[2855],"product_tag":[],"class_list":{"0":"post-286813","1":"product","2":"type-product","3":"status-publish","4":"has-post-thumbnail","6":"product_cat-elektroniska-lockjakter","7":"product_shipping_class-medium-sv","9":"first","10":"onbackorder","11":"taxable","12":"shipping-taxable","13":"purchasable","14":"product-type-simple"},"composite_virtual":false,"composite_layout":"","composite_add_to_cart_form_location":"","composite_editable_in_cart":false,"composite_sold_individually_context":"","composite_shop_price_calc":"","composite_components":[],"composite_scenarios":[],"group_of_quantity":0,"min_quantity":0,"max_quantity":"","exclude_order_quantity_value_rules":"no","exclude_category_quantity_rules":"no","combine_variations":"no","exclude_global_add_ons":[],"addons":[],"_links":{"self":[{"href":"https:\/\/www.huntersfriend.eu\/sv\/wp-json\/wp\/v2\/product\/286813","targetHints":{"allow":["GET"]}}],"collection":[{"href":"https:\/\/www.huntersfriend.eu\/sv\/wp-json\/wp\/v2\/product"}],"about":[{"href":"https:\/\/www.huntersfriend.eu\/sv\/wp-json\/wp\/v2\/types\/product"}],"replies":[{"embeddable":true,"href":"https:\/\/www.huntersfriend.eu\/sv\/wp-json\/wp\/v2\/comments?post=286813"}],"wp:featuredmedia":[{"embeddable":true,"href":"https:\/\/www.huntersfriend.eu\/sv\/wp-json\/wp\/v2\/media\/286814"}],"wp:attachment":[{"href":"https:\/\/www.huntersfriend.eu\/sv\/wp-json\/wp\/v2\/media?parent=286813"}],"wp:term":[{"taxonomy":"product_brand","embeddable":true,"href":"https:\/\/www.huntersfriend.eu\/sv\/wp-json\/wp\/v2\/product_brand?post=286813"},{"taxonomy":"product_cat","embeddable":true,"href":"https:\/\/www.huntersfriend.eu\/sv\/wp-json\/wp\/v2\/product_cat?post=286813"},{"taxonomy":"product_tag","embeddable":true,"href":"https:\/\/www.huntersfriend.eu\/sv\/wp-json\/wp\/v2\/product_tag?post=286813"}],"curies":[{"name":"wp","href":"https:\/\/api.w.org\/{rel}","templated":true}]}}