{"id":286807,"date":"2024-02-13T00:44:21","date_gmt":"2024-02-12T22:44:21","guid":{"rendered":"https:\/\/www.huntersfriend.eu\/product\/foxpro-prowler-elektronisk-lockpipa\/"},"modified":"2026-04-29T13:54:29","modified_gmt":"2026-04-29T11:54:29","slug":"foxpro-prowler-elektronisk-lockpipa","status":"publish","type":"product","link":"https:\/\/www.huntersfriend.eu\/sv\/produkt\/foxpro-prowler-elektronisk-lockpipa\/","title":{"rendered":"FoxPro Prowler elektronisk lockpipa"},"content":{"rendered":"<p>FOXPRO Prowler \u00e4r en utm\u00e4rkt lockpipa f\u00f6r nyb\u00f6rjare inom predatorjakt med en begr\u00e4nsad budget. Dess t\u00e5liga, kompakta design erbjuder maximal portabilitet. Den levereras som standard med 175+ ljud (75 Premium Sounds plus FOXPRO:s Free Sound Library) som t\u00e4cker en m\u00e4ngd olika arter, n\u00f6dljud och l\u00e4ten och kan lagra upp till 300 ljud. Den uppgraderade fj\u00e4rrkontrollen har en st\u00f6rre LCD-sk\u00e4rm \u00e4n tidigare enheter p\u00e5 ing\u00e5ngsniv\u00e5, vilket g\u00f6r sk\u00e4rmnavigeringen enkel och l\u00e4tt att l\u00e4sa. Prowler v\u00e4ger endast 658 g med batterier, s\u00e5 du kommer knappt att m\u00e4rka att du b\u00e4r den i f\u00e4lt. Anslut en extern h\u00f6gtalare till uttaget p\u00e5 sidan av enheten f\u00f6r \u00e4nnu mer volym.     <\/p>\n<p>Fj\u00e4rrkontrollen Prowler TX433XL \u00e4r enkel att anv\u00e4nda och navigera genom ljudkategorier, s\u00e5 att du snabbt kan \u00e4ndra ljud under jakten. Den har en elastomisk knappsats som g\u00f6r knapparna l\u00e4tta att trycka p\u00e5, tv\u00e5 anv\u00e4ndarknappar, en mute-knapp, volym upp- och ner-knappar och mer. Anv\u00e4ndarknapparna kan st\u00e4llas in p\u00e5 ett f\u00f6rvalt ljud eller en extrafunktion. Prowler har ett extrauttag som g\u00f6r den kompatibel med FoxJack 5, X-Decoy och andra godk\u00e4nda enheter (s\u00e4ljs separat), s\u00e5 att du kan f\u00f6rvandla den till en komplett och b\u00e4rbar maskin f\u00f6r predatorlockjakt. Alla dessa funktioner i en fantastisk, kompakt och h\u00f6gkvalitativ enhet g\u00f6r Prowler till ett otroligt v\u00e4rde. FOXPRO Prowler backas upp av en 3-\u00e5rig begr\u00e4nsad garanti och \u00e4r tillverkad i USA!     <\/p>\n<h2>Viktiga funktioner<\/h2>\n<ul>\n<li>Levereras med 175+ ljud (75 Premium Sounds plus FOXPRO:s Free Sound Library) och kan lagra och komma \u00e5t upp till 300 ljud<\/li>\n<li>Elastomisk knappsats p\u00e5 fj\u00e4rrkontrollen<\/li>\n<li>H\u00f6gpresterande hornh\u00f6gtalare<\/li>\n<li>Uttag f\u00f6r extern h\u00f6gtalare<\/li>\n<li>Extrauttag<\/li>\n<li>Drivs med 4 AA-batterier<\/li>\n<li>TX433XL-s\u00e4ndaren drivs med 1 9V-batteri<\/li>\n<li>USB-port f\u00f6r att omprogrammera ljud<\/li>\n<\/ul>\n","protected":false},"excerpt":{"rendered":"<p>FOXPRO Prowler \u00e4r en utm\u00e4rkt lockpipa f\u00f6r nyb\u00f6rjare inom predatorjakt med en begr\u00e4nsad budget. Dess t\u00e5liga, kompakta design erbjuder maximal portabilitet. Den levereras som standard med 175+ ljud (75 Premium Sounds plus FOXPRO:s Free Sound Library) som t\u00e4cker en m\u00e4ngd olika arter, n\u00f6dljud och l\u00e4ten och kan lagra upp till 300 ljud. Den uppgraderade fj\u00e4rrkontrollen [&#8230;]\n","protected":false},"featured_media":286808,"comment_status":"open","ping_status":"closed","template":"","meta":[],"product_brand":[],"product_cat":[2855],"product_tag":[],"class_list":{"0":"post-286807","1":"product","2":"type-product","3":"status-publish","4":"has-post-thumbnail","6":"product_cat-elektroniska-lockjakter","7":"product_shipping_class-medium-sv","9":"first","10":"instock","11":"taxable","12":"shipping-taxable","13":"purchasable","14":"product-type-simple"},"composite_virtual":false,"composite_layout":"","composite_add_to_cart_form_location":"","composite_editable_in_cart":false,"composite_sold_individually_context":"","composite_shop_price_calc":"","composite_components":[],"composite_scenarios":[],"group_of_quantity":0,"min_quantity":0,"max_quantity":"","exclude_order_quantity_value_rules":"no","exclude_category_quantity_rules":"no","combine_variations":"no","exclude_global_add_ons":[],"addons":[],"_links":{"self":[{"href":"https:\/\/www.huntersfriend.eu\/sv\/wp-json\/wp\/v2\/product\/286807","targetHints":{"allow":["GET"]}}],"collection":[{"href":"https:\/\/www.huntersfriend.eu\/sv\/wp-json\/wp\/v2\/product"}],"about":[{"href":"https:\/\/www.huntersfriend.eu\/sv\/wp-json\/wp\/v2\/types\/product"}],"replies":[{"embeddable":true,"href":"https:\/\/www.huntersfriend.eu\/sv\/wp-json\/wp\/v2\/comments?post=286807"}],"wp:featuredmedia":[{"embeddable":true,"href":"https:\/\/www.huntersfriend.eu\/sv\/wp-json\/wp\/v2\/media\/286808"}],"wp:attachment":[{"href":"https:\/\/www.huntersfriend.eu\/sv\/wp-json\/wp\/v2\/media?parent=286807"}],"wp:term":[{"taxonomy":"product_brand","embeddable":true,"href":"https:\/\/www.huntersfriend.eu\/sv\/wp-json\/wp\/v2\/product_brand?post=286807"},{"taxonomy":"product_cat","embeddable":true,"href":"https:\/\/www.huntersfriend.eu\/sv\/wp-json\/wp\/v2\/product_cat?post=286807"},{"taxonomy":"product_tag","embeddable":true,"href":"https:\/\/www.huntersfriend.eu\/sv\/wp-json\/wp\/v2\/product_tag?post=286807"}],"curies":[{"name":"wp","href":"https:\/\/api.w.org\/{rel}","templated":true}]}}