{"id":286799,"date":"2024-02-13T00:44:20","date_gmt":"2024-02-12T22:44:20","guid":{"rendered":"https:\/\/www.huntersfriend.eu\/product\/foxpro-hellcat-pro-elektronisk-lockjakt\/"},"modified":"2026-04-05T12:22:26","modified_gmt":"2026-04-05T10:22:26","slug":"foxpro-hellcat-pro-elektronisk-lockjakt","status":"publish","type":"product","link":"https:\/\/www.huntersfriend.eu\/sv\/produkt\/foxpro-hellcat-pro-elektronisk-lockjakt\/","title":{"rendered":"FoxPro Hellcat Pro elektronisk lockjakt"},"content":{"rendered":"<p>FOXPRO Hellcat Pro \u00e4r en komplett lockf\u00e5gel och digital spelljudsenhet som \u00e4r liten och portabel men levererar stor volym. Hellcat Pro \u00e4r designad med st\u00f6rre f\u00f6rst\u00e4rkare, och litiumbatteriet ger mer sp\u00e4nning f\u00f6r att g\u00f6ra denna enhet betydligt h\u00f6gre \u00e4n Hellcat. En av branschens mest popul\u00e4ra fj\u00e4rrkontroller ing\u00e5r, TX-1000, vilket g\u00f6r den till ett utm\u00e4rkt val f\u00f6r b\u00e5de nyb\u00f6rjare och mer avancerade j\u00e4gare. Den levereras som standard med 200+ ljud (100 Premium Sounds plus FOXPRO:s Free Sound Library) som t\u00e4cker en m\u00e4ngd olika arter, n\u00f6dljud och vokaliseringar och kan lagra upp till 1000 ljud. Med v\u00e5r popul\u00e4ra bluebird-topper ger lockf\u00e5geln realism till din st\u00e4llning och ger visuell bekr\u00e4ftelse till tr\u00f6tta rovdjur. Den har ett extrauttag f\u00f6r att l\u00e4gga till ytterligare godk\u00e4nda enheter (s\u00e4ljs separat). Hellcat Pro levereras med ett litiumbatteri och laddare i kartongen!      <\/p>\n<p>TX-1000 har en fullf\u00e4rgssk\u00e4rm med grafisk LCD som visar din ljudlista eller ljudkategorier. Den har ocks\u00e5 automatisk volym, tr\u00e5dl\u00f6s uppladdning till fj\u00e4rrkontrollen, en batteriniv\u00e5indikator, timer eller tidsklocka, FOXCast och FOXBang-teknik. Hellcat Pro backas upp av en 5-\u00e5rig begr\u00e4nsad garanti och \u00e4r tillverkad i USA.  <\/p>\n<h2>Funktionsh\u00f6jdpunkter<\/h2>\n<ul>\n<li>Levereras med 200+ ljud (100 Premium Sounds plus FOXPRO:s Free Sound Library) och kan h\u00e5lla och komma \u00e5t upp till 1000 ljud<\/li>\n<li>TX-1000 fj\u00e4rrkontroll<\/li>\n<li>H\u00f6gpresterande hornh\u00f6gtalare<\/li>\n<li>Inbyggd lockf\u00e5gel med bluebird-topper<\/li>\n<li>Extrauttag<\/li>\n<li>Litiumbatteri och laddare ing\u00e5r<\/li>\n<li>FOXBang Mappar automatiskt din lockjakt till en f\u00f6rutbest\u00e4md inst\u00e4llning efter att du har avfyrat ditt vapen. (Se bruksanvisningen f\u00f6r FOXBANG-alternativ.) <\/li>\n<li>FOXCast Praktiskt taget handsfree-lockjakt med FOXCAST-sekvensfiler.<\/li>\n<li>USB-port f\u00f6r att omprogrammera ljud<\/li>\n<li>Total vikt 1,13 kg<\/li>\n<\/ul>\n","protected":false},"excerpt":{"rendered":"<p>FOXPRO Hellcat Pro \u00e4r en komplett lockf\u00e5gel och digital spelljudsenhet som \u00e4r liten och portabel men levererar stor volym. Hellcat Pro \u00e4r designad med st\u00f6rre f\u00f6rst\u00e4rkare, och litiumbatteriet ger mer sp\u00e4nning f\u00f6r att g\u00f6ra denna enhet betydligt h\u00f6gre \u00e4n Hellcat. En av branschens mest popul\u00e4ra fj\u00e4rrkontroller ing\u00e5r, TX-1000, vilket g\u00f6r den till ett utm\u00e4rkt val [&#8230;]\n","protected":false},"featured_media":286800,"comment_status":"open","ping_status":"closed","template":"","meta":[],"product_brand":[],"product_cat":[2855],"product_tag":[],"class_list":{"0":"post-286799","1":"product","2":"type-product","3":"status-publish","4":"has-post-thumbnail","6":"product_cat-elektroniska-lockjakter","8":"first","9":"onbackorder","10":"taxable","11":"shipping-taxable","12":"purchasable","13":"product-type-simple"},"composite_virtual":false,"composite_layout":"","composite_add_to_cart_form_location":"","composite_editable_in_cart":false,"composite_sold_individually_context":"","composite_shop_price_calc":"","composite_components":[],"composite_scenarios":[],"group_of_quantity":0,"min_quantity":0,"max_quantity":"","exclude_order_quantity_value_rules":"no","exclude_category_quantity_rules":"no","combine_variations":"no","exclude_global_add_ons":[],"addons":[],"_links":{"self":[{"href":"https:\/\/www.huntersfriend.eu\/sv\/wp-json\/wp\/v2\/product\/286799","targetHints":{"allow":["GET"]}}],"collection":[{"href":"https:\/\/www.huntersfriend.eu\/sv\/wp-json\/wp\/v2\/product"}],"about":[{"href":"https:\/\/www.huntersfriend.eu\/sv\/wp-json\/wp\/v2\/types\/product"}],"replies":[{"embeddable":true,"href":"https:\/\/www.huntersfriend.eu\/sv\/wp-json\/wp\/v2\/comments?post=286799"}],"wp:featuredmedia":[{"embeddable":true,"href":"https:\/\/www.huntersfriend.eu\/sv\/wp-json\/wp\/v2\/media\/286800"}],"wp:attachment":[{"href":"https:\/\/www.huntersfriend.eu\/sv\/wp-json\/wp\/v2\/media?parent=286799"}],"wp:term":[{"taxonomy":"product_brand","embeddable":true,"href":"https:\/\/www.huntersfriend.eu\/sv\/wp-json\/wp\/v2\/product_brand?post=286799"},{"taxonomy":"product_cat","embeddable":true,"href":"https:\/\/www.huntersfriend.eu\/sv\/wp-json\/wp\/v2\/product_cat?post=286799"},{"taxonomy":"product_tag","embeddable":true,"href":"https:\/\/www.huntersfriend.eu\/sv\/wp-json\/wp\/v2\/product_tag?post=286799"}],"curies":[{"name":"wp","href":"https:\/\/api.w.org\/{rel}","templated":true}]}}