{"id":286791,"date":"2024-02-13T00:44:19","date_gmt":"2024-02-12T22:44:19","guid":{"rendered":"https:\/\/www.huntersfriend.eu\/product\/foxpro-hellcat-elektronisk-lockjakt\/"},"modified":"2026-04-12T11:00:40","modified_gmt":"2026-04-12T09:00:40","slug":"foxpro-hellcat-elektronisk-lockjakt","status":"publish","type":"product","link":"https:\/\/www.huntersfriend.eu\/sv\/produkt\/foxpro-hellcat-elektronisk-lockjakt\/","title":{"rendered":"FoxPro Hellcat elektronisk lockjakt"},"content":{"rendered":"<p>FOXPRO Hellcat \u00e4r en allt-i-ett-attrapp och digital spelljudenhet som \u00e4r liten och b\u00e4rbar, vilket g\u00f6r den till ett utm\u00e4rkt val f\u00f6r nyb\u00f6rjare med en budget. Den levereras som standard med 175+ h\u00f6gkvalitativa FOXPRO-ljud (75 Premium Sounds plus FOXPRO:s Free Sound Library) som t\u00e4cker en m\u00e4ngd olika arter, n\u00f6dljud och l\u00e4ten och kan lagra upp till 300 ljud. Den uppgraderade fj\u00e4rrkontrollen har en st\u00f6rre LCD-sk\u00e4rm \u00e4n tidigare enheter p\u00e5 ing\u00e5ngsniv\u00e5, vilket g\u00f6r sk\u00e4rmnavigeringen enkel och l\u00e4tt att l\u00e4sa. Med v\u00e5r popul\u00e4ra bluebird-topper ger attrappen realism till din plats och ger visuell bekr\u00e4ftelse till tr\u00f6tta rovdjur. Hellcat v\u00e4ger bara 1 kg med batterier, s\u00e5 du kommer knappt att m\u00e4rka att du b\u00e4r den i f\u00e4lt.    <\/p>\n<p>Hellcat-fj\u00e4rrkontrollen \u00e4r enkel att anv\u00e4nda och navigera genom ljudkategorier, vilket g\u00f6r att du snabbt kan \u00e4ndra ljud under jakten. Den har en elastomerisk knappsats som g\u00f6r knapparna l\u00e4tta att trycka p\u00e5, tv\u00e5 anv\u00e4ndarknappar, en mute-knapp, volym upp- och ner-knappar och mer. Anv\u00e4ndarknapparna kan st\u00e4llas in p\u00e5 ett f\u00f6rvalt ljud eller en extrafunktion. Hellcat har ett extrauttag f\u00f6r att l\u00e4gga till ytterligare godk\u00e4nda enheter (s\u00e4ljs separat). FOXPRO Hellcat backas upp av en 3-\u00e5rig begr\u00e4nsad garanti och tillverkas i USA!    <\/p>\n<h2>Funktionsh\u00f6jdpunkter<\/h2>\n<ul>\n<li>Levereras med 175+ ljud (75 Premium Sounds plus FOXPRO:s Free Sound Library) och kan lagra och komma \u00e5t upp till 300 ljud<\/li>\n<li>Elastomisk knappsats p\u00e5 fj\u00e4rrkontrollen<\/li>\n<li>H\u00f6gpresterande hornh\u00f6gtalare<\/li>\n<li>Inbyggd lockf\u00e5gel med bluebird-topper<\/li>\n<li>TX433XL s\u00e4ndarens r\u00e4ckvidd: 180 m<\/li>\n<li>USB-port f\u00f6r att omprogrammera ljud<\/li>\n<li>Storlek 24,13 cm x 10,16 cm x 15,57 cm<\/li>\n<li>Vikt 1,13 kg<\/li>\n<li>H\u00f6gtalare: Hornh\u00f6gtalare<\/li>\n<li>Manuell anv\u00e4ndning: Nej<\/li>\n<li>Uppspelningsl\u00e4gen: enkel, jukebox, repeat<\/li>\n<li>Laddningsuttag: Nej<\/li>\n<li>Externa h\u00f6gtalaruttag: Nej<\/li>\n<li>Extraenhetsuttag: 3,5 mm<\/li>\n<li>Anv\u00e4ndaren kan programmera om: Ja<\/li>\n<li>USB-port: USB c<\/li>\n<li>Ljudkapacitet: 300 (levereras med 75, plus \u00f6ver 100 ytterligare ljud fr\u00e5n FOXPRO:s Free Sound Library)<\/li>\n<li>Internt minne: 16 GB<\/li>\n<li>Filkompatibilitet: FXP, MP3, WAV<\/li>\n<li>Str\u00f6m: 4 AA-batterier (ing\u00e5r ej), TX433XL-s\u00e4ndare 1 st 9V-batteri.<\/li>\n<li>Drifttid: 3-7 timmar<\/li>\n<li>Garanti 3 \u00e5r, begr\u00e4nsad.<\/li>\n<\/ul>\n<p>F\u00f6rpackningen inneh\u00e5ller: FoxPro Hellcat elektronisk spelljudenhet, TX433XL-s\u00e4ndare, inbyggd attrapp med bluebird-topper, kabel, FOXPRO-ljud (f\u00f6rinstallerade p\u00e5 enheten i fabriken), produktmanual, garantiregistreringsformul\u00e4r.<\/p>\n<p><strong>Fabriksljudlista<\/strong><\/p>\n<table>\n<tbody>\n<tr>\n<td colspan=\"3\">Den h\u00e4r tabellen visar standardljudlistan f\u00f6r den h\u00e4r produkten.<br \/>\n Kolumn ett visar ljudpositionen i listan fr\u00e5n och med 000. Kolumn tv\u00e5 visar ljudnamnet. Kolumn tre visar FOXPRO:s ljudbiblioteksreferens.  <\/td>\n<\/tr>\n<tr>\n<td><strong>Position<\/strong><\/td>\n<td><strong>Ljudnamn<\/strong><\/td>\n<td><strong>Ljud-ID<\/strong><\/td>\n<\/tr>\n<tr>\n<td>000<\/td>\n<td>Coyote Pup Distress 3<\/td>\n<td>C27<\/td>\n<\/tr>\n<tr>\n<td>001<\/td>\n<td>Coyote Locator<\/td>\n<td>207<\/td>\n<\/tr>\n<tr>\n<td>002<\/td>\n<td>Coyote Group Yip Howls<\/td>\n<td>C25<\/td>\n<\/tr>\n<tr>\n<td>003<\/td>\n<td>Yipping Coyotes<\/td>\n<td>C32<\/td>\n<\/tr>\n<tr>\n<td>004<\/td>\n<td>Male Coyote Howls<\/td>\n<td>C34<\/td>\n<\/tr>\n<tr>\n<td>005<\/td>\n<td>Female Coyote Howls<\/td>\n<td>C16<\/td>\n<\/tr>\n<tr>\n<td>006<\/td>\n<td>Female Coyote Deep Howls<\/td>\n<td>C29<\/td>\n<\/tr>\n<tr>\n<td>007<\/td>\n<td>Male Coyote Long Howl 1<\/td>\n<td>C33<\/td>\n<\/tr>\n<tr>\n<td>008<\/td>\n<td>Female Coyote Bark Howls<\/td>\n<td>C15<\/td>\n<\/tr>\n<tr>\n<td>009<\/td>\n<td>Coyote Pair<\/td>\n<td>C26<\/td>\n<\/tr>\n<tr>\n<td>010<\/td>\n<td>Coyote Duet<\/td>\n<td>C37<\/td>\n<\/tr>\n<tr>\n<td>011<\/td>\n<td>Female Coyote Challenge<\/td>\n<td>C24<\/td>\n<\/tr>\n<tr>\n<td>012<\/td>\n<td>Female Coyote Challenge Barks<\/td>\n<td>C23<\/td>\n<\/tr>\n<tr>\n<td>013<\/td>\n<td>Coyote Male Challenge Scream<\/td>\n<td>185<\/td>\n<\/tr>\n<tr>\n<td>014<\/td>\n<td>Fem Coyote Sub<\/td>\n<td>C35<\/td>\n<\/tr>\n<tr>\n<td>015<\/td>\n<td>Female Coyote Whimpers<\/td>\n<td>C17<\/td>\n<\/tr>\n<tr>\n<td>016<\/td>\n<td>Coyote Pup Screams<\/td>\n<td>C22<\/td>\n<\/tr>\n<tr>\n<td>017<\/td>\n<td>Grey Fox Fight<\/td>\n<td>C88<\/td>\n<\/tr>\n<tr>\n<td>018<\/td>\n<td>Scream-N Gray Fox<\/td>\n<td>226<\/td>\n<\/tr>\n<tr>\n<td>019<\/td>\n<td>Platinum Grey Fox Pup<\/td>\n<td>C85<\/td>\n<\/tr>\n<tr>\n<td>020<\/td>\n<td>Kit Fox Distress<\/td>\n<td>C89<\/td>\n<\/tr>\n<tr>\n<td>021<\/td>\n<td>Baby Red Fox Distress 1<\/td>\n<td>C75<\/td>\n<\/tr>\n<tr>\n<td>022<\/td>\n<td>Red Fox Rally<\/td>\n<td>221<\/td>\n<\/tr>\n<tr>\n<td>023<\/td>\n<td>Mt&#8217; Lion In Heat<\/td>\n<td>370<\/td>\n<\/tr>\n<tr>\n<td>024<\/td>\n<td>Mt&#8217; Lion Whistle<\/td>\n<td>373<\/td>\n<\/tr>\n<tr>\n<td>025<\/td>\n<td>Angry Bobcat<\/td>\n<td>F10<\/td>\n<\/tr>\n<tr>\n<td>026<\/td>\n<td>Angry Badger<\/td>\n<td>N20<\/td>\n<\/tr>\n<tr>\n<td>027<\/td>\n<td>Canine Pups 1<\/td>\n<td>C00<\/td>\n<\/tr>\n<tr>\n<td>028<\/td>\n<td>Canine Pups 2<\/td>\n<td>C01<\/td>\n<\/tr>\n<tr>\n<td>029<\/td>\n<td>Baying Hounds<\/td>\n<td>C03<\/td>\n<\/tr>\n<tr>\n<td>030<\/td>\n<td>Kitten Cries<\/td>\n<td>F00<\/td>\n<\/tr>\n<tr>\n<td>031<\/td>\n<td>Kitten Distress 2<\/td>\n<td>F02<\/td>\n<\/tr>\n<tr>\n<td>032<\/td>\n<td>Lightning Jack<\/td>\n<td>L00<\/td>\n<\/tr>\n<tr>\n<td>033<\/td>\n<td>Jackrabbit Distress<\/td>\n<td>233<\/td>\n<\/tr>\n<tr>\n<td>034<\/td>\n<td>Dying Jack<\/td>\n<td>L01<\/td>\n<\/tr>\n<tr>\n<td>035<\/td>\n<td>Waning Jack<\/td>\n<td>L07<\/td>\n<\/tr>\n<tr>\n<td>036<\/td>\n<td>Eastern Cottontail<\/td>\n<td>L57<\/td>\n<\/tr>\n<tr>\n<td>037<\/td>\n<td>Bay Bee Cottontail<\/td>\n<td>L54<\/td>\n<\/tr>\n<tr>\n<td>038<\/td>\n<td>Adult Cottontail<\/td>\n<td>L55<\/td>\n<\/tr>\n<tr>\n<td>039<\/td>\n<td>Cagie Cottontail<\/td>\n<td>L58<\/td>\n<\/tr>\n<tr>\n<td>040<\/td>\n<td>Snow Shoe High Pitch<\/td>\n<td>L06<\/td>\n<\/tr>\n<tr>\n<td>041<\/td>\n<td>Snow Shoe 1<\/td>\n<td>L03<\/td>\n<\/tr>\n<tr>\n<td>042<\/td>\n<td>Sparrow &amp; Woodpecker<\/td>\n<td>Z04<\/td>\n<\/tr>\n<tr>\n<td>043<\/td>\n<td>Weep-N Woodpecker<\/td>\n<td>B01<\/td>\n<\/tr>\n<tr>\n<td>044<\/td>\n<td>Red Bellied Woodpecker 1<\/td>\n<td>B07<\/td>\n<\/tr>\n<tr>\n<td>045<\/td>\n<td>Finch Distress<\/td>\n<td>B70<\/td>\n<\/tr>\n<tr>\n<td>046<\/td>\n<td>Wood Ducklings<\/td>\n<td>B78<\/td>\n<\/tr>\n<tr>\n<td>047<\/td>\n<td>Cranky Male Cardinal<\/td>\n<td>B84<\/td>\n<\/tr>\n<tr>\n<td>048<\/td>\n<td>Titmouse Tantrum<\/td>\n<td>B85<\/td>\n<\/tr>\n<tr>\n<td>049<\/td>\n<td>Nutty Nuthatch<\/td>\n<td>B86<\/td>\n<\/tr>\n<tr>\n<td>050<\/td>\n<td>Ranting Red Bird<\/td>\n<td>B87<\/td>\n<\/tr>\n<tr>\n<td>051<\/td>\n<td>Lucky Bird<\/td>\n<td>290<\/td>\n<\/tr>\n<tr>\n<td>052<\/td>\n<td>Flying Squirrel Distress<\/td>\n<td>R02<\/td>\n<\/tr>\n<tr>\n<td>053<\/td>\n<td>Vole Squeaks<\/td>\n<td>R07<\/td>\n<\/tr>\n<tr>\n<td>054<\/td>\n<td>Field Mouse Distress<\/td>\n<td>R10<\/td>\n<\/tr>\n<tr>\n<td>055<\/td>\n<td>Adult Porcupine<\/td>\n<td>N51<\/td>\n<\/tr>\n<tr>\n<td>056<\/td>\n<td>Prairie Dog Distress<\/td>\n<td>247<\/td>\n<\/tr>\n<tr>\n<td>057<\/td>\n<td>Groundhog Distress<\/td>\n<td>242<\/td>\n<\/tr>\n<tr>\n<td>058<\/td>\n<td>Distressed Calf<\/td>\n<td>M07<\/td>\n<\/tr>\n<tr>\n<td>059<\/td>\n<td>Baby Pig Distress<\/td>\n<td>244<\/td>\n<\/tr>\n<tr>\n<td>060<\/td>\n<td>Kid Goat Cries 2<\/td>\n<td>M00<\/td>\n<\/tr>\n<tr>\n<td>061<\/td>\n<td>Whitetail Buck Fawn 2<\/td>\n<td>D02<\/td>\n<\/tr>\n<tr>\n<td>062<\/td>\n<td>Whitetail Doe Fawn 2<\/td>\n<td>D04<\/td>\n<\/tr>\n<tr>\n<td>063<\/td>\n<td>Bear Cub Distress 1<\/td>\n<td>253<\/td>\n<\/tr>\n<tr>\n<td>064<\/td>\n<td>Crow Fight<\/td>\n<td>270<\/td>\n<\/tr>\n<tr>\n<td>065<\/td>\n<td>Dying Crow<\/td>\n<td>275<\/td>\n<\/tr>\n<tr>\n<td>066<\/td>\n<td>Crow &amp; Hawk Fight<\/td>\n<td>276<\/td>\n<\/tr>\n<tr>\n<td>067<\/td>\n<td>Crows<\/td>\n<td>280<\/td>\n<\/tr>\n<tr>\n<td>068<\/td>\n<td>Magpies<\/td>\n<td>B50<\/td>\n<\/tr>\n<tr>\n<td>069<\/td>\n<td>Raven Flock<\/td>\n<td>533<\/td>\n<\/tr>\n<tr>\n<td>070<\/td>\n<td>Raccoon Fight<\/td>\n<td>N02<\/td>\n<\/tr>\n<tr>\n<td>071<\/td>\n<td>Twittering Raccoon<\/td>\n<td>N03<\/td>\n<\/tr>\n<tr>\n<td>072<\/td>\n<td>Young Raccoon Distress<\/td>\n<td>N04<\/td>\n<\/tr>\n<tr>\n<td>073<\/td>\n<td>Raccoon Pup<\/td>\n<td>N07<\/td>\n<\/tr>\n<tr>\n<td>074<\/td>\n<td>Raccoon Puppies<\/td>\n<td>N08<\/td>\n<\/tr>\n<tr>\n<td>075<\/td>\n<td>F_Crazy Critter<\/td>\n<td>120<\/td>\n<\/tr>\n<tr>\n<td>076<\/td>\n<td>F_Javelinas Demise<\/td>\n<td>121<\/td>\n<\/tr>\n<tr>\n<td>077<\/td>\n<td>F_Canada Geese Large Flock<\/td>\n<td>132<\/td>\n<\/tr>\n<tr>\n<td>078<\/td>\n<td>F_Blue Winged Teal<\/td>\n<td>140<\/td>\n<\/tr>\n<tr>\n<td>079<\/td>\n<td>F_Gadwall<\/td>\n<td>141<\/td>\n<\/tr>\n<tr>\n<td>080<\/td>\n<td>F_Mallard Chatter<\/td>\n<td>142<\/td>\n<\/tr>\n<tr>\n<td>081<\/td>\n<td>F_Mallard Comeback<\/td>\n<td>143<\/td>\n<\/tr>\n<tr>\n<td>082<\/td>\n<td>F_Mallard Drake<\/td>\n<td>144<\/td>\n<\/tr>\n<tr>\n<td>083<\/td>\n<td>F_Mallard Feed Call<\/td>\n<td>145<\/td>\n<\/tr>\n<tr>\n<td>084<\/td>\n<td>F_Mallard Greeting<\/td>\n<td>146<\/td>\n<\/tr>\n<tr>\n<td>085<\/td>\n<td>F_Snw Goose Sml Flk<\/td>\n<td>147<\/td>\n<\/tr>\n<tr>\n<td>086<\/td>\n<td>F_Spckl Belly Clkng<\/td>\n<td>148<\/td>\n<\/tr>\n<tr>\n<td>087<\/td>\n<td>F_Wood Duck Squeal<\/td>\n<td>149<\/td>\n<\/tr>\n<tr>\n<td>088<\/td>\n<td>F_Wood Duck Whine<\/td>\n<td>150<\/td>\n<\/tr>\n<tr>\n<td>089<\/td>\n<td>F_Cals Fed Siren<\/td>\n<td>160<\/td>\n<\/tr>\n<tr>\n<td>090<\/td>\n<td>F_Siren 2<\/td>\n<td>161<\/td>\n<\/tr>\n<tr>\n<td>091<\/td>\n<td>F_Coyote Hurt Pup<\/td>\n<td>179<\/td>\n<\/tr>\n<tr>\n<td>092<\/td>\n<td>F_Lone Howl<\/td>\n<td>186<\/td>\n<\/tr>\n<tr>\n<td>093<\/td>\n<td>F_Interrogation Howl<\/td>\n<td>187<\/td>\n<\/tr>\n<tr>\n<td>094<\/td>\n<td>F_Female Invitation 2<\/td>\n<td>188<\/td>\n<\/tr>\n<tr>\n<td>095<\/td>\n<td>F_Coyote Lonesome Howl<\/td>\n<td>189<\/td>\n<\/tr>\n<tr>\n<td>096<\/td>\n<td>F_Moose Thrashing<\/td>\n<td>190<\/td>\n<\/tr>\n<tr>\n<td>097<\/td>\n<td>F_Moose Bull<\/td>\n<td>191<\/td>\n<\/tr>\n<tr>\n<td>098<\/td>\n<td>F_Moose Urinating<\/td>\n<td>192<\/td>\n<\/tr>\n<tr>\n<td>099<\/td>\n<td>F_Moose Cow 3<\/td>\n<td>194<\/td>\n<\/tr>\n<tr>\n<td>100<\/td>\n<td>F_Hyper Moose Cow<\/td>\n<td>196<\/td>\n<\/tr>\n<tr>\n<td>101<\/td>\n<td>F_Light Sparring<\/td>\n<td>199<\/td>\n<\/tr>\n<tr>\n<td>102<\/td>\n<td>F_Buck Fight<\/td>\n<td>200<\/td>\n<\/tr>\n<tr>\n<td>103<\/td>\n<td>F_Antler Rattling<\/td>\n<td>201<\/td>\n<\/tr>\n<tr>\n<td>104<\/td>\n<td>F_Buck Grunts<\/td>\n<td>202<\/td>\n<\/tr>\n<tr>\n<td>105<\/td>\n<td>F_Doe Estrous Bleat<\/td>\n<td>203<\/td>\n<\/tr>\n<tr>\n<td>106<\/td>\n<td>F_Tending Grunt<\/td>\n<td>204<\/td>\n<\/tr>\n<tr>\n<td>107<\/td>\n<td>F_Buck Snort Whz<\/td>\n<td>205<\/td>\n<\/tr>\n<tr>\n<td>108<\/td>\n<td>F_Siren<\/td>\n<td>206<\/td>\n<\/tr>\n<tr>\n<td>109<\/td>\n<td>F_Coyote Pup Distress 1<\/td>\n<td>209<\/td>\n<\/tr>\n<tr>\n<td>110<\/td>\n<td>F_Coyote Interrogation Howl<\/td>\n<td>211<\/td>\n<\/tr>\n<tr>\n<td>111<\/td>\n<td>F_Coyote Male Challenge<\/td>\n<td>212<\/td>\n<\/tr>\n<tr>\n<td>112<\/td>\n<td>F_Coyote Female Invitation<\/td>\n<td>213<\/td>\n<\/tr>\n<tr>\n<td>113<\/td>\n<td>F_Coyote KIYI<\/td>\n<td>218<\/td>\n<\/tr>\n<tr>\n<td>114<\/td>\n<td>F_Bobcat in Heat<\/td>\n<td>230<\/td>\n<\/tr>\n<tr>\n<td>115<\/td>\n<td>F_Kiss of Death<\/td>\n<td>250<\/td>\n<\/tr>\n<tr>\n<td>116<\/td>\n<td>F_Moose OOH-WAH<\/td>\n<td>262<\/td>\n<\/tr>\n<tr>\n<td>117<\/td>\n<td>F_Moose Cow 1<\/td>\n<td>263<\/td>\n<\/tr>\n<tr>\n<td>118<\/td>\n<td>F_Moose Rattling<\/td>\n<td>264<\/td>\n<\/tr>\n<tr>\n<td>119<\/td>\n<td>F_Ugly Crow<\/td>\n<td>273<\/td>\n<\/tr>\n<tr>\n<td>120<\/td>\n<td>F_Crow+Owl Fight<\/td>\n<td>277<\/td>\n<\/tr>\n<tr>\n<td>121<\/td>\n<td>F_Barred Owl<\/td>\n<td>282<\/td>\n<\/tr>\n<tr>\n<td>122<\/td>\n<td>F_Lost Hen<\/td>\n<td>286<\/td>\n<\/tr>\n<tr>\n<td>123<\/td>\n<td>F_KEE KEE<\/td>\n<td>287<\/td>\n<\/tr>\n<tr>\n<td>124<\/td>\n<td>F_Flydown Cackle<\/td>\n<td>288<\/td>\n<\/tr>\n<tr>\n<td>125<\/td>\n<td>F_Turkey Purrs<\/td>\n<td>289<\/td>\n<\/tr>\n<tr>\n<td>126<\/td>\n<td>F_Snow Goose Single<\/td>\n<td>299<\/td>\n<\/tr>\n<tr>\n<td>127<\/td>\n<td>F_Snow Gs Lrg Flock<\/td>\n<td>301<\/td>\n<\/tr>\n<tr>\n<td>128<\/td>\n<td>F_Snow Goose Hail<\/td>\n<td>302<\/td>\n<\/tr>\n<tr>\n<td>129<\/td>\n<td>F_Snow Goose Dbl<\/td>\n<td>303<\/td>\n<\/tr>\n<tr>\n<td>130<\/td>\n<td>F_Can Gse Cmbck 1<\/td>\n<td>304<\/td>\n<\/tr>\n<tr>\n<td>131<\/td>\n<td>F_Can Gse Cmbck 2<\/td>\n<td>305<\/td>\n<\/tr>\n<tr>\n<td>132<\/td>\n<td>F_Can Gse Cmbck 3<\/td>\n<td>306<\/td>\n<\/tr>\n<tr>\n<td>133<\/td>\n<td>F_Can Gse Lydwn 1<\/td>\n<td>309<\/td>\n<\/tr>\n<tr>\n<td>134<\/td>\n<td>F_Can Gse Lydwn 2<\/td>\n<td>310<\/td>\n<\/tr>\n<tr>\n<td>135<\/td>\n<td>F_Can Gse Lydwn 3<\/td>\n<td>312<\/td>\n<\/tr>\n<tr>\n<td>136<\/td>\n<td>F_Can Gse Lydwn 4<\/td>\n<td>313<\/td>\n<\/tr>\n<tr>\n<td>137<\/td>\n<td>F_Pinteal Whistle<\/td>\n<td>314<\/td>\n<\/tr>\n<tr>\n<td>138<\/td>\n<td>F_Green Wing Teal<\/td>\n<td>315<\/td>\n<\/tr>\n<tr>\n<td>139<\/td>\n<td>F_Widgeon<\/td>\n<td>316<\/td>\n<\/tr>\n<tr>\n<td>140<\/td>\n<td>F_Spckle Bel Cmbck<\/td>\n<td>317<\/td>\n<\/tr>\n<tr>\n<td>141<\/td>\n<td>F_Spckle Bel Greet<\/td>\n<td>318<\/td>\n<\/tr>\n<tr>\n<td>142<\/td>\n<td>F_Elk Estrous<\/td>\n<td>401<\/td>\n<\/tr>\n<tr>\n<td>143<\/td>\n<td>F_Elk Calf<\/td>\n<td>402<\/td>\n<\/tr>\n<tr>\n<td>144<\/td>\n<td>F_Excited Hen Yelps<\/td>\n<td>450<\/td>\n<\/tr>\n<tr>\n<td>145<\/td>\n<td>F_Young Hen Yelps<\/td>\n<td>451<\/td>\n<\/tr>\n<tr>\n<td>146<\/td>\n<td>F_Raspy Hen Yelps<\/td>\n<td>452<\/td>\n<\/tr>\n<tr>\n<td>147<\/td>\n<td>F_Tree Yelps<\/td>\n<td>453<\/td>\n<\/tr>\n<tr>\n<td>148<\/td>\n<td>F_Turkey Cuts<\/td>\n<td>454<\/td>\n<\/tr>\n<tr>\n<td>149<\/td>\n<td>F_Fighting Purrs<\/td>\n<td>455<\/td>\n<\/tr>\n<tr>\n<td>150<\/td>\n<td>F_Squirrel Barks<\/td>\n<td>501<\/td>\n<\/tr>\n<tr>\n<td>151<\/td>\n<td>F_Mouse Squeaker<\/td>\n<td>514<\/td>\n<\/tr>\n<tr>\n<td>152<\/td>\n<td>F_Chirping Coaxer<\/td>\n<td>515<\/td>\n<\/tr>\n<tr>\n<td>153<\/td>\n<td>F_Luscious Lips<\/td>\n<td>516<\/td>\n<\/tr>\n<tr>\n<td>154<\/td>\n<td>F_High Freq Squeak<\/td>\n<td>517<\/td>\n<\/tr>\n<tr>\n<td>155<\/td>\n<td>F_Freaky Squeaks<\/td>\n<td>518<\/td>\n<\/tr>\n<tr>\n<td>156<\/td>\n<td>F_Fox Whistle<\/td>\n<td>519<\/td>\n<\/tr>\n<tr>\n<td>157<\/td>\n<td>F_MM Lone Wolf<\/td>\n<td>550<\/td>\n<\/tr>\n<tr>\n<td>158<\/td>\n<td>F_MM Passive Coyote Howl<\/td>\n<td>551<\/td>\n<\/tr>\n<tr>\n<td>159<\/td>\n<td>F_MM Coyote Pup Howl<\/td>\n<td>552<\/td>\n<\/tr>\n<tr>\n<td>160<\/td>\n<td>F_MM Coyote Bark Growls<\/td>\n<td>553<\/td>\n<\/tr>\n<tr>\n<td>161<\/td>\n<td>F_MM Coyote Barks<\/td>\n<td>554<\/td>\n<\/tr>\n<tr>\n<td>162<\/td>\n<td>F_MM Coyote Challenge<\/td>\n<td>555<\/td>\n<\/tr>\n<tr>\n<td>163<\/td>\n<td>F_MM Coyote Challenge Howl<\/td>\n<td>556<\/td>\n<\/tr>\n<tr>\n<td>164<\/td>\n<td>F_MM Coyote Growls<\/td>\n<td>557<\/td>\n<\/tr>\n<tr>\n<td>165<\/td>\n<td>F_MM Dog Brawl<\/td>\n<td>558<\/td>\n<\/tr>\n<tr>\n<td>166<\/td>\n<td>F_MM Young KiYi<\/td>\n<td>559<\/td>\n<\/tr>\n<tr>\n<td>167<\/td>\n<td>F_MM Adult KiYi<\/td>\n<td>560<\/td>\n<\/tr>\n<tr>\n<td>168<\/td>\n<td>F_MM Baby Raccoon Distress<\/td>\n<td>561<\/td>\n<\/tr>\n<tr>\n<td>169<\/td>\n<td>F_MM Raccoon Fight<\/td>\n<td>562<\/td>\n<\/tr>\n<tr>\n<td>170<\/td>\n<td>F_MM Kittens<\/td>\n<td>563<\/td>\n<\/tr>\n<tr>\n<td>171<\/td>\n<td>F_MM Barn Cat Distress<\/td>\n<td>564<\/td>\n<\/tr>\n<tr>\n<td>172<\/td>\n<td>F_MM Cottontail Distress<\/td>\n<td>565<\/td>\n<\/tr>\n<tr>\n<td>173<\/td>\n<td>F_MM Jackrabbit Distress<\/td>\n<td>566<\/td>\n<\/tr>\n<tr>\n<td>174<\/td>\n<td>F_MM Lamb Distress<\/td>\n<td>567<\/td>\n<\/tr>\n<tr>\n<td>175<\/td>\n<td>F_MM Hurt N Hog<\/td>\n<td>568<\/td>\n<\/tr>\n<tr>\n<td>176<\/td>\n<td>F_MM Pileated Woodpecker<\/td>\n<td>569<\/td>\n<\/tr>\n<tr>\n<td>177<\/td>\n<td>F_MM Moose Calf 1<\/td>\n<td>570<\/td>\n<\/tr>\n<tr>\n<td>178<\/td>\n<td>F_MM Moose Calf 2<\/td>\n<td>571<\/td>\n<\/tr>\n<tr>\n<td>179<\/td>\n<td>F_MM Crow Distress<\/td>\n<td>572<\/td>\n<\/tr>\n<tr>\n<td>180<\/td>\n<td>F_MM Crows<\/td>\n<td>573<\/td>\n<\/tr>\n<tr>\n<td>181<\/td>\n<td>F_MM Young Buck Grunt<\/td>\n<td>574<\/td>\n<\/tr>\n<tr>\n<td>182<\/td>\n<td>F_MM Tending Grunt<\/td>\n<td>575<\/td>\n<\/tr>\n<tr>\n<td>183<\/td>\n<td>F_MM Tending Grunt Finish<\/td>\n<td>576<\/td>\n<\/tr>\n<tr>\n<td>184<\/td>\n<td>F_MM Mature Buck Grunt<\/td>\n<td>577<\/td>\n<\/tr>\n<\/tbody>\n<\/table>\n","protected":false},"excerpt":{"rendered":"<p>FOXPRO Hellcat \u00e4r en allt-i-ett-attrapp och digital spelljudenhet som \u00e4r liten och b\u00e4rbar, vilket g\u00f6r den till ett utm\u00e4rkt val f\u00f6r nyb\u00f6rjare med en budget. Den levereras som standard med 175+ h\u00f6gkvalitativa FOXPRO-ljud (75 Premium Sounds plus FOXPRO:s Free Sound Library) som t\u00e4cker en m\u00e4ngd olika arter, n\u00f6dljud och l\u00e4ten och kan lagra upp till [&#8230;]\n","protected":false},"featured_media":286792,"comment_status":"open","ping_status":"closed","template":"","meta":[],"product_brand":[],"product_cat":[2855],"product_tag":[],"class_list":{"0":"post-286791","1":"product","2":"type-product","3":"status-publish","4":"has-post-thumbnail","6":"product_cat-elektroniska-lockjakter","8":"first","9":"onbackorder","10":"taxable","11":"shipping-taxable","12":"purchasable","13":"product-type-simple"},"composite_virtual":false,"composite_layout":"","composite_add_to_cart_form_location":"","composite_editable_in_cart":false,"composite_sold_individually_context":"","composite_shop_price_calc":"","composite_components":[],"composite_scenarios":[],"group_of_quantity":0,"min_quantity":0,"max_quantity":"","exclude_order_quantity_value_rules":"no","exclude_category_quantity_rules":"no","combine_variations":"no","exclude_global_add_ons":[],"addons":[],"_links":{"self":[{"href":"https:\/\/www.huntersfriend.eu\/sv\/wp-json\/wp\/v2\/product\/286791","targetHints":{"allow":["GET"]}}],"collection":[{"href":"https:\/\/www.huntersfriend.eu\/sv\/wp-json\/wp\/v2\/product"}],"about":[{"href":"https:\/\/www.huntersfriend.eu\/sv\/wp-json\/wp\/v2\/types\/product"}],"replies":[{"embeddable":true,"href":"https:\/\/www.huntersfriend.eu\/sv\/wp-json\/wp\/v2\/comments?post=286791"}],"wp:featuredmedia":[{"embeddable":true,"href":"https:\/\/www.huntersfriend.eu\/sv\/wp-json\/wp\/v2\/media\/286792"}],"wp:attachment":[{"href":"https:\/\/www.huntersfriend.eu\/sv\/wp-json\/wp\/v2\/media?parent=286791"}],"wp:term":[{"taxonomy":"product_brand","embeddable":true,"href":"https:\/\/www.huntersfriend.eu\/sv\/wp-json\/wp\/v2\/product_brand?post=286791"},{"taxonomy":"product_cat","embeddable":true,"href":"https:\/\/www.huntersfriend.eu\/sv\/wp-json\/wp\/v2\/product_cat?post=286791"},{"taxonomy":"product_tag","embeddable":true,"href":"https:\/\/www.huntersfriend.eu\/sv\/wp-json\/wp\/v2\/product_tag?post=286791"}],"curies":[{"name":"wp","href":"https:\/\/api.w.org\/{rel}","templated":true}]}}