{"id":286790,"date":"2024-02-07T01:20:18","date_gmt":"2024-02-06T23:20:18","guid":{"rendered":"https:\/\/www.huntersfriend.eu\/product\/lava-vakuumforpackare-tatningsringar-v-100-v-300\/"},"modified":"2025-08-26T11:41:06","modified_gmt":"2025-08-26T09:41:06","slug":"lava-vakuumforpackare-tatningsringar-v-100-v-300","status":"publish","type":"product","link":"https:\/\/www.huntersfriend.eu\/sv\/produkt\/lava-vakuumforpackare-tatningsringar-v-100-v-300\/","title":{"rendered":"Lava vakuumf\u00f6rpackare t\u00e4tningsringar &#8211; v.100 &#8211; v.300"},"content":{"rendered":"<p><span class=\"jCAhz ChMk0b\"><span class=\"ryNqvb\">Lava vakuummaskin t\u00e4tningar.<\/span><\/span> <span class=\"jCAhz ChMk0b\"><span class=\"ryNqvb\">2 t\u00e4tningar i f\u00f6rpackningen.<\/span><\/span> <span class=\"jCAhz ChMk0b\"><span class=\"ryNqvb\">L\u00e4mplig f\u00f6r V.100 &#8211; V.300 modeller.<\/span><\/span><\/p>\n","protected":false},"excerpt":{"rendered":"<p>Lava vakuummaskin t\u00e4tningar. 2 t\u00e4tningar i f\u00f6rpackningen. L\u00e4mplig f\u00f6r V.100 &#8211; V.300 modeller.<\/p>\n","protected":false},"featured_media":265887,"comment_status":"open","ping_status":"closed","template":"","meta":[],"product_brand":[],"product_cat":[2747],"product_tag":[],"class_list":{"0":"post-286790","1":"product","2":"type-product","3":"status-publish","4":"has-post-thumbnail","6":"product_cat-vakuumforpackare-och-kottkvarnar","8":"first","9":"instock","10":"taxable","11":"shipping-taxable","12":"purchasable","13":"product-type-simple"},"composite_virtual":false,"composite_layout":"","composite_add_to_cart_form_location":"","composite_editable_in_cart":false,"composite_sold_individually_context":"","composite_shop_price_calc":"","composite_components":[],"composite_scenarios":[],"group_of_quantity":0,"min_quantity":0,"max_quantity":"","exclude_order_quantity_value_rules":"no","exclude_category_quantity_rules":"no","combine_variations":"no","exclude_global_add_ons":[],"addons":[],"_links":{"self":[{"href":"https:\/\/www.huntersfriend.eu\/sv\/wp-json\/wp\/v2\/product\/286790","targetHints":{"allow":["GET"]}}],"collection":[{"href":"https:\/\/www.huntersfriend.eu\/sv\/wp-json\/wp\/v2\/product"}],"about":[{"href":"https:\/\/www.huntersfriend.eu\/sv\/wp-json\/wp\/v2\/types\/product"}],"replies":[{"embeddable":true,"href":"https:\/\/www.huntersfriend.eu\/sv\/wp-json\/wp\/v2\/comments?post=286790"}],"wp:featuredmedia":[{"embeddable":true,"href":"https:\/\/www.huntersfriend.eu\/sv\/wp-json\/wp\/v2\/media\/265887"}],"wp:attachment":[{"href":"https:\/\/www.huntersfriend.eu\/sv\/wp-json\/wp\/v2\/media?parent=286790"}],"wp:term":[{"taxonomy":"product_brand","embeddable":true,"href":"https:\/\/www.huntersfriend.eu\/sv\/wp-json\/wp\/v2\/product_brand?post=286790"},{"taxonomy":"product_cat","embeddable":true,"href":"https:\/\/www.huntersfriend.eu\/sv\/wp-json\/wp\/v2\/product_cat?post=286790"},{"taxonomy":"product_tag","embeddable":true,"href":"https:\/\/www.huntersfriend.eu\/sv\/wp-json\/wp\/v2\/product_tag?post=286790"}],"curies":[{"name":"wp","href":"https:\/\/api.w.org\/{rel}","templated":true}]}}