{"id":286761,"date":"2024-02-07T01:20:08","date_gmt":"2024-02-06T23:20:08","guid":{"rendered":"https:\/\/www.huntersfriend.eu\/product\/hylje-action-light-overall-original\/"},"modified":"2025-09-08T06:50:55","modified_gmt":"2025-09-08T04:50:55","slug":"hylje-action-light-overall-original","status":"publish","type":"product","link":"https:\/\/www.huntersfriend.eu\/sv\/produkt\/hylje-action-light-overall-original\/","title":{"rendered":"HYLJE action light -overall original"},"content":{"rendered":"<p>HYLJE Action Light \u00e4r den l\u00e4ttaste overallen i HYLJE-produktfamiljen. Den blockerar effektivt vind och vatten samtidigt som den till\u00e5ter fukt att komma ut, tack vare sin ventilerande design. Med en stark polyamidbas \u00e4r Action Lights tyg anm\u00e4rkningsv\u00e4rt slitstarkt och t\u00e5ligt med tanke p\u00e5 dess vikt. Tack vare sin starka polyamidbas \u00e4r Action Lights tyg anm\u00e4rkningsv\u00e4rt slitstarkt och t\u00e5ligt i f\u00f6rh\u00e5llande till dess vikt. Som en allround-overall \u00e4r Action Light perfekt f\u00f6r aktiva vildmarks\u00e4lskare, hundpromenerare, v\u00e5rfiskare, j\u00e4gare, fiskare, b\u00f6nder, g\u00e5rdsarbetare, barnomsorgspersonal utomhus och alla som beh\u00f6ver v\u00e4rme i svalt v\u00e4der eller skydd mot vind och sn\u00f6blandat regn. Det \u00e4r ocks\u00e5 ett utm\u00e4rkt plagg f\u00f6r isbadare \u2013 sl\u00e4ng bara p\u00e5 lite merinoull under efter simningen och k\u00f6r!     <\/p>\n<p>Den ultral\u00e4tta och rymliga HYLJE Action Light \u00e4r l\u00e4tt att ta p\u00e5 sig, och flera lager kan b\u00e4ras under om det beh\u00f6vs. Detta g\u00f6r Action Light l\u00e4mplig som ett yttre lager \u00e4ven i h\u00e5rdare kallt v\u00e4der. Denna overall \u00e4r dock l\u00e4tt vadderad, s\u00e5 de som ofta r\u00f6r sig i extrem kyla b\u00f6r \u00f6verv\u00e4ga ett tjockare alternativ.  <\/p>\n<p>De v\u00e4lbekanta h\u00e4ngslena som finns i alla HYLJE-overaller h\u00e5ller Action Light stadigt p\u00e5 plats och hj\u00e4lper till att s\u00e4kerst\u00e4lla en bekv\u00e4m passform. Action Light har flera fickor, vilket m\u00f6jligg\u00f6r bekv\u00e4m f\u00f6rvaring av sm\u00e5 f\u00f6rem\u00e5l. Halvb\u00e4ltet kan dras \u00e5t runt midjan om s\u00e5 \u00f6nskas, men det kan ocks\u00e5 l\u00e4mnas l\u00f6sare f\u00f6r en mer avslappnad passform. D-ringarna i midjan g\u00f6r det enkelt att h\u00e4nga verktyg, en hundgodisp\u00e5se, en mugg eller vad man nu vill ha l\u00e4ttillg\u00e4ngligt.   <\/p>\n<p>Den kompakta HYLJE Action Light, som f\u00e5r plats i ett litet utrymme, \u00e4r utm\u00e4rkt utrustning f\u00f6r vildmarks\u00e4lskare eftersom den ocks\u00e5 fungerar som ett f\u00f6rstklassigt lager f\u00f6r pauser n\u00e4r det beh\u00f6vs. Packad i en liten overallv\u00e4ska kan Action Light b\u00e4ras i en vandrares ryggs\u00e4ck och kommer utan tvekan att ge v\u00e4rme under pauser vid l\u00e4gerelden. <\/p>\n<p>Viktiga funktioner:<\/p>\n<ul>\n<li>L\u00e4ttvikt<\/li>\n<li>Vindt\u00e4t<\/li>\n<li>Vattenavvisande<\/li>\n<li>Andningsbar<\/li>\n<li>H\u00e5llbar<\/li>\n<li>M\u00e5ngsidig<\/li>\n<li>Liten packvolym: l\u00e4tt att b\u00e4ra och f\u00f6rvara<\/li>\n<\/ul>\n<p>\u00d6vers\u00e4ttningen av storlekstermerna i storlekstabellen \u00e4r f\u00f6ljande (i cm)<\/p>\n<p>Storlek&#8212;&#8211; br\u00f6st &#8212;-midja&#8212;&#8212;inners\u00f6m<\/p>\n","protected":false},"excerpt":{"rendered":"<p>HYLJE Action Light \u00e4r den l\u00e4ttaste overallen i HYLJE-produktfamiljen. Den blockerar effektivt vind och vatten samtidigt som den till\u00e5ter fukt att komma ut, tack vare sin ventilerande design. Med en stark polyamidbas \u00e4r Action Lights tyg anm\u00e4rkningsv\u00e4rt slitstarkt och t\u00e5ligt med tanke p\u00e5 dess vikt. Tack vare sin starka polyamidbas \u00e4r Action Lights tyg anm\u00e4rkningsv\u00e4rt [&#8230;]\n","protected":false},"featured_media":286767,"comment_status":"open","ping_status":"closed","template":"","meta":[],"product_brand":[],"product_cat":[2846],"product_tag":[],"class_list":{"0":"post-286761","1":"product","2":"type-product","3":"status-publish","4":"has-post-thumbnail","6":"product_cat-overaller","8":"first","9":"instock","10":"taxable","11":"shipping-taxable","12":"purchasable","13":"product-type-variable"},"composite_virtual":false,"composite_layout":"","composite_add_to_cart_form_location":"","composite_editable_in_cart":false,"composite_sold_individually_context":"","composite_shop_price_calc":"","composite_components":[],"composite_scenarios":[],"group_of_quantity":0,"min_quantity":0,"max_quantity":"","exclude_order_quantity_value_rules":"no","exclude_category_quantity_rules":"no","combine_variations":"no","exclude_global_add_ons":[],"addons":[],"_links":{"self":[{"href":"https:\/\/www.huntersfriend.eu\/sv\/wp-json\/wp\/v2\/product\/286761","targetHints":{"allow":["GET"]}}],"collection":[{"href":"https:\/\/www.huntersfriend.eu\/sv\/wp-json\/wp\/v2\/product"}],"about":[{"href":"https:\/\/www.huntersfriend.eu\/sv\/wp-json\/wp\/v2\/types\/product"}],"replies":[{"embeddable":true,"href":"https:\/\/www.huntersfriend.eu\/sv\/wp-json\/wp\/v2\/comments?post=286761"}],"wp:featuredmedia":[{"embeddable":true,"href":"https:\/\/www.huntersfriend.eu\/sv\/wp-json\/wp\/v2\/media\/286767"}],"wp:attachment":[{"href":"https:\/\/www.huntersfriend.eu\/sv\/wp-json\/wp\/v2\/media?parent=286761"}],"wp:term":[{"taxonomy":"product_brand","embeddable":true,"href":"https:\/\/www.huntersfriend.eu\/sv\/wp-json\/wp\/v2\/product_brand?post=286761"},{"taxonomy":"product_cat","embeddable":true,"href":"https:\/\/www.huntersfriend.eu\/sv\/wp-json\/wp\/v2\/product_cat?post=286761"},{"taxonomy":"product_tag","embeddable":true,"href":"https:\/\/www.huntersfriend.eu\/sv\/wp-json\/wp\/v2\/product_tag?post=286761"}],"curies":[{"name":"wp","href":"https:\/\/api.w.org\/{rel}","templated":true}]}}