{"id":286745,"date":"2024-02-07T01:14:37","date_gmt":"2024-02-06T23:14:37","guid":{"rendered":"https:\/\/www.huntersfriend.eu\/product\/anar-flame-800-ml-termosflaska\/"},"modified":"2025-08-26T11:41:03","modified_gmt":"2025-08-26T09:41:03","slug":"anar-flame-800-ml-termosflaska","status":"publish","type":"product","link":"https:\/\/www.huntersfriend.eu\/sv\/produkt\/anar-flame-800-ml-termosflaska\/","title":{"rendered":"Anar flame 800 ml termosflaska"},"content":{"rendered":"<p>Viktiga funktioner:<\/p>\n<ul>\n<li>Dubbelv\u00e4ggig vakuumisolering f\u00f6r varma och kalla drycker<\/li>\n<li>H\u00e5llbart livsmedelsklassat 18\/8 rostfritt st\u00e5l yttre och inre skal + BPA-fria delar<\/li>\n<li>L\u00e4ttviktig, kompakt och portabel design<\/li>\n<li>Svetts\u00e4ker design l\u00e4mnar inga vattenringar<\/li>\n<li>Bred \u00f6ppning f\u00f6r enkel p\u00e5fyllning och reng\u00f6ring<\/li>\n<li>L\u00e4ckages\u00e4ker, idealisk f\u00f6r kallt vatten och sportdrycker<\/li>\n<li>Storlek: 0,8 L<\/li>\n<\/ul>\n","protected":false},"excerpt":{"rendered":"<p>Viktiga funktioner: Dubbelv\u00e4ggig vakuumisolering f\u00f6r varma och kalla drycker H\u00e5llbart livsmedelsklassat 18\/8 rostfritt st\u00e5l yttre och inre skal + BPA-fria delar L\u00e4ttviktig, kompakt och portabel design Svetts\u00e4ker design l\u00e4mnar inga vattenringar Bred \u00f6ppning f\u00f6r enkel p\u00e5fyllning och reng\u00f6ring L\u00e4ckages\u00e4ker, idealisk f\u00f6r kallt vatten och sportdrycker Storlek: 0,8 L<\/p>\n","protected":false},"featured_media":286746,"comment_status":"open","ping_status":"closed","template":"","meta":[],"product_brand":[],"product_cat":[2567],"product_tag":[],"class_list":{"0":"post-286745","1":"product","2":"type-product","3":"status-publish","4":"has-post-thumbnail","6":"product_cat-campingtillbehor","8":"first","9":"instock","10":"taxable","11":"shipping-taxable","12":"purchasable","13":"product-type-simple"},"composite_virtual":false,"composite_layout":"","composite_add_to_cart_form_location":"","composite_editable_in_cart":false,"composite_sold_individually_context":"","composite_shop_price_calc":"","composite_components":[],"composite_scenarios":[],"group_of_quantity":0,"min_quantity":0,"max_quantity":"","exclude_order_quantity_value_rules":"no","exclude_category_quantity_rules":"no","combine_variations":"no","exclude_global_add_ons":[],"addons":[],"_links":{"self":[{"href":"https:\/\/www.huntersfriend.eu\/sv\/wp-json\/wp\/v2\/product\/286745","targetHints":{"allow":["GET"]}}],"collection":[{"href":"https:\/\/www.huntersfriend.eu\/sv\/wp-json\/wp\/v2\/product"}],"about":[{"href":"https:\/\/www.huntersfriend.eu\/sv\/wp-json\/wp\/v2\/types\/product"}],"replies":[{"embeddable":true,"href":"https:\/\/www.huntersfriend.eu\/sv\/wp-json\/wp\/v2\/comments?post=286745"}],"wp:featuredmedia":[{"embeddable":true,"href":"https:\/\/www.huntersfriend.eu\/sv\/wp-json\/wp\/v2\/media\/286746"}],"wp:attachment":[{"href":"https:\/\/www.huntersfriend.eu\/sv\/wp-json\/wp\/v2\/media?parent=286745"}],"wp:term":[{"taxonomy":"product_brand","embeddable":true,"href":"https:\/\/www.huntersfriend.eu\/sv\/wp-json\/wp\/v2\/product_brand?post=286745"},{"taxonomy":"product_cat","embeddable":true,"href":"https:\/\/www.huntersfriend.eu\/sv\/wp-json\/wp\/v2\/product_cat?post=286745"},{"taxonomy":"product_tag","embeddable":true,"href":"https:\/\/www.huntersfriend.eu\/sv\/wp-json\/wp\/v2\/product_tag?post=286745"}],"curies":[{"name":"wp","href":"https:\/\/api.w.org\/{rel}","templated":true}]}}