{"id":286744,"date":"2024-02-07T01:20:14","date_gmt":"2024-02-06T23:20:14","guid":{"rendered":"https:\/\/www.huntersfriend.eu\/product\/polyver-classic-vinterstovel\/"},"modified":"2025-08-26T11:41:03","modified_gmt":"2025-08-26T09:41:03","slug":"polyver-classic-vinterstovel","status":"publish","type":"product","link":"https:\/\/www.huntersfriend.eu\/sv\/produkt\/polyver-classic-vinterstovel\/","title":{"rendered":"Polyver Classic vinterst\u00f6vel"},"content":{"rendered":"<p>Polyver Winter Classic-st\u00f6vlarna \u00e4r l\u00e4tta och helt vattent\u00e4ta, vilket g\u00f6r dem idealiska f\u00f6r vinterns naturvandringar, sn\u00f6arbete och isfisketurer. St\u00f6vlarna \u00e4r tillverkade av polyuretan, \u00e4r s\u00f6ml\u00f6sa och exceptionellt varma. Den styva yttersulan ger stabilitet. Innerfodret \u00e4r en varm och snabbtorkande blandning av akryl och ull. Tillverkad i Sverige.    <\/p>\n<p>Viktiga funktioner:<\/p>\n<ul>\n<li>L\u00e4mplig f\u00f6r olika utomhusaktiviteter<\/li>\n<li>40 % l\u00e4ttare \u00e4n st\u00f6vlar av gummi eller PVC<\/li>\n<li>Beh\u00e5ller flexibiliteten \u00e4ven i l\u00e5ga temperaturer<\/li>\n<li>100 % vattent\u00e4t \u2013 inga s\u00f6mmar<\/li>\n<li>Styv yttersula f\u00f6r stabilitet och st\u00f6td\u00e4mpning<\/li>\n<li>Ergonomisk design st\u00f6der fotleden<\/li>\n<li>Varmt foder med akryl-ullblandning som torkar snabbt<\/li>\n<li>Thermo+-isolering ger utm\u00e4rkt skydd mot kyla fr\u00e5n +10 \u00b0C till -40 \u00b0C<\/li>\n<li>Greppv\u00e4nlig sula<\/li>\n<li>F\u00e4rg: svart<\/li>\n<\/ul>\n","protected":false},"excerpt":{"rendered":"<p>Polyver Winter Classic-st\u00f6vlarna \u00e4r l\u00e4tta och helt vattent\u00e4ta, vilket g\u00f6r dem idealiska f\u00f6r vinterns naturvandringar, sn\u00f6arbete och isfisketurer. St\u00f6vlarna \u00e4r tillverkade av polyuretan, \u00e4r s\u00f6ml\u00f6sa och exceptionellt varma. Den styva yttersulan ger stabilitet. Innerfodret \u00e4r en varm och snabbtorkande blandning av akryl och ull. Tillverkad i Sverige. Viktiga funktioner: L\u00e4mplig f\u00f6r olika utomhusaktiviteter 40 % [&#8230;]\n","protected":false},"featured_media":286748,"comment_status":"open","ping_status":"closed","template":"","meta":[],"product_brand":[],"product_cat":[2679,2666],"product_tag":[],"class_list":{"0":"post-286744","1":"product","2":"type-product","3":"status-publish","4":"has-post-thumbnail","6":"product_cat-gummistovlar","7":"product_cat-vinterjaktkangor","8":"product_shipping_class-medium-sv","10":"first","11":"instock","12":"taxable","13":"shipping-taxable","14":"purchasable","15":"product-type-variable"},"composite_virtual":false,"composite_layout":"","composite_add_to_cart_form_location":"","composite_editable_in_cart":false,"composite_sold_individually_context":"","composite_shop_price_calc":"","composite_components":[],"composite_scenarios":[],"group_of_quantity":0,"min_quantity":0,"max_quantity":"","exclude_order_quantity_value_rules":"no","exclude_category_quantity_rules":"no","combine_variations":"no","exclude_global_add_ons":[],"addons":[],"_links":{"self":[{"href":"https:\/\/www.huntersfriend.eu\/sv\/wp-json\/wp\/v2\/product\/286744","targetHints":{"allow":["GET"]}}],"collection":[{"href":"https:\/\/www.huntersfriend.eu\/sv\/wp-json\/wp\/v2\/product"}],"about":[{"href":"https:\/\/www.huntersfriend.eu\/sv\/wp-json\/wp\/v2\/types\/product"}],"replies":[{"embeddable":true,"href":"https:\/\/www.huntersfriend.eu\/sv\/wp-json\/wp\/v2\/comments?post=286744"}],"wp:featuredmedia":[{"embeddable":true,"href":"https:\/\/www.huntersfriend.eu\/sv\/wp-json\/wp\/v2\/media\/286748"}],"wp:attachment":[{"href":"https:\/\/www.huntersfriend.eu\/sv\/wp-json\/wp\/v2\/media?parent=286744"}],"wp:term":[{"taxonomy":"product_brand","embeddable":true,"href":"https:\/\/www.huntersfriend.eu\/sv\/wp-json\/wp\/v2\/product_brand?post=286744"},{"taxonomy":"product_cat","embeddable":true,"href":"https:\/\/www.huntersfriend.eu\/sv\/wp-json\/wp\/v2\/product_cat?post=286744"},{"taxonomy":"product_tag","embeddable":true,"href":"https:\/\/www.huntersfriend.eu\/sv\/wp-json\/wp\/v2\/product_tag?post=286744"}],"curies":[{"name":"wp","href":"https:\/\/api.w.org\/{rel}","templated":true}]}}