{"id":286730,"date":"2024-02-07T01:14:33","date_gmt":"2024-02-06T23:14:33","guid":{"rendered":"https:\/\/www.huntersfriend.eu\/product\/kottkrok-60-kg\/"},"modified":"2025-08-26T11:41:02","modified_gmt":"2025-08-26T09:41:02","slug":"kottkrok-60-kg","status":"publish","type":"product","link":"https:\/\/www.huntersfriend.eu\/sv\/produkt\/kottkrok-60-kg\/","title":{"rendered":"K\u00f6ttkrok 60 kg"},"content":{"rendered":"<p>K\u00f6ttkrokar tillverkade av rostfritt st\u00e5l.<\/p>\n<p>60 kg, l\u00e4ngd 160 mm, diameter 6 mm.<\/p>\n","protected":false},"excerpt":{"rendered":"<p>K\u00f6ttkrokar tillverkade av rostfritt st\u00e5l. 60 kg, l\u00e4ngd 160 mm, diameter 6 mm.<\/p>\n","protected":false},"featured_media":286743,"comment_status":"open","ping_status":"closed","template":"","meta":[],"product_brand":[],"product_cat":[2721],"product_tag":[],"class_list":{"0":"post-286730","1":"product","2":"type-product","3":"status-publish","4":"has-post-thumbnail","6":"product_cat-hantering-och-bearbetning-av-vilt","8":"first","9":"instock","10":"taxable","11":"shipping-taxable","12":"purchasable","13":"product-type-simple"},"composite_virtual":false,"composite_layout":"","composite_add_to_cart_form_location":"","composite_editable_in_cart":false,"composite_sold_individually_context":"","composite_shop_price_calc":"","composite_components":[],"composite_scenarios":[],"group_of_quantity":0,"min_quantity":0,"max_quantity":"","exclude_order_quantity_value_rules":"no","exclude_category_quantity_rules":"no","combine_variations":"no","exclude_global_add_ons":[],"addons":[],"_links":{"self":[{"href":"https:\/\/www.huntersfriend.eu\/sv\/wp-json\/wp\/v2\/product\/286730","targetHints":{"allow":["GET"]}}],"collection":[{"href":"https:\/\/www.huntersfriend.eu\/sv\/wp-json\/wp\/v2\/product"}],"about":[{"href":"https:\/\/www.huntersfriend.eu\/sv\/wp-json\/wp\/v2\/types\/product"}],"replies":[{"embeddable":true,"href":"https:\/\/www.huntersfriend.eu\/sv\/wp-json\/wp\/v2\/comments?post=286730"}],"wp:featuredmedia":[{"embeddable":true,"href":"https:\/\/www.huntersfriend.eu\/sv\/wp-json\/wp\/v2\/media\/286743"}],"wp:attachment":[{"href":"https:\/\/www.huntersfriend.eu\/sv\/wp-json\/wp\/v2\/media?parent=286730"}],"wp:term":[{"taxonomy":"product_brand","embeddable":true,"href":"https:\/\/www.huntersfriend.eu\/sv\/wp-json\/wp\/v2\/product_brand?post=286730"},{"taxonomy":"product_cat","embeddable":true,"href":"https:\/\/www.huntersfriend.eu\/sv\/wp-json\/wp\/v2\/product_cat?post=286730"},{"taxonomy":"product_tag","embeddable":true,"href":"https:\/\/www.huntersfriend.eu\/sv\/wp-json\/wp\/v2\/product_tag?post=286730"}],"curies":[{"name":"wp","href":"https:\/\/api.w.org\/{rel}","templated":true}]}}