{"id":286702,"date":"2024-02-07T01:14:28","date_gmt":"2024-02-06T23:14:28","guid":{"rendered":"https:\/\/www.huntersfriend.eu\/product\/svala-merino-extreme-troja-med-dragkedja-i-halsen\/"},"modified":"2025-08-26T11:40:54","modified_gmt":"2025-08-26T09:40:54","slug":"svala-merino-extreme-troja-med-dragkedja-i-halsen","status":"publish","type":"product","link":"https:\/\/www.huntersfriend.eu\/sv\/produkt\/svala-merino-extreme-troja-med-dragkedja-i-halsen\/","title":{"rendered":"Svala merino extreme tr\u00f6ja med dragkedja i halsen"},"content":{"rendered":"<p>Denna l\u00e5ng\u00e4rmade tr\u00f6ja med vertikal krage \u00e4r v\u00e5r klassiker fr\u00e5n nittiotalet. Tr\u00f6jan har \u00e4ven en dragkedjef\u00f6rsedd, vindskyddad \u00f6ppning framtill vid kragen. \u00c5tsittande \u00e4rmar. Tr\u00f6jans f\u00e5ll \u00e4r l\u00e4ngre baktill f\u00f6r extra komfort. Stickningen har en teknisk tv\u00e5lagersstruktur med ett inre lager av fukttransporterande polypropen och ett yttre lager av SuperWash- och malskyddad merinoull. Merinoull \u00e4r naturligt antibakteriell och f\u00f6rhindrar uppkomsten av obehagliga lukter. Dessutom har den naturligt utm\u00e4rkta v\u00e4rmelagrings- och fukttransporterande egenskaper. L\u00e5ngfibrig merinoull kliar inte heller som vanlig ull. Alla s\u00f6mmar \u00e4r flatlocks\u00f6mmar, s\u00e5 produkten \u00e4r bekv\u00e4m att b\u00e4ra och trycker eller skaver inte mot huden.        <\/p>\n<p class=\"p2\">75 % merinoull (mulesing-fri), 22 % polypropen, 3 % polyamid<span class=\"Apple-converted-space\"> <\/span><\/p>\n<p>Vikt: 200 g\/m2<\/p>\n<p>Tillverkad i Finland<\/p>\n","protected":false},"excerpt":{"rendered":"<p>Denna l\u00e5ng\u00e4rmade tr\u00f6ja med vertikal krage \u00e4r v\u00e5r klassiker fr\u00e5n nittiotalet. Tr\u00f6jan har \u00e4ven en dragkedjef\u00f6rsedd, vindskyddad \u00f6ppning framtill vid kragen. \u00c5tsittande \u00e4rmar. Tr\u00f6jans f\u00e5ll \u00e4r l\u00e4ngre baktill f\u00f6r extra komfort. Stickningen har en teknisk tv\u00e5lagersstruktur med ett inre lager av fukttransporterande polypropen och ett yttre lager av SuperWash- och malskyddad merinoull. Merinoull \u00e4r naturligt [&#8230;]\n","protected":false},"featured_media":286707,"comment_status":"open","ping_status":"closed","template":"","meta":[],"product_brand":[],"product_cat":[2580],"product_tag":[],"class_list":{"0":"post-286702","1":"product","2":"type-product","3":"status-publish","4":"has-post-thumbnail","6":"product_cat-lager-pa-lager","8":"first","9":"instock","10":"taxable","11":"shipping-taxable","12":"purchasable","13":"product-type-variable"},"composite_virtual":false,"composite_layout":"","composite_add_to_cart_form_location":"","composite_editable_in_cart":false,"composite_sold_individually_context":"","composite_shop_price_calc":"","composite_components":[],"composite_scenarios":[],"group_of_quantity":0,"min_quantity":0,"max_quantity":"","exclude_order_quantity_value_rules":"no","exclude_category_quantity_rules":"no","combine_variations":"no","exclude_global_add_ons":[],"addons":[],"_links":{"self":[{"href":"https:\/\/www.huntersfriend.eu\/sv\/wp-json\/wp\/v2\/product\/286702","targetHints":{"allow":["GET"]}}],"collection":[{"href":"https:\/\/www.huntersfriend.eu\/sv\/wp-json\/wp\/v2\/product"}],"about":[{"href":"https:\/\/www.huntersfriend.eu\/sv\/wp-json\/wp\/v2\/types\/product"}],"replies":[{"embeddable":true,"href":"https:\/\/www.huntersfriend.eu\/sv\/wp-json\/wp\/v2\/comments?post=286702"}],"wp:featuredmedia":[{"embeddable":true,"href":"https:\/\/www.huntersfriend.eu\/sv\/wp-json\/wp\/v2\/media\/286707"}],"wp:attachment":[{"href":"https:\/\/www.huntersfriend.eu\/sv\/wp-json\/wp\/v2\/media?parent=286702"}],"wp:term":[{"taxonomy":"product_brand","embeddable":true,"href":"https:\/\/www.huntersfriend.eu\/sv\/wp-json\/wp\/v2\/product_brand?post=286702"},{"taxonomy":"product_cat","embeddable":true,"href":"https:\/\/www.huntersfriend.eu\/sv\/wp-json\/wp\/v2\/product_cat?post=286702"},{"taxonomy":"product_tag","embeddable":true,"href":"https:\/\/www.huntersfriend.eu\/sv\/wp-json\/wp\/v2\/product_tag?post=286702"}],"curies":[{"name":"wp","href":"https:\/\/api.w.org\/{rel}","templated":true}]}}